{"id":28621,"date":"2020-07-03T11:00:40","date_gmt":"2020-07-03T11:00:40","guid":{"rendered":"https:\/\/radiojingles24.com\/?page_id=28621"},"modified":"2020-07-20T08:55:35","modified_gmt":"2020-07-20T08:55:35","slug":"how-to-create-a-jingle","status":"publish","type":"page","link":"https:\/\/radiojingles24.com\/it\/how-to-create-a-jingle\/","title":{"rendered":"Come creare un jingle"},"content":{"rendered":"<h1>Come creare un jingle<\/h1>\n<p><span style=\"font-weight: 400;\">Hai cercato un modo per concludere il tuo programma radiofonico, ma non sei riuscito a trovare l&#039;outro perfetto? Sarai felice di sapere che la tua ricerca \u00e8 giunta al termine. Lavorando con Radio Jingles 24, hai un&#039;azienda che sarebbe pi\u00f9 che felice di aiutarti. Il nostro talentuoso team di professionisti \u00e8 esperto in una serie di aree diverse, quindi siamo pi\u00f9 che in grado di soddisfare le esigenze dei nostri clienti. Per quelli di voi che desiderano saperne di pi\u00f9, sentitevi liberi di contattare uno dei nostri rappresentanti, il nostro sito web <\/span><a href=\"https:\/\/radiojingles24.com\/it\/contact-us\/\"><span style=\"font-weight: 400;\">pagina dei contatti<\/span><\/a><span style=\"font-weight: 400;\"> contiene tutte le informazioni pertinenti e possiamo rispondere a qualsiasi domanda tu possa avere. <\/span><span style=\"font-weight: 400;\"><br \/>\n<\/span><span style=\"font-weight: 400;\"><br \/>\n<\/span><b>Cos&#039;\u00e8 un jingle?<\/b><span style=\"font-weight: 400;\"><br \/>\n<\/span><span style=\"font-weight: 400;\"><br \/>\n<\/span><span style=\"font-weight: 400;\">Per chiunque non lo sapesse, un jingle \u00e8 uno strumento moderno all&#039;interno del marketing, che viene utilizzato in modo tale da pubblicizzare un particolare servizio o prodotto. Questi di solito incorporano lo slogan di un&#039;azienda nel jingle, in quanto ci\u00f2 consente anche di migliorare il riconoscimento generale del marchio. Molte aziende scelgono di coinvolgere organizzazioni di terze parti per creare questi jingle, poich\u00e9 esse stesse non sono consapevoli di come creare un jingle. Se questa \u00e8 la situazione in cui ti trovi, non cercare oltre Radio Jingles 24 per chiedere aiuto.<\/span><span style=\"font-weight: 400;\"><br \/>\n<\/span><span style=\"font-weight: 400;\"><br \/>\n<\/span><b>Quali servizi forniamo?<\/b><span style=\"font-weight: 400;\"><br \/>\n<\/span><span style=\"font-weight: 400;\"><br \/>\n<\/span><span style=\"font-weight: 400;\">Comprendiamo che a causa della natura di nicchia dei nostri servizi, \u00e8 probabile che ci siano innumerevoli clienti che vengono da noi senza alcuna conoscenza preliminare di come creare un jingle. Quando vieni da noi per quanto riguarda i jingle, ti vengono presentate due opzioni: puoi utilizzare uno dei nostri artisti della voce fuori campo per creare un classico <\/span><a href=\"https:\/\/radiojingles24.com\/it\/prodotto\/spoken-audio\/\"><span style=\"font-weight: 400;\">jingle di parole parlate<\/span><\/a><span style=\"font-weight: 400;\">, oppure puoi optare per una versione pi\u00f9 moderna con un jingle che contiene <\/span><a href=\"https:\/\/radiojingles24.com\/it\/prodotto\/sung-audio\/\"><span style=\"font-weight: 400;\">cantando<\/span><\/a><span style=\"font-weight: 400;\">. Con ogni opzione, ti verr\u00e0 data l&#039;opportunit\u00e0 di scegliere un cantante; ci sono vari campioni di ciascuno dei membri del nostro team, quindi puoi fare una scelta informata. Da l\u00ec, sarai in grado di scegliere lo stile di jingle che desideri creare.\u00a0<\/span><\/p>\n<p><span style=\"font-weight: 400;\"><br \/>\n<\/span><b>Perch\u00e9 dovresti lavorare con Radio Jingles 24?<\/b><span style=\"font-weight: 400;\"><br \/>\n<\/span><span style=\"font-weight: 400;\"><br \/>\n<\/span><span style=\"font-weight: 400;\">Quando vieni a Radio Jingles 24, hai la possibilit\u00e0 di lavorare con un&#039;azienda che ha avuto il privilegio di lavorare su vari progetti nel corso degli anni. Un team che per la maggior parte ha lavorato nelle radio commerciali per decenni, e lo sa perfettamente. Un team che sa cosa funziona e cosa no quando si tratta di imaging! Queste esperienze ci hanno permesso di affinare le nostre capacit\u00e0 sul campo e siamo considerati esperti nell&#039;arte di saper creare un jingle. Abbiamo un&#039;eccellente reputazione per il nostro servizio clienti e l&#039;affidabilit\u00e0, che siamo molto orgogliosi di sostenere con ogni cliente con cui lavoriamo.\u00a0<\/span><\/p>\n<p><span style=\"font-weight: 400;\">Se desideri parlare con un membro del nostro team della creazione di un jingle, saremo pi\u00f9 che felici di aiutarti. Non esitare a inviare un&#039;e-mail a <\/span><a href=\"mailto:info@radiojingles24.com\"><span style=\"font-weight: 400;\">info@radiojingles24.com<\/span><\/a><span style=\"font-weight: 400;\">, oppure puoi compilare il modulo di contatto sul nostro <\/span><a href=\"https:\/\/radiojingles24.com\/it\/contact-us\/\"><span style=\"font-weight: 400;\">sito web<\/span><\/a><span style=\"font-weight: 400;\">. Includi tutte le tue informazioni rilevanti e qualcuno ti ricontatter\u00e0, rispondendo a qualsiasi domanda tu possa avere. <\/span><span style=\"font-weight: 400;\"><br \/>\n<\/span><\/p>","protected":false},"excerpt":{"rendered":"<p>Come creare un Jingle Hai cercato un modo per firmare il tuo programma radiofonico, ma non sei stato in grado di...<\/p>","protected":false},"author":1,"featured_media":0,"parent":0,"menu_order":0,"comment_status":"closed","ping_status":"closed","template":"","meta":{"_exactmetrics_skip_tracking":false,"_exactmetrics_sitenote_active":false,"_exactmetrics_sitenote_note":"","_exactmetrics_sitenote_category":0,"footnotes":""},"class_list":["post-28621","page","type-page","status-publish"],"yoast_head":"<!-- This site is optimized with the Yoast SEO plugin v26.8 - https:\/\/yoast.com\/product\/yoast-seo-wordpress\/ -->\n<title>Radio Jingles 24: Radio Jingles | DJ Drops | Podcast Intros | Sung Jingles<\/title>\n<meta name=\"description\" content=\"Radio Jingles, Sung Jingles, DJ Drops, and Podcast Intros for commercial, community and internet radio stations. UK Based. Prices from \u00a35. Order online.\" \/>\n<meta name=\"robots\" content=\"index, follow, max-snippet:-1, max-image-preview:large, max-video-preview:-1\" \/>\n<link rel=\"canonical\" href=\"https:\/\/radiojingles24.com\/it\/how-to-create-a-jingle\/\" \/>\n<meta property=\"og:locale\" content=\"it_IT\" \/>\n<meta property=\"og:type\" content=\"article\" \/>\n<meta property=\"og:title\" content=\"Radio Jingles 24: Radio Jingles | DJ Drops | Podcast Intros | Sung Jingles\" \/>\n<meta property=\"og:description\" content=\"Radio Jingles, Sung Jingles, DJ Drops, and Podcast Intros for commercial, community and internet radio stations. UK Based. Prices from \u00a35. Order online.\" \/>\n<meta property=\"og:url\" content=\"https:\/\/radiojingles24.com\/it\/how-to-create-a-jingle\/\" \/>\n<meta property=\"og:site_name\" content=\"Radio Jingles 24: Radio Jingles | DJ Drops | Podcast Intros | Sung Jingles\" \/>\n<meta property=\"article:publisher\" content=\"https:\/\/www.facebook.com\/radiojingles24\/\" \/>\n<meta property=\"article:modified_time\" content=\"2020-07-20T08:55:35+00:00\" \/>\n<meta name=\"twitter:card\" content=\"summary_large_image\" \/>\n<meta name=\"twitter:site\" content=\"@radiojingles24\" \/>\n<meta name=\"twitter:label1\" content=\"Tempo di lettura stimato\" \/>\n\t<meta name=\"twitter:data1\" content=\"3 minuti\" \/>\n<script type=\"application\/ld+json\" class=\"yoast-schema-graph\">{\"@context\":\"https:\/\/schema.org\",\"@graph\":[{\"@type\":\"WebPage\",\"@id\":\"https:\/\/radiojingles24.com\/how-to-create-a-jingle\/\",\"url\":\"https:\/\/radiojingles24.com\/how-to-create-a-jingle\/\",\"name\":\"Radio Jingles 24: Radio Jingles | DJ Drops | Podcast Intros | Sung Jingles\",\"isPartOf\":{\"@id\":\"https:\/\/radiojingles24.com\/#website\"},\"datePublished\":\"2020-07-03T11:00:40+00:00\",\"dateModified\":\"2020-07-20T08:55:35+00:00\",\"description\":\"Radio Jingles, Sung Jingles, DJ Drops, and Podcast Intros for commercial, community and internet radio stations. UK Based. Prices from \u00a35. Order online.\",\"breadcrumb\":{\"@id\":\"https:\/\/radiojingles24.com\/how-to-create-a-jingle\/#breadcrumb\"},\"inLanguage\":\"it-IT\",\"potentialAction\":[{\"@type\":\"ReadAction\",\"target\":[\"https:\/\/radiojingles24.com\/how-to-create-a-jingle\/\"]}]},{\"@type\":\"BreadcrumbList\",\"@id\":\"https:\/\/radiojingles24.com\/how-to-create-a-jingle\/#breadcrumb\",\"itemListElement\":[{\"@type\":\"ListItem\",\"position\":1,\"name\":\"Home\",\"item\":\"https:\/\/radiojingles24.com\/de\/\"},{\"@type\":\"ListItem\",\"position\":2,\"name\":\"How to Create a Jingle\"}]},{\"@type\":\"WebSite\",\"@id\":\"https:\/\/radiojingles24.com\/#website\",\"url\":\"https:\/\/radiojingles24.com\/\",\"name\":\"Radio Jingles 24: Radio Jingles | DJ Drops | Podcast Intros | Sung Jingles\",\"description\":\"Radio Jingles, Sung Jingles, DJ Drops, and Podcast Intros for commercial, community and internet radio stations. UK Based. Prices from \u00a35. Order online.\",\"publisher\":{\"@id\":\"https:\/\/radiojingles24.com\/#organization\"},\"potentialAction\":[{\"@type\":\"SearchAction\",\"target\":{\"@type\":\"EntryPoint\",\"urlTemplate\":\"https:\/\/radiojingles24.com\/?s={search_term_string}\"},\"query-input\":{\"@type\":\"PropertyValueSpecification\",\"valueRequired\":true,\"valueName\":\"search_term_string\"}}],\"inLanguage\":\"it-IT\"},{\"@type\":\"Organization\",\"@id\":\"https:\/\/radiojingles24.com\/#organization\",\"name\":\"Radio Jingles 24\",\"url\":\"https:\/\/radiojingles24.com\/\",\"logo\":{\"@type\":\"ImageObject\",\"inLanguage\":\"it-IT\",\"@id\":\"https:\/\/radiojingles24.com\/#\/schema\/logo\/image\/\",\"url\":\"https:\/\/radiojingles24.com\/wp-content\/uploads\/2019\/11\/RadioJingle1-1.jpg\",\"contentUrl\":\"https:\/\/radiojingles24.com\/wp-content\/uploads\/2019\/11\/RadioJingle1-1.jpg\",\"width\":512,\"height\":158,\"caption\":\"Radio Jingles 24\"},\"image\":{\"@id\":\"https:\/\/radiojingles24.com\/#\/schema\/logo\/image\/\"},\"sameAs\":[\"https:\/\/www.facebook.com\/radiojingles24\/\",\"https:\/\/x.com\/radiojingles24\"]}]}<\/script>\n<!-- \/ Yoast SEO plugin. -->","yoast_head_json":{"title":"Radio Jingles 24: Radio Jingles | DJ Drops | Introduzione ai podcast | Jingles cantati","description":"Jingles radiofonici, Jingles cantati, DJ Drops e Podcast Intro per stazioni radio commerciali, comunitarie e Internet. Con sede nel Regno Unito. Prezzi a partire da \u00a3 5. Ordinare on-line.","robots":{"index":"index","follow":"follow","max-snippet":"max-snippet:-1","max-image-preview":"max-image-preview:large","max-video-preview":"max-video-preview:-1"},"canonical":"https:\/\/radiojingles24.com\/it\/how-to-create-a-jingle\/","og_locale":"it_IT","og_type":"article","og_title":"Radio Jingles 24: Radio Jingles | DJ Drops | Podcast Intros | Sung Jingles","og_description":"Radio Jingles, Sung Jingles, DJ Drops, and Podcast Intros for commercial, community and internet radio stations. UK Based. Prices from \u00a35. Order online.","og_url":"https:\/\/radiojingles24.com\/it\/how-to-create-a-jingle\/","og_site_name":"Radio Jingles 24: Radio Jingles | DJ Drops | Podcast Intros | Sung Jingles","article_publisher":"https:\/\/www.facebook.com\/radiojingles24\/","article_modified_time":"2020-07-20T08:55:35+00:00","twitter_card":"summary_large_image","twitter_site":"@radiojingles24","twitter_misc":{"Tempo di lettura stimato":"3 minuti"},"schema":{"@context":"https:\/\/schema.org","@graph":[{"@type":"WebPage","@id":"https:\/\/radiojingles24.com\/how-to-create-a-jingle\/","url":"https:\/\/radiojingles24.com\/how-to-create-a-jingle\/","name":"Radio Jingles 24: Radio Jingles | DJ Drops | Introduzione ai podcast | Jingles cantati","isPartOf":{"@id":"https:\/\/radiojingles24.com\/#website"},"datePublished":"2020-07-03T11:00:40+00:00","dateModified":"2020-07-20T08:55:35+00:00","description":"Jingles radiofonici, Jingles cantati, DJ Drops e Podcast Intro per stazioni radio commerciali, comunitarie e Internet. Con sede nel Regno Unito. Prezzi a partire da \u00a3 5. Ordinare on-line.","breadcrumb":{"@id":"https:\/\/radiojingles24.com\/how-to-create-a-jingle\/#breadcrumb"},"inLanguage":"it-IT","potentialAction":[{"@type":"ReadAction","target":["https:\/\/radiojingles24.com\/how-to-create-a-jingle\/"]}]},{"@type":"BreadcrumbList","@id":"https:\/\/radiojingles24.com\/how-to-create-a-jingle\/#breadcrumb","itemListElement":[{"@type":"ListItem","position":1,"name":"Home","item":"https:\/\/radiojingles24.com\/de\/"},{"@type":"ListItem","position":2,"name":"How to Create a Jingle"}]},{"@type":"WebSite","@id":"https:\/\/radiojingles24.com\/#website","url":"https:\/\/radiojingles24.com\/","name":"Radio Jingles 24: Radio Jingles | DJ Drops | Introduzione ai podcast | Jingles cantati","description":"Jingles radiofonici, Jingles cantati, DJ Drops e Podcast Intro per stazioni radio commerciali, comunitarie e Internet. Con sede nel Regno Unito. Prezzi a partire da \u00a3 5. Ordinare on-line.","publisher":{"@id":"https:\/\/radiojingles24.com\/#organization"},"potentialAction":[{"@type":"SearchAction","target":{"@type":"EntryPoint","urlTemplate":"https:\/\/radiojingles24.com\/?s={search_term_string}"},"query-input":{"@type":"PropertyValueSpecification","valueRequired":true,"valueName":"search_term_string"}}],"inLanguage":"it-IT"},{"@type":"Organization","@id":"https:\/\/radiojingles24.com\/#organization","name":"Jingle radio 24","url":"https:\/\/radiojingles24.com\/","logo":{"@type":"ImageObject","inLanguage":"it-IT","@id":"https:\/\/radiojingles24.com\/#\/schema\/logo\/image\/","url":"https:\/\/radiojingles24.com\/wp-content\/uploads\/2019\/11\/RadioJingle1-1.jpg","contentUrl":"https:\/\/radiojingles24.com\/wp-content\/uploads\/2019\/11\/RadioJingle1-1.jpg","width":512,"height":158,"caption":"Radio Jingles 24"},"image":{"@id":"https:\/\/radiojingles24.com\/#\/schema\/logo\/image\/"},"sameAs":["https:\/\/www.facebook.com\/radiojingles24\/","https:\/\/x.com\/radiojingles24"]}]}},"jetpack_sharing_enabled":true,"_links":{"self":[{"href":"https:\/\/radiojingles24.com\/it\/wp-json\/wp\/v2\/pages\/28621","targetHints":{"allow":["GET"]}}],"collection":[{"href":"https:\/\/radiojingles24.com\/it\/wp-json\/wp\/v2\/pages"}],"about":[{"href":"https:\/\/radiojingles24.com\/it\/wp-json\/wp\/v2\/types\/page"}],"author":[{"embeddable":true,"href":"https:\/\/radiojingles24.com\/it\/wp-json\/wp\/v2\/users\/1"}],"replies":[{"embeddable":true,"href":"https:\/\/radiojingles24.com\/it\/wp-json\/wp\/v2\/comments?post=28621"}],"version-history":[{"count":2,"href":"https:\/\/radiojingles24.com\/it\/wp-json\/wp\/v2\/pages\/28621\/revisions"}],"predecessor-version":[{"id":28898,"href":"https:\/\/radiojingles24.com\/it\/wp-json\/wp\/v2\/pages\/28621\/revisions\/28898"}],"wp:attachment":[{"href":"https:\/\/radiojingles24.com\/it\/wp-json\/wp\/v2\/media?parent=28621"}],"curies":[{"name":"wp","href":"https:\/\/api.w.org\/{rel}","templated":true}]}}