{"id":28623,"date":"2020-07-03T11:04:32","date_gmt":"2020-07-03T11:04:32","guid":{"rendered":"https:\/\/radiojingles24.com\/?page_id=28623"},"modified":"2020-07-20T08:55:27","modified_gmt":"2020-07-20T08:55:27","slug":"online-jingle-maker","status":"publish","type":"page","link":"https:\/\/radiojingles24.com\/it\/online-jingle-maker\/","title":{"rendered":"Creatore di jingle online"},"content":{"rendered":"<h1>Creatore di jingle online<\/h1>\n<p><span style=\"font-weight: 400;\">Stai cercando un creatore di jingle online? Benvenuti a Radio Jingles 24. Siamo un&#039;azienda devota che ha pi\u00f9 di dieci anni di esperienza di qualit\u00e0 nella creazione di brani audio ipnotizzanti, sar\u00e0 difficile trovare un&#039;azienda che possa eguagliare i nostri servizi premium. Se desideri ulteriori informazioni su come possiamo essere di aiuto, utilizza le informazioni sul nostro sito web <\/span><a href=\"https:\/\/radiojingles24.com\/it\/contact-us\/\"><span style=\"font-weight: 400;\">pagina dei contatti<\/span><\/a><span style=\"font-weight: 400;\"> per contattare un membro del nostro team. Saremmo pi\u00f9 che felici di rispondere a qualsiasi domanda tu possa avere. <\/span><span style=\"font-weight: 400;\"><br \/>\n<\/span><span style=\"font-weight: 400;\"><br \/>\n<\/span><b>Perch\u00e9 dovresti acquistare un jingle?\u00a0<\/b><\/p>\n<p><span style=\"font-weight: 400;\">Anche se potresti non riconoscerlo, la verit\u00e0 \u00e8 questa: nel mondo della pubblicit\u00e0, \u00e8 difficile pensare a un modo migliore in cui commercializzare un prodotto o un servizio che attraverso l&#039;uso di un jingle accattivante. Indipendentemente dal fatto che sia trasmesso alla radio o alla televisione, potrai goderti immediatamente i premi se riuscirai a creare una melodia davvero contagiosa. Ricordare un prodotto \u00e8 pi\u00f9 facile quando \u00e8 associato a una melodia accattivante e a testi semplici e memorabili.\u00a0<\/span><\/p>\n<p><span style=\"font-weight: 400;\">Combinando elementi di musica, voci fuori campo ed effetti sonori, sei in grado di ottenere un prodotto finito che non solo migliora la reputazione del tuo marchio, ma migliora anche notevolmente il tuo riconoscimento in tutto il paese. Se stavi cercando un creatore di jingle online, perch\u00e9 non permetti a Radio Jingles 24 di aiutarti?\u00a0<\/span><\/p>\n<p><b>Cosa possiamo offrirti?<\/b><span style=\"font-weight: 400;\"><br \/>\n<\/span><span style=\"font-weight: 400;\"><br \/>\n<\/span><span style=\"font-weight: 400;\">Per noi non importa se desideri usufruire di uno dei nostri <\/span><a href=\"https:\/\/radiojingles24.com\/it\/categoria-prodotto\/dj-drops\/\"><span style=\"font-weight: 400;\">Pacchetti DJ<\/span><\/a><span style=\"font-weight: 400;\">, o stai cercando un modo memorabile in cui concludere il tuo <\/span><a href=\"https:\/\/radiojingles24.com\/it\/categoria-prodotto\/podcast-intro\/\"><span style=\"font-weight: 400;\">podcast<\/span><\/a><span style=\"font-weight: 400;\">. La nostra missione \u00e8 sempre stata quella di creare contenuti accattivanti che attirino il tuo pubblico. Possiamo aiutarti a creare il tuo jingle personalizzato e farlo consegnare entro 24 ore, 7 giorni alla settimana.\u00a0<\/span><\/p>\n<p><span style=\"font-weight: 400;\">Dopo aver ascoltato pi\u00f9 volte un jingle come parte di una campagna di marketing, i consumatori spesso creano la propria ripetizione, canticchiando la melodia o cantando le parole nella loro testa. I jingle di solito hanno anche una melodia musicale, il che significa che l&#039;ascoltatore ne trarr\u00e0 di pi\u00f9 quando ascolter\u00e0 la melodia orecchiabile suonata. Un buon jingle \u00e8 unico, divertente e, soprattutto, memorabile, che \u00e8 quando saremo in grado di assistere.<\/span><\/p>\n<p><b>Vuoi contattare Radio Jingles 24?\u00a0<\/b><\/p>\n<p><span style=\"font-weight: 400;\">Come organizzazione, abbiamo una reputazione eccezionale per il nostro servizio clienti e affidabilit\u00e0. Possiamo aiutare chiunque abbia bisogno di qualcosa che esprima rapidamente e professionalmente, poich\u00e9 comprendiamo completamente quanto sia importante il branding di un prodotto per distinguersi dalla massa e avere davvero un impatto. Niente rafforza la tua immagine come un messaggio coerente e di qualit\u00e0, quindi perch\u00e9 non entrare in contatto con un membro del nostro team?\u00a0<\/span><\/p>\n<p><span style=\"font-weight: 400;\">Per saperne di pi\u00f9 sul nostro creatore di jingle online e su altri servizi che possiamo offrire, non esitare a contattare Radio Jingles 24. Non esitare a inviare un&#039;e-mail a <\/span><a href=\"mailto:info@radiojingles24.com\"><span style=\"font-weight: 400;\">info@radiojingles24.com<\/span><\/a><span style=\"font-weight: 400;\"> oppure puoi compilare il modulo di contatto sul nostro <\/span><a href=\"https:\/\/radiojingles24.com\/it\/contact-us\/\"><span style=\"font-weight: 400;\">sito web<\/span><\/a><span style=\"font-weight: 400;\">e ti ricontatteremo il prima possibile.\u00a0<\/span><\/p>","protected":false},"excerpt":{"rendered":"<p>Jingle Maker online Stai cercando un Jingle Maker online? Benvenuti a Radio Jingles 24. Siamo un&#039;azienda devota che ha pi\u00f9...<\/p>","protected":false},"author":1,"featured_media":0,"parent":0,"menu_order":0,"comment_status":"closed","ping_status":"closed","template":"","meta":{"_exactmetrics_skip_tracking":false,"_exactmetrics_sitenote_active":false,"_exactmetrics_sitenote_note":"","_exactmetrics_sitenote_category":0,"footnotes":""},"class_list":["post-28623","page","type-page","status-publish"],"yoast_head":"<!-- This site is optimized with the Yoast SEO plugin v26.8 - https:\/\/yoast.com\/product\/yoast-seo-wordpress\/ -->\n<title>Radio Jingles 24: Radio Jingles | DJ Drops | Podcast Intros | Sung Jingles<\/title>\n<meta name=\"description\" content=\"Radio Jingles, Sung Jingles, DJ Drops, and Podcast Intros for commercial, community and internet radio stations. UK Based. Prices from \u00a35. Order online.\" \/>\n<meta name=\"robots\" content=\"index, follow, max-snippet:-1, max-image-preview:large, max-video-preview:-1\" \/>\n<link rel=\"canonical\" href=\"https:\/\/radiojingles24.com\/it\/online-jingle-maker\/\" \/>\n<meta property=\"og:locale\" content=\"it_IT\" \/>\n<meta property=\"og:type\" content=\"article\" \/>\n<meta property=\"og:title\" content=\"Radio Jingles 24: Radio Jingles | DJ Drops | Podcast Intros | Sung Jingles\" \/>\n<meta property=\"og:description\" content=\"Radio Jingles, Sung Jingles, DJ Drops, and Podcast Intros for commercial, community and internet radio stations. UK Based. Prices from \u00a35. Order online.\" \/>\n<meta property=\"og:url\" content=\"https:\/\/radiojingles24.com\/it\/online-jingle-maker\/\" \/>\n<meta property=\"og:site_name\" content=\"Radio Jingles 24: Radio Jingles | DJ Drops | Podcast Intros | Sung Jingles\" \/>\n<meta property=\"article:publisher\" content=\"https:\/\/www.facebook.com\/radiojingles24\/\" \/>\n<meta property=\"article:modified_time\" content=\"2020-07-20T08:55:27+00:00\" \/>\n<meta name=\"twitter:card\" content=\"summary_large_image\" \/>\n<meta name=\"twitter:site\" content=\"@radiojingles24\" \/>\n<meta name=\"twitter:label1\" content=\"Tempo di lettura stimato\" \/>\n\t<meta name=\"twitter:data1\" content=\"3 minuti\" \/>\n<script type=\"application\/ld+json\" class=\"yoast-schema-graph\">{\"@context\":\"https:\/\/schema.org\",\"@graph\":[{\"@type\":\"WebPage\",\"@id\":\"https:\/\/radiojingles24.com\/online-jingle-maker\/\",\"url\":\"https:\/\/radiojingles24.com\/online-jingle-maker\/\",\"name\":\"Radio Jingles 24: Radio Jingles | DJ Drops | Podcast Intros | Sung Jingles\",\"isPartOf\":{\"@id\":\"https:\/\/radiojingles24.com\/#website\"},\"datePublished\":\"2020-07-03T11:04:32+00:00\",\"dateModified\":\"2020-07-20T08:55:27+00:00\",\"description\":\"Radio Jingles, Sung Jingles, DJ Drops, and Podcast Intros for commercial, community and internet radio stations. UK Based. Prices from \u00a35. Order online.\",\"breadcrumb\":{\"@id\":\"https:\/\/radiojingles24.com\/online-jingle-maker\/#breadcrumb\"},\"inLanguage\":\"it-IT\",\"potentialAction\":[{\"@type\":\"ReadAction\",\"target\":[\"https:\/\/radiojingles24.com\/online-jingle-maker\/\"]}]},{\"@type\":\"BreadcrumbList\",\"@id\":\"https:\/\/radiojingles24.com\/online-jingle-maker\/#breadcrumb\",\"itemListElement\":[{\"@type\":\"ListItem\",\"position\":1,\"name\":\"Home\",\"item\":\"https:\/\/radiojingles24.com\/de\/\"},{\"@type\":\"ListItem\",\"position\":2,\"name\":\"Online Jingle Maker\"}]},{\"@type\":\"WebSite\",\"@id\":\"https:\/\/radiojingles24.com\/#website\",\"url\":\"https:\/\/radiojingles24.com\/\",\"name\":\"Radio Jingles 24: Radio Jingles | DJ Drops | Podcast Intros | Sung Jingles\",\"description\":\"Radio Jingles, Sung Jingles, DJ Drops, and Podcast Intros for commercial, community and internet radio stations. UK Based. Prices from \u00a35. Order online.\",\"publisher\":{\"@id\":\"https:\/\/radiojingles24.com\/#organization\"},\"potentialAction\":[{\"@type\":\"SearchAction\",\"target\":{\"@type\":\"EntryPoint\",\"urlTemplate\":\"https:\/\/radiojingles24.com\/?s={search_term_string}\"},\"query-input\":{\"@type\":\"PropertyValueSpecification\",\"valueRequired\":true,\"valueName\":\"search_term_string\"}}],\"inLanguage\":\"it-IT\"},{\"@type\":\"Organization\",\"@id\":\"https:\/\/radiojingles24.com\/#organization\",\"name\":\"Radio Jingles 24\",\"url\":\"https:\/\/radiojingles24.com\/\",\"logo\":{\"@type\":\"ImageObject\",\"inLanguage\":\"it-IT\",\"@id\":\"https:\/\/radiojingles24.com\/#\/schema\/logo\/image\/\",\"url\":\"https:\/\/radiojingles24.com\/wp-content\/uploads\/2019\/11\/RadioJingle1-1.jpg\",\"contentUrl\":\"https:\/\/radiojingles24.com\/wp-content\/uploads\/2019\/11\/RadioJingle1-1.jpg\",\"width\":512,\"height\":158,\"caption\":\"Radio Jingles 24\"},\"image\":{\"@id\":\"https:\/\/radiojingles24.com\/#\/schema\/logo\/image\/\"},\"sameAs\":[\"https:\/\/www.facebook.com\/radiojingles24\/\",\"https:\/\/x.com\/radiojingles24\"]}]}<\/script>\n<!-- \/ Yoast SEO plugin. -->","yoast_head_json":{"title":"Radio Jingles 24: Radio Jingles | DJ Drops | Introduzione ai podcast | Jingles cantati","description":"Jingles radiofonici, Jingles cantati, DJ Drops e Podcast Intro per stazioni radio commerciali, comunitarie e Internet. Con sede nel Regno Unito. Prezzi a partire da \u00a3 5. Ordinare on-line.","robots":{"index":"index","follow":"follow","max-snippet":"max-snippet:-1","max-image-preview":"max-image-preview:large","max-video-preview":"max-video-preview:-1"},"canonical":"https:\/\/radiojingles24.com\/it\/online-jingle-maker\/","og_locale":"it_IT","og_type":"article","og_title":"Radio Jingles 24: Radio Jingles | DJ Drops | Podcast Intros | Sung Jingles","og_description":"Radio Jingles, Sung Jingles, DJ Drops, and Podcast Intros for commercial, community and internet radio stations. UK Based. Prices from \u00a35. Order online.","og_url":"https:\/\/radiojingles24.com\/it\/online-jingle-maker\/","og_site_name":"Radio Jingles 24: Radio Jingles | DJ Drops | Podcast Intros | Sung Jingles","article_publisher":"https:\/\/www.facebook.com\/radiojingles24\/","article_modified_time":"2020-07-20T08:55:27+00:00","twitter_card":"summary_large_image","twitter_site":"@radiojingles24","twitter_misc":{"Tempo di lettura stimato":"3 minuti"},"schema":{"@context":"https:\/\/schema.org","@graph":[{"@type":"WebPage","@id":"https:\/\/radiojingles24.com\/online-jingle-maker\/","url":"https:\/\/radiojingles24.com\/online-jingle-maker\/","name":"Radio Jingles 24: Radio Jingles | DJ Drops | Introduzione ai podcast | Jingles cantati","isPartOf":{"@id":"https:\/\/radiojingles24.com\/#website"},"datePublished":"2020-07-03T11:04:32+00:00","dateModified":"2020-07-20T08:55:27+00:00","description":"Jingles radiofonici, Jingles cantati, DJ Drops e Podcast Intro per stazioni radio commerciali, comunitarie e Internet. Con sede nel Regno Unito. Prezzi a partire da \u00a3 5. Ordinare on-line.","breadcrumb":{"@id":"https:\/\/radiojingles24.com\/online-jingle-maker\/#breadcrumb"},"inLanguage":"it-IT","potentialAction":[{"@type":"ReadAction","target":["https:\/\/radiojingles24.com\/online-jingle-maker\/"]}]},{"@type":"BreadcrumbList","@id":"https:\/\/radiojingles24.com\/online-jingle-maker\/#breadcrumb","itemListElement":[{"@type":"ListItem","position":1,"name":"Home","item":"https:\/\/radiojingles24.com\/de\/"},{"@type":"ListItem","position":2,"name":"Online Jingle Maker"}]},{"@type":"WebSite","@id":"https:\/\/radiojingles24.com\/#website","url":"https:\/\/radiojingles24.com\/","name":"Radio Jingles 24: Radio Jingles | DJ Drops | Introduzione ai podcast | Jingles cantati","description":"Jingles radiofonici, Jingles cantati, DJ Drops e Podcast Intro per stazioni radio commerciali, comunitarie e Internet. Con sede nel Regno Unito. Prezzi a partire da \u00a3 5. Ordinare on-line.","publisher":{"@id":"https:\/\/radiojingles24.com\/#organization"},"potentialAction":[{"@type":"SearchAction","target":{"@type":"EntryPoint","urlTemplate":"https:\/\/radiojingles24.com\/?s={search_term_string}"},"query-input":{"@type":"PropertyValueSpecification","valueRequired":true,"valueName":"search_term_string"}}],"inLanguage":"it-IT"},{"@type":"Organization","@id":"https:\/\/radiojingles24.com\/#organization","name":"Jingle radio 24","url":"https:\/\/radiojingles24.com\/","logo":{"@type":"ImageObject","inLanguage":"it-IT","@id":"https:\/\/radiojingles24.com\/#\/schema\/logo\/image\/","url":"https:\/\/radiojingles24.com\/wp-content\/uploads\/2019\/11\/RadioJingle1-1.jpg","contentUrl":"https:\/\/radiojingles24.com\/wp-content\/uploads\/2019\/11\/RadioJingle1-1.jpg","width":512,"height":158,"caption":"Radio Jingles 24"},"image":{"@id":"https:\/\/radiojingles24.com\/#\/schema\/logo\/image\/"},"sameAs":["https:\/\/www.facebook.com\/radiojingles24\/","https:\/\/x.com\/radiojingles24"]}]}},"jetpack_sharing_enabled":true,"_links":{"self":[{"href":"https:\/\/radiojingles24.com\/it\/wp-json\/wp\/v2\/pages\/28623","targetHints":{"allow":["GET"]}}],"collection":[{"href":"https:\/\/radiojingles24.com\/it\/wp-json\/wp\/v2\/pages"}],"about":[{"href":"https:\/\/radiojingles24.com\/it\/wp-json\/wp\/v2\/types\/page"}],"author":[{"embeddable":true,"href":"https:\/\/radiojingles24.com\/it\/wp-json\/wp\/v2\/users\/1"}],"replies":[{"embeddable":true,"href":"https:\/\/radiojingles24.com\/it\/wp-json\/wp\/v2\/comments?post=28623"}],"version-history":[{"count":3,"href":"https:\/\/radiojingles24.com\/it\/wp-json\/wp\/v2\/pages\/28623\/revisions"}],"predecessor-version":[{"id":28897,"href":"https:\/\/radiojingles24.com\/it\/wp-json\/wp\/v2\/pages\/28623\/revisions\/28897"}],"wp:attachment":[{"href":"https:\/\/radiojingles24.com\/it\/wp-json\/wp\/v2\/media?parent=28623"}],"curies":[{"name":"wp","href":"https:\/\/api.w.org\/{rel}","templated":true}]}}