{"id":29928,"date":"2020-09-29T15:00:58","date_gmt":"2020-09-29T15:00:58","guid":{"rendered":"https:\/\/radiojingles24.com\/?page_id=29928"},"modified":"2020-09-29T15:00:58","modified_gmt":"2020-09-29T15:00:58","slug":"professional-catchy-jingle-maker","status":"publish","type":"page","link":"https:\/\/radiojingles24.com\/it\/professional-catchy-jingle-maker\/","title":{"rendered":"Jingle Maker professionale e accattivante"},"content":{"rendered":"<p><span style=\"font-weight: 400;\">Sei interessato a utilizzare un creatore di jingle professionale e accattivante? Benvenuto a <\/span><a href=\"https:\/\/radiojingles24.com\/it\/\"><span style=\"font-weight: 400;\">Jingle radio 24<\/span><\/a><span style=\"font-weight: 400;\">. Sia che tu voglia jingle parlati o cantati, offriamo servizi qualificati che sicuramente supereranno le tue aspettative. Abbiamo un&#039;ampia selezione di servizi tra cui scegliere in cui puoi lavorare con noi per creare un jingle emozionante e memorabile che piacer\u00e0 al tuo pubblico. Con il nostro aiuto, riceverai audio di alta qualit\u00e0 perfettamente personalizzati in base alle tue esigenze. Perch\u00e9 non contattarci oggi per vedere come possiamo aiutarti?<\/span><\/p>\n<h1><b>Jingle Maker professionale e accattivante<\/b><\/h1>\n<p><span style=\"font-weight: 400;\">Qui a Radio Jingles 24, capiamo che ogni cliente ha richieste diverse, motivo per cui facciamo sempre il possibile per fornire audio unici che possano aiutarti a distinguerti dal resto. Siamo un&#039;azienda specializzata che fornisce ai clienti in tutto il Regno Unito e negli Stati Uniti brani divertenti ed emozionanti che possono essere utilizzati per presentare il tuo <\/span><a href=\"https:\/\/radiojingles24.com\/it\/categoria-prodotto\/free-radio-jingles\/\"><span style=\"font-weight: 400;\">programma radiofonico<\/span><\/a><span style=\"font-weight: 400;\">, <\/span><a href=\"https:\/\/radiojingles24.com\/it\/categoria-prodotto\/podcast-intro\/\"><span style=\"font-weight: 400;\">podcast<\/span><\/a><span style=\"font-weight: 400;\"> o <\/span><a href=\"https:\/\/radiojingles24.com\/it\/categoria-prodotto\/commercial-production\/\"><span style=\"font-weight: 400;\">commerciale<\/span><\/a><span style=\"font-weight: 400;\">. I jingle sono essenzialmente un&#039;altra forma di marketing che viene utilizzata in vari modi per attirare e fidelizzare i clienti. Possono essere a cappella o includere musica con canzoni che contengono uno o pi\u00f9 ganci che ti consentono di promuovere il tuo marchio, il tuo spettacolo, ecc. \u00c8 qui che entra in gioco il nostro accattivante creatore di jingle. \u00c8 uno strumento estremamente versatile e rapido che crea audio impeccabili che ti vengono poi inviate in sole 24 ore.<\/span><\/p>\n<p>&nbsp;<\/p>\n<p><span style=\"font-weight: 400;\">In qualit\u00e0 di fornitore leader di jingle distintivi, utilizziamo un creatore di jingle esperto e accattivante insieme all&#039;aiuto di molti talenti <\/span><a href=\"https:\/\/radiojingles24.com\/it\/#voices\"><span style=\"font-weight: 400;\">doppiatori<\/span><\/a><span style=\"font-weight: 400;\"> che potrai ascoltare e scegliere. Questo ti dar\u00e0 la possibilit\u00e0 di scegliere la voce pi\u00f9 adatta che riflette il tuo marchio o la tua campagna. Consigliamo vivamente il nostro <\/span><a href=\"https:\/\/radiojingles24.com\/it\/prodotto\/sung-jingle-packages\/\"><span style=\"font-weight: 400;\">Pacchetti audio cantati<\/span><\/a><span style=\"font-weight: 400;\">. Questa \u00e8 una creazione di jingle conveniente che pu\u00f2 essere adattata per adattarsi al suono della tua stazione radio, sia che si tratti di AC \/ Hot AC, CHR o Oldies.\u00a0<\/span><\/p>\n<p>&nbsp;<\/p>\n<p><span style=\"font-weight: 400;\">I jingle saranno cantati dai nostri abili attori tra cui il tuo nome, marchio e slogan che potrai utilizzare per gli anni a venire. Tutto quello che devi fare \u00e8 inviarci la tua sceneggiatura tramite il nostro modulo online, includere eventuali istruzioni specifiche per il nostro team e possiamo quindi iniziare a utilizzare l&#039;accattivante creatore di jingle. L&#039;audio pu\u00f2 essere inviato in qualsiasi formato tu scelga come MP3, WAVE o AIFF a seconda delle tue preferenze. Possiamo anche includere qualsiasi audio a cappella, offrendoti pi\u00f9 jingle tra cui scegliere e consentendoti di ottenere il miglior rapporto qualit\u00e0-prezzo.\u00a0<\/span><\/p>\n<p>&nbsp;<\/p>\n<h2><b>In che modo un Jingle trasmetter\u00e0 il tuo messaggio?<\/b><\/h2>\n<p>&nbsp;<\/p>\n<p><span style=\"font-weight: 400;\">Non solo completeranno i tuoi spettacoli, ma il nostro accattivante creatore di jingle far\u00e0 in modo che il tuo audio sia facile da ricordare, permettendogli di coinvolgere il tuo pubblico e alla fine di farlo rimanere bloccato nelle loro teste. I jingle sono essenziali per tutte le aziende e le organizzazioni in quanto possono aiutare a rafforzare la tua immagine e fornirti una presenza rispettabile tra i tuoi ascoltatori. Jingles ha dimostrato di resistere alla prova del tempo, assistendo i grandi marchi nel corso degli anni, motivo per cui crediamo che questo sia un investimento utile da fare per supportare la tua attivit\u00e0.<\/span><\/p>\n<p><span style=\"font-weight: 400;\">Per saperne di pi\u00f9 sul nostro accattivante creatore di jingle, sentiti libero di <\/span><a href=\"https:\/\/radiojingles24.com\/it\/contact-us\/\"><span style=\"font-weight: 400;\">Contattaci<\/span><\/a><span style=\"font-weight: 400;\"> oggi e saremo pi\u00f9 che felici di discutere le vostre specifiche particolari. Per qualsiasi domanda, non esitare a chiamarci al nostro numero nel Regno Unito, +44 (0) 113 534 6686 o al nostro numero negli Stati Uniti, +1 (212) 710-1350 e il nostro team di assistenza clienti si metter\u00e0 presto in contatto con te per aiutarti . In alternativa, puoi inviarci un&#039;e-mail utilizzando <\/span><a href=\"mailto:info@radiojingles24.com\"><span style=\"font-weight: 400;\">info@radiojingles24.com<\/span><\/a><span style=\"font-weight: 400;\"> e possiamo fornirti tutte le ulteriori informazioni di cui hai bisogno<\/span><\/p>","protected":false},"excerpt":{"rendered":"<p>Sei interessato a utilizzare un creatore di jingle professionale e accattivante? Benvenuti a Radio Jingles 24. Sia che tu voglia jingle parlati o cantati, offriamo...<\/p>","protected":false},"author":1,"featured_media":0,"parent":0,"menu_order":0,"comment_status":"closed","ping_status":"closed","template":"","meta":{"_exactmetrics_skip_tracking":false,"_exactmetrics_sitenote_active":false,"_exactmetrics_sitenote_note":"","_exactmetrics_sitenote_category":0,"footnotes":""},"class_list":["post-29928","page","type-page","status-publish"],"yoast_head":"<!-- This site is optimized with the Yoast SEO plugin v26.8 - https:\/\/yoast.com\/product\/yoast-seo-wordpress\/ -->\n<title>Radio Jingles 24: Radio Jingles | DJ Drops | Podcast Intros | Sung Jingles<\/title>\n<meta name=\"description\" content=\"Radio Jingles, Sung Jingles, DJ Drops, and Podcast Intros for commercial, community and internet radio stations. UK Based. Prices from \u00a35. Order online.\" \/>\n<meta name=\"robots\" content=\"index, follow, max-snippet:-1, max-image-preview:large, max-video-preview:-1\" \/>\n<link rel=\"canonical\" href=\"https:\/\/radiojingles24.com\/it\/professional-catchy-jingle-maker\/\" \/>\n<meta property=\"og:locale\" content=\"it_IT\" \/>\n<meta property=\"og:type\" content=\"article\" \/>\n<meta property=\"og:title\" content=\"Radio Jingles 24: Radio Jingles | DJ Drops | Podcast Intros | Sung Jingles\" \/>\n<meta property=\"og:description\" content=\"Radio Jingles, Sung Jingles, DJ Drops, and Podcast Intros for commercial, community and internet radio stations. UK Based. Prices from \u00a35. Order online.\" \/>\n<meta property=\"og:url\" content=\"https:\/\/radiojingles24.com\/it\/professional-catchy-jingle-maker\/\" \/>\n<meta property=\"og:site_name\" content=\"Radio Jingles 24: Radio Jingles | DJ Drops | Podcast Intros | Sung Jingles\" \/>\n<meta property=\"article:publisher\" content=\"https:\/\/www.facebook.com\/radiojingles24\/\" \/>\n<meta name=\"twitter:card\" content=\"summary_large_image\" \/>\n<meta name=\"twitter:site\" content=\"@radiojingles24\" \/>\n<meta name=\"twitter:label1\" content=\"Tempo di lettura stimato\" \/>\n\t<meta name=\"twitter:data1\" content=\"3 minuti\" \/>\n<script type=\"application\/ld+json\" class=\"yoast-schema-graph\">{\"@context\":\"https:\/\/schema.org\",\"@graph\":[{\"@type\":\"WebPage\",\"@id\":\"https:\/\/radiojingles24.com\/de\/professional-catchy-jingle-maker\/\",\"url\":\"https:\/\/radiojingles24.com\/de\/professional-catchy-jingle-maker\/\",\"name\":\"Radio Jingles 24: Radio Jingles | DJ Drops | Podcast Intros | Sung Jingles\",\"isPartOf\":{\"@id\":\"https:\/\/radiojingles24.com\/#website\"},\"datePublished\":\"2020-09-29T15:00:58+00:00\",\"description\":\"Radio Jingles, Sung Jingles, DJ Drops, and Podcast Intros for commercial, community and internet radio stations. UK Based. Prices from \u00a35. Order online.\",\"breadcrumb\":{\"@id\":\"https:\/\/radiojingles24.com\/de\/professional-catchy-jingle-maker\/#breadcrumb\"},\"inLanguage\":\"it-IT\",\"potentialAction\":[{\"@type\":\"ReadAction\",\"target\":[\"https:\/\/radiojingles24.com\/de\/professional-catchy-jingle-maker\/\"]}]},{\"@type\":\"BreadcrumbList\",\"@id\":\"https:\/\/radiojingles24.com\/de\/professional-catchy-jingle-maker\/#breadcrumb\",\"itemListElement\":[{\"@type\":\"ListItem\",\"position\":1,\"name\":\"Home\",\"item\":\"https:\/\/radiojingles24.com\/de\/\"},{\"@type\":\"ListItem\",\"position\":2,\"name\":\"Professional &#038; Catchy Jingle Maker\"}]},{\"@type\":\"WebSite\",\"@id\":\"https:\/\/radiojingles24.com\/#website\",\"url\":\"https:\/\/radiojingles24.com\/\",\"name\":\"Radio Jingles 24: Radio Jingles | DJ Drops | Podcast Intros | Sung Jingles\",\"description\":\"Radio Jingles, Sung Jingles, DJ Drops, and Podcast Intros for commercial, community and internet radio stations. UK Based. Prices from \u00a35. Order online.\",\"publisher\":{\"@id\":\"https:\/\/radiojingles24.com\/#organization\"},\"potentialAction\":[{\"@type\":\"SearchAction\",\"target\":{\"@type\":\"EntryPoint\",\"urlTemplate\":\"https:\/\/radiojingles24.com\/?s={search_term_string}\"},\"query-input\":{\"@type\":\"PropertyValueSpecification\",\"valueRequired\":true,\"valueName\":\"search_term_string\"}}],\"inLanguage\":\"it-IT\"},{\"@type\":\"Organization\",\"@id\":\"https:\/\/radiojingles24.com\/#organization\",\"name\":\"Radio Jingles 24\",\"url\":\"https:\/\/radiojingles24.com\/\",\"logo\":{\"@type\":\"ImageObject\",\"inLanguage\":\"it-IT\",\"@id\":\"https:\/\/radiojingles24.com\/#\/schema\/logo\/image\/\",\"url\":\"https:\/\/radiojingles24.com\/wp-content\/uploads\/2019\/11\/RadioJingle1-1.jpg\",\"contentUrl\":\"https:\/\/radiojingles24.com\/wp-content\/uploads\/2019\/11\/RadioJingle1-1.jpg\",\"width\":512,\"height\":158,\"caption\":\"Radio Jingles 24\"},\"image\":{\"@id\":\"https:\/\/radiojingles24.com\/#\/schema\/logo\/image\/\"},\"sameAs\":[\"https:\/\/www.facebook.com\/radiojingles24\/\",\"https:\/\/x.com\/radiojingles24\"]}]}<\/script>\n<!-- \/ Yoast SEO plugin. -->","yoast_head_json":{"title":"Radio Jingles 24: Radio Jingles | DJ Drops | Introduzione ai podcast | Jingles cantati","description":"Jingles radiofonici, Jingles cantati, DJ Drops e Podcast Intro per stazioni radio commerciali, comunitarie e Internet. Con sede nel Regno Unito. Prezzi a partire da \u00a3 5. Ordinare on-line.","robots":{"index":"index","follow":"follow","max-snippet":"max-snippet:-1","max-image-preview":"max-image-preview:large","max-video-preview":"max-video-preview:-1"},"canonical":"https:\/\/radiojingles24.com\/it\/professional-catchy-jingle-maker\/","og_locale":"it_IT","og_type":"article","og_title":"Radio Jingles 24: Radio Jingles | DJ Drops | Podcast Intros | Sung Jingles","og_description":"Radio Jingles, Sung Jingles, DJ Drops, and Podcast Intros for commercial, community and internet radio stations. UK Based. Prices from \u00a35. Order online.","og_url":"https:\/\/radiojingles24.com\/it\/professional-catchy-jingle-maker\/","og_site_name":"Radio Jingles 24: Radio Jingles | DJ Drops | Podcast Intros | Sung Jingles","article_publisher":"https:\/\/www.facebook.com\/radiojingles24\/","twitter_card":"summary_large_image","twitter_site":"@radiojingles24","twitter_misc":{"Tempo di lettura stimato":"3 minuti"},"schema":{"@context":"https:\/\/schema.org","@graph":[{"@type":"WebPage","@id":"https:\/\/radiojingles24.com\/de\/professional-catchy-jingle-maker\/","url":"https:\/\/radiojingles24.com\/de\/professional-catchy-jingle-maker\/","name":"Radio Jingles 24: Radio Jingles | DJ Drops | Introduzione ai podcast | Jingles cantati","isPartOf":{"@id":"https:\/\/radiojingles24.com\/#website"},"datePublished":"2020-09-29T15:00:58+00:00","description":"Jingles radiofonici, Jingles cantati, DJ Drops e Podcast Intro per stazioni radio commerciali, comunitarie e Internet. Con sede nel Regno Unito. Prezzi a partire da \u00a3 5. Ordinare on-line.","breadcrumb":{"@id":"https:\/\/radiojingles24.com\/de\/professional-catchy-jingle-maker\/#breadcrumb"},"inLanguage":"it-IT","potentialAction":[{"@type":"ReadAction","target":["https:\/\/radiojingles24.com\/de\/professional-catchy-jingle-maker\/"]}]},{"@type":"BreadcrumbList","@id":"https:\/\/radiojingles24.com\/de\/professional-catchy-jingle-maker\/#breadcrumb","itemListElement":[{"@type":"ListItem","position":1,"name":"Home","item":"https:\/\/radiojingles24.com\/de\/"},{"@type":"ListItem","position":2,"name":"Professional &#038; Catchy Jingle Maker"}]},{"@type":"WebSite","@id":"https:\/\/radiojingles24.com\/#website","url":"https:\/\/radiojingles24.com\/","name":"Radio Jingles 24: Radio Jingles | DJ Drops | Introduzione ai podcast | Jingles cantati","description":"Jingles radiofonici, Jingles cantati, DJ Drops e Podcast Intro per stazioni radio commerciali, comunitarie e Internet. Con sede nel Regno Unito. Prezzi a partire da \u00a3 5. Ordinare on-line.","publisher":{"@id":"https:\/\/radiojingles24.com\/#organization"},"potentialAction":[{"@type":"SearchAction","target":{"@type":"EntryPoint","urlTemplate":"https:\/\/radiojingles24.com\/?s={search_term_string}"},"query-input":{"@type":"PropertyValueSpecification","valueRequired":true,"valueName":"search_term_string"}}],"inLanguage":"it-IT"},{"@type":"Organization","@id":"https:\/\/radiojingles24.com\/#organization","name":"Jingle radio 24","url":"https:\/\/radiojingles24.com\/","logo":{"@type":"ImageObject","inLanguage":"it-IT","@id":"https:\/\/radiojingles24.com\/#\/schema\/logo\/image\/","url":"https:\/\/radiojingles24.com\/wp-content\/uploads\/2019\/11\/RadioJingle1-1.jpg","contentUrl":"https:\/\/radiojingles24.com\/wp-content\/uploads\/2019\/11\/RadioJingle1-1.jpg","width":512,"height":158,"caption":"Radio Jingles 24"},"image":{"@id":"https:\/\/radiojingles24.com\/#\/schema\/logo\/image\/"},"sameAs":["https:\/\/www.facebook.com\/radiojingles24\/","https:\/\/x.com\/radiojingles24"]}]}},"jetpack_sharing_enabled":true,"_links":{"self":[{"href":"https:\/\/radiojingles24.com\/it\/wp-json\/wp\/v2\/pages\/29928","targetHints":{"allow":["GET"]}}],"collection":[{"href":"https:\/\/radiojingles24.com\/it\/wp-json\/wp\/v2\/pages"}],"about":[{"href":"https:\/\/radiojingles24.com\/it\/wp-json\/wp\/v2\/types\/page"}],"author":[{"embeddable":true,"href":"https:\/\/radiojingles24.com\/it\/wp-json\/wp\/v2\/users\/1"}],"replies":[{"embeddable":true,"href":"https:\/\/radiojingles24.com\/it\/wp-json\/wp\/v2\/comments?post=29928"}],"version-history":[{"count":1,"href":"https:\/\/radiojingles24.com\/it\/wp-json\/wp\/v2\/pages\/29928\/revisions"}],"predecessor-version":[{"id":29930,"href":"https:\/\/radiojingles24.com\/it\/wp-json\/wp\/v2\/pages\/29928\/revisions\/29930"}],"wp:attachment":[{"href":"https:\/\/radiojingles24.com\/it\/wp-json\/wp\/v2\/media?parent=29928"}],"curies":[{"name":"wp","href":"https:\/\/api.w.org\/{rel}","templated":true}]}}