{"id":80248,"date":"2020-12-08T15:24:03","date_gmt":"2020-12-08T15:24:03","guid":{"rendered":"https:\/\/radiojingles24.com\/?page_id=80248"},"modified":"2020-12-08T15:24:03","modified_gmt":"2020-12-08T15:24:03","slug":"interested-in-sourcing-unique-radio-jingles","status":"publish","type":"page","link":"https:\/\/radiojingles24.com\/it\/interested-in-sourcing-unique-radio-jingles\/","title":{"rendered":"Interessato all&#039;acquisto di jingles radiofonici unici?"},"content":{"rendered":"<p><span style=\"font-weight: 400;\">Stai cercando di ottenere jingle radiofonici unici? Allora sarai felice di saperlo <\/span><a href=\"https:\/\/radiojingles24.com\/it\/\"><span style=\"font-weight: 400;\">Jingle radio 24<\/span><\/a><span style=\"font-weight: 400;\"> \u00e8 qui per aiutare. Siamo a disposizione per supportare sia i clienti del Regno Unito che degli Stati Uniti nella ricezione di audio radio di qualit\u00e0. Questi particolari jingle sono una nostra specialit\u00e0 poich\u00e9 produciamo audio professionali e personalizzati che si adattano adeguatamente alla tua stazione. Siamo creatori versatili che utilizzano apparecchiature di registrazione all&#039;avanguardia e l&#039;aiuto di doppiatori esperti per jingle chiari e nitidi che possono fare impressione sui tuoi ascoltatori. I nostri servizi sono a tua disposizione e possiamo lavorare insieme per creare un suono distintivo, diverso da qualsiasi altro.<\/span><\/p>\n<h2>Jingles radiofonici unici<\/h2>\n<p><span style=\"font-weight: 400;\">Qui a Radio Jingles 24, crediamo che sia essenziale avere orecchiabili <\/span><a href=\"https:\/\/radiojingles24.com\/it\/categoria-prodotto\/free-radio-jingles\/\"><span style=\"font-weight: 400;\">jingle radiofonici<\/span><\/a><span style=\"font-weight: 400;\">, che siano <\/span><a href=\"https:\/\/radiojingles24.com\/it\/prodotto\/spoken-audio\/\"><span style=\"font-weight: 400;\">parlato<\/span><\/a><span style=\"font-weight: 400;\"> o <\/span><a href=\"https:\/\/radiojingles24.com\/it\/prodotto\/sung-audio\/\"><span style=\"font-weight: 400;\">cantato<\/span><\/a><span style=\"font-weight: 400;\">. Questo perch\u00e9 possono impostare il segno per il tuo pubblico per introdurre lo spettacolo e rimanere nelle loro teste per tutto il giorno. Un jingle viene utilizzato per rappresentare il tuo marchio, ma dovrebbe anche invogliare gli ascoltatori a fargli desiderare di ascoltare ci\u00f2 che hai da dire. Ecco perch\u00e9 offriamo un&#039;assistenza diversificata per ospitare AC\/Hot AC, CHR e Oldies. I jingle sono fantastici da usare in tutta la tua stazione radio, sia che si tratti di introdurre lo spettacolo nel suo insieme, introdurre ospiti speciali, aggiornamenti meteorologici o bollettini di viaggio. Le possibilit\u00e0 sono infinite.<\/span><\/p>\n<p><span style=\"font-weight: 400;\">In qualit\u00e0 di azienda leader nel settore, siamo orgogliosi della velocit\u00e0 e della qualit\u00e0 del nostro lavoro. I nostri clienti manterranno il pieno controllo dei loro audio, scegliendo la lunghezza del jingle, sia esso secco o completamente prodotto e se lo desiderano con musica o SFX. Una volta deciso questo, il doppiatore viene quindi selezionato e gli viene fornito uno script basato sulle tue richieste. Da qui, possiamo registrare i tuoi jingle radiofonici all&#039;interno del nostro Pro Studio, modificati, prodotti e completamente masterizzati. Questo viene quindi completato entro 24 ore, aiutandoti a utilizzare il tuo nuovo audio il prima possibile, tuttavia, siamo lieti di apportare le modifiche necessarie per soddisfare la tua soddisfazione.<\/span><\/p>\n<h2><b>Perch\u00e9 scegliere noi?<\/b><\/h2>\n<p><span style=\"font-weight: 400;\">Per molti anni, ci siamo posti l&#039;obiettivo di supportare le radio commerciali, comunitarie e Internet nella ricezione di audio professionali ma divertenti con cui il pubblico si \u00e8 connesso. Con un&#039;abbondanza di esperienza nel settore, possiamo garantire che il tuo prodotto finito eccelle in sostanza e qualit\u00e0 aiutandoti a distinguerti dalla massa. Non importa quanto grandi o piccole possano essere le tue richieste, i nostri tecnici faranno sempre il possibile per personalizzare i tuoi jingle radiofonici secondo le tue specifiche esatte. In tal modo, puoi utilizzare un audio coinvolgente che piacer\u00e0 al tuo pubblico per il prossimo futuro, offrendoti quindi il miglior ritorno sul tuo investimento.\u00a0<\/span><\/p>\n<p>&nbsp;<\/p>\n<p><span style=\"font-weight: 400;\">Quindi, se stai cercando jingle radiofonici unici, non esitare a chiamarci tramite il nostro numero nel Regno Unito, +44 (0)113 5346686 o utilizzare il nostro numero negli Stati Uniti, +1 (212)710-1350 e i nostri esperti possono organizzare felicemente un breve consultazione al pi\u00f9 presto. Per qualsiasi domanda, non esitate a <\/span><a href=\"https:\/\/radiojingles24.com\/it\/contact-us\/\"><span style=\"font-weight: 400;\">Contattaci<\/span><\/a><span style=\"font-weight: 400;\"> tramite il nostro modulo online e i nostri rappresentanti del servizio clienti ti contatteranno a breve per rispondere alle tue domande. In alternativa, puoi inviarci un&#039;e-mail direttamente utilizzando <\/span><a href=\"mailto:info@radiojingles24.com\"><span style=\"font-weight: 400;\">info@radiojingles24.com<\/span><\/a><span style=\"font-weight: 400;\"> e possiamo fornirti tutte le ulteriori informazioni di cui hai bisogno.<\/span><\/p>\n<p>&nbsp;<\/p>","protected":false},"excerpt":{"rendered":"<p>Stai cercando di ottenere jingle radiofonici unici? Allora sarai felice di sapere che Radio Jingles 24 \u00e8 qui per aiutarti. siamo a portata di mano...<\/p>","protected":false},"author":1,"featured_media":0,"parent":0,"menu_order":0,"comment_status":"closed","ping_status":"closed","template":"","meta":{"_exactmetrics_skip_tracking":false,"_exactmetrics_sitenote_active":false,"_exactmetrics_sitenote_note":"","_exactmetrics_sitenote_category":0,"footnotes":""},"class_list":["post-80248","page","type-page","status-publish"],"yoast_head":"<!-- This site is optimized with the Yoast SEO plugin v26.8 - https:\/\/yoast.com\/product\/yoast-seo-wordpress\/ -->\n<title>Radio Jingles 24: Radio Jingles | DJ Drops | Podcast Intros | Sung Jingles<\/title>\n<meta name=\"description\" content=\"Radio Jingles, Sung Jingles, DJ Drops, and Podcast Intros for commercial, community and internet radio stations. UK Based. Prices from \u00a35. Order online.\" \/>\n<meta name=\"robots\" content=\"index, follow, max-snippet:-1, max-image-preview:large, max-video-preview:-1\" \/>\n<link rel=\"canonical\" href=\"https:\/\/radiojingles24.com\/it\/interested-in-sourcing-unique-radio-jingles\/\" \/>\n<meta property=\"og:locale\" content=\"it_IT\" \/>\n<meta property=\"og:type\" content=\"article\" \/>\n<meta property=\"og:title\" content=\"Radio Jingles 24: Radio Jingles | DJ Drops | Podcast Intros | Sung Jingles\" \/>\n<meta property=\"og:description\" content=\"Radio Jingles, Sung Jingles, DJ Drops, and Podcast Intros for commercial, community and internet radio stations. UK Based. Prices from \u00a35. Order online.\" \/>\n<meta property=\"og:url\" content=\"https:\/\/radiojingles24.com\/it\/interested-in-sourcing-unique-radio-jingles\/\" \/>\n<meta property=\"og:site_name\" content=\"Radio Jingles 24: Radio Jingles | DJ Drops | Podcast Intros | Sung Jingles\" \/>\n<meta property=\"article:publisher\" content=\"https:\/\/www.facebook.com\/radiojingles24\/\" \/>\n<meta name=\"twitter:card\" content=\"summary_large_image\" \/>\n<meta name=\"twitter:site\" content=\"@radiojingles24\" \/>\n<meta name=\"twitter:label1\" content=\"Tempo di lettura stimato\" \/>\n\t<meta name=\"twitter:data1\" content=\"3 minuti\" \/>\n<script type=\"application\/ld+json\" class=\"yoast-schema-graph\">{\"@context\":\"https:\/\/schema.org\",\"@graph\":[{\"@type\":\"WebPage\",\"@id\":\"https:\/\/radiojingles24.com\/it\/interested-in-sourcing-unique-radio-jingles\/\",\"url\":\"https:\/\/radiojingles24.com\/it\/interested-in-sourcing-unique-radio-jingles\/\",\"name\":\"Radio Jingles 24: Radio Jingles | DJ Drops | Podcast Intros | Sung Jingles\",\"isPartOf\":{\"@id\":\"https:\/\/radiojingles24.com\/#website\"},\"datePublished\":\"2020-12-08T15:24:03+00:00\",\"description\":\"Radio Jingles, Sung Jingles, DJ Drops, and Podcast Intros for commercial, community and internet radio stations. UK Based. Prices from \u00a35. Order online.\",\"breadcrumb\":{\"@id\":\"https:\/\/radiojingles24.com\/it\/interested-in-sourcing-unique-radio-jingles\/#breadcrumb\"},\"inLanguage\":\"it-IT\",\"potentialAction\":[{\"@type\":\"ReadAction\",\"target\":[\"https:\/\/radiojingles24.com\/it\/interested-in-sourcing-unique-radio-jingles\/\"]}]},{\"@type\":\"BreadcrumbList\",\"@id\":\"https:\/\/radiojingles24.com\/it\/interested-in-sourcing-unique-radio-jingles\/#breadcrumb\",\"itemListElement\":[{\"@type\":\"ListItem\",\"position\":1,\"name\":\"Home\",\"item\":\"https:\/\/radiojingles24.com\/de\/\"},{\"@type\":\"ListItem\",\"position\":2,\"name\":\"Interested in Sourcing Unique Radio Jingles?\"}]},{\"@type\":\"WebSite\",\"@id\":\"https:\/\/radiojingles24.com\/#website\",\"url\":\"https:\/\/radiojingles24.com\/\",\"name\":\"Radio Jingles 24: Radio Jingles | DJ Drops | Podcast Intros | Sung Jingles\",\"description\":\"Radio Jingles, Sung Jingles, DJ Drops, and Podcast Intros for commercial, community and internet radio stations. UK Based. Prices from \u00a35. Order online.\",\"publisher\":{\"@id\":\"https:\/\/radiojingles24.com\/#organization\"},\"potentialAction\":[{\"@type\":\"SearchAction\",\"target\":{\"@type\":\"EntryPoint\",\"urlTemplate\":\"https:\/\/radiojingles24.com\/?s={search_term_string}\"},\"query-input\":{\"@type\":\"PropertyValueSpecification\",\"valueRequired\":true,\"valueName\":\"search_term_string\"}}],\"inLanguage\":\"it-IT\"},{\"@type\":\"Organization\",\"@id\":\"https:\/\/radiojingles24.com\/#organization\",\"name\":\"Radio Jingles 24\",\"url\":\"https:\/\/radiojingles24.com\/\",\"logo\":{\"@type\":\"ImageObject\",\"inLanguage\":\"it-IT\",\"@id\":\"https:\/\/radiojingles24.com\/#\/schema\/logo\/image\/\",\"url\":\"https:\/\/radiojingles24.com\/wp-content\/uploads\/2019\/11\/RadioJingle1-1.jpg\",\"contentUrl\":\"https:\/\/radiojingles24.com\/wp-content\/uploads\/2019\/11\/RadioJingle1-1.jpg\",\"width\":512,\"height\":158,\"caption\":\"Radio Jingles 24\"},\"image\":{\"@id\":\"https:\/\/radiojingles24.com\/#\/schema\/logo\/image\/\"},\"sameAs\":[\"https:\/\/www.facebook.com\/radiojingles24\/\",\"https:\/\/x.com\/radiojingles24\"]}]}<\/script>\n<!-- \/ Yoast SEO plugin. -->","yoast_head_json":{"title":"Radio Jingles 24: Radio Jingles | DJ Drops | Introduzione ai podcast | Jingles cantati","description":"Jingles radiofonici, Jingles cantati, DJ Drops e Podcast Intro per stazioni radio commerciali, comunitarie e Internet. Con sede nel Regno Unito. Prezzi a partire da \u00a3 5. Ordinare on-line.","robots":{"index":"index","follow":"follow","max-snippet":"max-snippet:-1","max-image-preview":"max-image-preview:large","max-video-preview":"max-video-preview:-1"},"canonical":"https:\/\/radiojingles24.com\/it\/interested-in-sourcing-unique-radio-jingles\/","og_locale":"it_IT","og_type":"article","og_title":"Radio Jingles 24: Radio Jingles | DJ Drops | Podcast Intros | Sung Jingles","og_description":"Radio Jingles, Sung Jingles, DJ Drops, and Podcast Intros for commercial, community and internet radio stations. UK Based. Prices from \u00a35. Order online.","og_url":"https:\/\/radiojingles24.com\/it\/interested-in-sourcing-unique-radio-jingles\/","og_site_name":"Radio Jingles 24: Radio Jingles | DJ Drops | Podcast Intros | Sung Jingles","article_publisher":"https:\/\/www.facebook.com\/radiojingles24\/","twitter_card":"summary_large_image","twitter_site":"@radiojingles24","twitter_misc":{"Tempo di lettura stimato":"3 minuti"},"schema":{"@context":"https:\/\/schema.org","@graph":[{"@type":"WebPage","@id":"https:\/\/radiojingles24.com\/it\/interested-in-sourcing-unique-radio-jingles\/","url":"https:\/\/radiojingles24.com\/it\/interested-in-sourcing-unique-radio-jingles\/","name":"Radio Jingles 24: Radio Jingles | DJ Drops | Introduzione ai podcast | Jingles cantati","isPartOf":{"@id":"https:\/\/radiojingles24.com\/#website"},"datePublished":"2020-12-08T15:24:03+00:00","description":"Jingles radiofonici, Jingles cantati, DJ Drops e Podcast Intro per stazioni radio commerciali, comunitarie e Internet. Con sede nel Regno Unito. Prezzi a partire da \u00a3 5. Ordinare on-line.","breadcrumb":{"@id":"https:\/\/radiojingles24.com\/it\/interested-in-sourcing-unique-radio-jingles\/#breadcrumb"},"inLanguage":"it-IT","potentialAction":[{"@type":"ReadAction","target":["https:\/\/radiojingles24.com\/it\/interested-in-sourcing-unique-radio-jingles\/"]}]},{"@type":"BreadcrumbList","@id":"https:\/\/radiojingles24.com\/it\/interested-in-sourcing-unique-radio-jingles\/#breadcrumb","itemListElement":[{"@type":"ListItem","position":1,"name":"Home","item":"https:\/\/radiojingles24.com\/de\/"},{"@type":"ListItem","position":2,"name":"Interested in Sourcing Unique Radio Jingles?"}]},{"@type":"WebSite","@id":"https:\/\/radiojingles24.com\/#website","url":"https:\/\/radiojingles24.com\/","name":"Radio Jingles 24: Radio Jingles | DJ Drops | Introduzione ai podcast | Jingles cantati","description":"Jingles radiofonici, Jingles cantati, DJ Drops e Podcast Intro per stazioni radio commerciali, comunitarie e Internet. Con sede nel Regno Unito. Prezzi a partire da \u00a3 5. Ordinare on-line.","publisher":{"@id":"https:\/\/radiojingles24.com\/#organization"},"potentialAction":[{"@type":"SearchAction","target":{"@type":"EntryPoint","urlTemplate":"https:\/\/radiojingles24.com\/?s={search_term_string}"},"query-input":{"@type":"PropertyValueSpecification","valueRequired":true,"valueName":"search_term_string"}}],"inLanguage":"it-IT"},{"@type":"Organization","@id":"https:\/\/radiojingles24.com\/#organization","name":"Jingle radio 24","url":"https:\/\/radiojingles24.com\/","logo":{"@type":"ImageObject","inLanguage":"it-IT","@id":"https:\/\/radiojingles24.com\/#\/schema\/logo\/image\/","url":"https:\/\/radiojingles24.com\/wp-content\/uploads\/2019\/11\/RadioJingle1-1.jpg","contentUrl":"https:\/\/radiojingles24.com\/wp-content\/uploads\/2019\/11\/RadioJingle1-1.jpg","width":512,"height":158,"caption":"Radio Jingles 24"},"image":{"@id":"https:\/\/radiojingles24.com\/#\/schema\/logo\/image\/"},"sameAs":["https:\/\/www.facebook.com\/radiojingles24\/","https:\/\/x.com\/radiojingles24"]}]}},"jetpack_sharing_enabled":true,"_links":{"self":[{"href":"https:\/\/radiojingles24.com\/it\/wp-json\/wp\/v2\/pages\/80248","targetHints":{"allow":["GET"]}}],"collection":[{"href":"https:\/\/radiojingles24.com\/it\/wp-json\/wp\/v2\/pages"}],"about":[{"href":"https:\/\/radiojingles24.com\/it\/wp-json\/wp\/v2\/types\/page"}],"author":[{"embeddable":true,"href":"https:\/\/radiojingles24.com\/it\/wp-json\/wp\/v2\/users\/1"}],"replies":[{"embeddable":true,"href":"https:\/\/radiojingles24.com\/it\/wp-json\/wp\/v2\/comments?post=80248"}],"version-history":[{"count":1,"href":"https:\/\/radiojingles24.com\/it\/wp-json\/wp\/v2\/pages\/80248\/revisions"}],"predecessor-version":[{"id":80250,"href":"https:\/\/radiojingles24.com\/it\/wp-json\/wp\/v2\/pages\/80248\/revisions\/80250"}],"wp:attachment":[{"href":"https:\/\/radiojingles24.com\/it\/wp-json\/wp\/v2\/media?parent=80248"}],"curies":[{"name":"wp","href":"https:\/\/api.w.org\/{rel}","templated":true}]}}