{"id":87784,"date":"2021-01-03T15:12:21","date_gmt":"2021-01-03T15:12:21","guid":{"rendered":"https:\/\/radiojingles24.com\/?page_id=87784"},"modified":"2021-01-03T15:12:21","modified_gmt":"2021-01-03T15:12:21","slug":"terms-conditions","status":"publish","type":"page","link":"https:\/\/radiojingles24.com\/it\/terms-conditions\/","title":{"rendered":"Termini &amp; Condizioni"},"content":{"rendered":"<div id=\"fws_69e63a91b236b\"  data-midnight=\"dark\"  data-bg-mobile-hidden=\"\" class=\"wpb_row vc_row-fluid vc_row top-level standard_section\"  style=\"padding-top: 0px; padding-bottom: 0px; \"><div class=\"row-bg-wrap\" data-bg-animation=\"none\"><div class=\"inner-wrap\"><div class=\"row-bg\"  style=\"\"><\/div><\/div><div class=\"row-bg-overlay\" ><\/div><\/div><div class=\"col span_12 dark left\">\n\t<div  class=\"vc_col-sm-12 wpb_column column_container vc_column_container col no-extra-padding\"  data-t-w-inherits=\"default\" data-border-radius=\"none\" data-shadow=\"none\" data-border-animation=\"\" data-border-animation-delay=\"\" data-border-width=\"none\" data-border-style=\"solid\" data-border-color=\"\" data-bg-cover=\"\" data-padding-pos=\"all\" data-has-bg-color=\"false\" data-bg-color=\"\" data-bg-opacity=\"1\" data-hover-bg=\"\" data-hover-bg-opacity=\"1\" data-animation=\"\" data-delay=\"0\"><div class=\"column-bg-overlay\"><\/div>\n\t\t<div class=\"vc_column-inner\">\n\t\t\t<div class=\"wpb_wrapper\">\n\t\t\t\t\n\t<div class=\"wpb_raw_code wpb_content_element wpb_raw_html\" >\n\t\t<div class=\"wpb_wrapper\">\n\t\t\t<p>Benvenuti a Radio Jingles 24!<\/p>\n\n<p>These terms and conditions outline the rules and regulations for the use of Radio Jingles 24 Limited's Website, located at https:\/\/www.radiojingles24.com.<\/p>\n\n<p>Accedendo a questo sito web assumiamo che accetti questi termini e condizioni. Non continuare a utilizzare Radio Jingles 24 se non accetti di accettare tutti i termini e le condizioni indicati in questa pagina.<\/p>\n\n<p>La seguente terminologia si applica a questi Termini e condizioni, Dichiarazione sulla privacy e Avviso di esclusione di responsabilit\u00e0 e tutti gli accordi: &quot;Cliente&quot;, &quot;Tu&quot; e &quot;Tuo&quot; si riferiscono a te, la persona che accede a questo sito Web e conforme ai termini e condizioni della Societ\u00e0. &quot;L&#039;azienda&quot;, &quot;noi stessi&quot;, &quot;noi&quot;, &quot;nostro&quot; e &quot;noi&quot; si riferiscono alla nostra azienda. &quot;Parte&quot;, &quot;Parti&quot; o &quot;Noi&quot; si riferiscono sia al Cliente che a noi stessi. Tutti i termini si riferiscono all&#039;offerta, all&#039;accettazione e alla considerazione del pagamento necessario per intraprendere il processo della nostra assistenza al Cliente nel modo pi\u00f9 appropriato allo scopo esplicito di soddisfare le esigenze del Cliente in relazione alla fornitura dei servizi dichiarati della Societ\u00e0, in conformit\u00e0 con e soggetto alle leggi vigenti dei Paesi Bassi. Qualsiasi uso della terminologia di cui sopra o altre parole al singolare, al plurale, in maiuscolo e \/ o lui \/ lei o loro, sono considerati intercambiabili e quindi riferiti allo stesso.<\/p>\n\n<h3><strong>Biscotti<\/strong><\/h3>\n\n<p>Impieghiamo l&#039;uso dei cookie. Accedendo a Radio Jingles 24, hai accettato di utilizzare i cookie in accordo con l&#039;Informativa sulla privacy di Radio Jingles 24 Limited. <\/p>\n\n<p>La maggior parte dei siti Web interattivi utilizza i cookie per consentirci di recuperare i dettagli dell&#039;utente per ogni visita. I cookie vengono utilizzati dal nostro sito Web per abilitare la funzionalit\u00e0 di determinate aree per rendere pi\u00f9 facile per le persone che visitano il nostro sito Web. Anche alcuni dei nostri partner affiliati \/ pubblicitari possono utilizzare i cookie.<\/p>\n\n<h3><strong>Licenza<\/strong><\/h3>\n\n<p>Salvo diversa indicazione, Radio Jingles 24 Limited e \/ oi suoi licenziatari detengono i diritti di propriet\u00e0 intellettuale per tutto il materiale su Radio Jingles 24. Tutti i diritti di propriet\u00e0 intellettuale sono riservati. \u00c8 possibile accedervi da Radio Jingles 24 per uso personale soggetto alle restrizioni stabilite in questi termini e condizioni.<\/p>\n\n<p>Non devi:<\/p>\n<ul>\n    <li>Ripubblicare materiale da Radio Jingles 24<\/li>\n    <li>Vendi, noleggia o concedi in sublicenza materiale da Radio Jingles 24<\/li>\n    <li>Riprodurre, duplicare o copiare materiale da Radio Jingles 24<\/li>\n    <li>Ridistribuire i contenuti da Radio Jingles 24<\/li>\n<\/ul>\n\n<p>Il presente Contratto avr\u00e0 inizio dalla data del presente. I nostri Termini e condizioni sono stati creati con l&#039;aiuto di <a href=\"https:\/\/www.termsandconditionsgenerator.com\">Generatore di termini e condizioni<\/a> e il <a href=\"https:\/\/www.generateprivacypolicy.com\">Generatore di norme sulla privacy<\/a>.<\/p>\n\n<p>Parti di questo sito Web offrono agli utenti l&#039;opportunit\u00e0 di pubblicare e scambiare opinioni e informazioni in determinate aree del sito Web. Radio Jingles 24 Limited non filtra, modifica, pubblica o rivede i commenti prima della loro presenza sul sito web. I commenti non riflettono le opinioni e le opinioni di Radio Jingles 24 Limited, dei suoi agenti e \/ o affiliati. I commenti riflettono le opinioni e le opinioni della persona che pubblica le loro opinioni e opinioni. Nella misura consentita dalle leggi applicabili, Radio Jingles 24 Limited non sar\u00e0 responsabile per i Commenti o per qualsiasi responsabilit\u00e0, danni o spese causati e \/ o subiti a seguito di qualsiasi uso e \/ o pubblicazione e \/ o aspetto del Commenti su questo sito.<\/p>\n\n<p>Radio Jingles 24 Limited si riserva il diritto di monitorare tutti i commenti e di rimuovere eventuali commenti che possono essere considerati inappropriati, offensivi o che causano una violazione dei presenti Termini e condizioni.<\/p>\n\n<p>Garantisci e dichiari che:<\/p>\n\n<ul>\n    <li>Hai il diritto di pubblicare i commenti sul nostro sito Web e disponi di tutte le licenze e i consensi necessari per farlo;<\/li>\n    <li>I Commenti non invadono alcun diritto di propriet\u00e0 intellettuale, inclusi, a titolo esemplificativo, copyright, brevetto o marchio di fabbrica di terzi;<\/li>\n    <li>I commenti non contengono materiale diffamatorio, calunnioso, offensivo, indecente o altrimenti illegale che costituisce una violazione della privacy<\/li>\n    <li>I Commenti non saranno utilizzati per sollecitare o promuovere attivit\u00e0 commerciali o personalizzate o presentare attivit\u00e0 commerciali o attivit\u00e0 illecite.<\/li>\n<\/ul>\n\n<p>Con la presente concedi a Radio Jingles 24 Limited una licenza non esclusiva per utilizzare, riprodurre, modificare e autorizzare altri a utilizzare, riprodurre e modificare i tuoi commenti in qualsiasi forma, formato o supporto.<\/p>\n\n<h3><strong>Collegamento ipertestuale al nostro contenuto<\/strong><\/h3>\n\n<p>Le seguenti organizzazioni possono collegarsi al nostro sito Web senza previa autorizzazione scritta:<\/p>\n\n<ul>\n    <li>Agenzie governative;<\/li>\n    <li>Motori di ricerca;<\/li>\n    <li>Organizzazioni di notizie;<\/li>\n    <li>I distributori di elenchi online possono collegarsi al nostro sito Web nello stesso modo in cui collegano ipertestuali ai siti Web di altre aziende elencate; e<\/li>\n    <li>Attivit\u00e0 accreditate a livello di sistema, ad eccezione della richiesta di organizzazioni senza scopo di lucro, centri commerciali di beneficenza e gruppi di raccolta fondi di beneficenza che potrebbero non avere collegamenti ipertestuali al nostro sito Web.<\/li>\n<\/ul>\n\n<p>Queste organizzazioni possono collegarsi alla nostra home page, a pubblicazioni o ad altre informazioni del sito Web a condizione che il collegamento: (a) non sia in alcun modo ingannevole; (b) non implica falsamente sponsorizzazione, avallo o approvazione della parte che collega e dei suoi prodotti e \/ o servizi; e (c) si inserisce nel contesto del sito della parte che collega.<\/p>\n\n<p>Potremmo prendere in considerazione e approvare altre richieste di collegamento dai seguenti tipi di organizzazioni:<\/p>\n\n<ul>\n    <li>fonti di informazioni sui consumatori e \/ o aziendali comunemente note;<\/li>\n    <li>siti della comunit\u00e0 dot.com;<\/li>\n    <li>associazioni o altri gruppi che rappresentano enti di beneficenza;<\/li>\n    <li>distributori di elenchi in linea;<\/li>\n    <li>portali internet;<\/li>\n    <li>studi di contabilit\u00e0, diritto e consulenza; e<\/li>\n    <li>istituzioni educative e associazioni di categoria.<\/li>\n<\/ul>\n\n<p>Approveremo le richieste di collegamento da queste organizzazioni se decidiamo che: (a) il collegamento non ci farebbe sembrare sfavorevoli a noi stessi o alle nostre attivit\u00e0 accreditate; (b) l&#039;organizzazione non ha alcun record negativo con noi; (c) il vantaggio per noi derivante dalla visibilit\u00e0 del collegamento ipertestuale compensa l&#039;assenza di Radio Jingles 24 Limited; e (d) il collegamento \u00e8 nel contesto delle informazioni generali sulle risorse.<\/p>\n\n<p>Queste organizzazioni possono collegarsi alla nostra home page a condizione che il collegamento: (a) non sia in alcun modo ingannevole; (b) non implica falsamente sponsorizzazione, avallo o approvazione della parte che collega e dei suoi prodotti o servizi; e (c) si inserisce nel contesto del sito della parte che collega.<\/p>\n\n<p>Se sei una delle organizzazioni elencate nel paragrafo 2 sopra e sei interessato a collegarti al nostro sito web, devi informarci inviando un&#039;e-mail a Radio Jingles 24 Limited. Si prega di includere il proprio nome, il nome della propria organizzazione, le informazioni di contatto e l&#039;URL del proprio sito, un elenco di qualsiasi URL da cui si intende collegarsi al nostro sito Web e un elenco degli URL sul nostro sito a cui si desidera collegamento. Attendi 2-3 settimane per una risposta.<\/p>\n\n<p>Le organizzazioni approvate possono creare collegamenti ipertestuali al nostro sito Web come segue:<\/p>\n\n<ul>\n    <li>Utilizzando la nostra ragione sociale; o<\/li>\n    <li>Utilizzando l&#039;uniform resource locator a cui \u00e8 collegato; o<\/li>\n    <li>Utilizzando qualsiasi altra descrizione del nostro sito Web collegata a ci\u00f2 ha senso nel contesto e nel formato del contenuto sul sito della parte che collega.<\/li>\n<\/ul>\n\n<p>Non sar\u00e0 consentito l&#039;uso del logo di Radio Jingles 24 Limited o di altre opere d&#039;arte per il collegamento in assenza di un contratto di licenza del marchio.<\/p>\n\n<h3><strong>iFrame<\/strong><\/h3>\n\n<p>Senza previa approvazione e autorizzazione scritta, non \u00e8 possibile creare frame attorno alle nostre pagine Web che alterino in alcun modo la presentazione visiva o l&#039;aspetto del nostro sito Web.<\/p>\n\n<h3><strong>Responsabilit\u00e0 sui contenuti<\/strong><\/h3>\n\n<p>Non saremo responsabili per qualsiasi contenuto che appare sul tuo sito web. Accetti di proteggerci e difenderci da tutti i reclami che stanno sorgendo sul tuo sito web. Nessun collegamento (i) deve apparire su qualsiasi sito Web che possa essere interpretato come diffamatorio, osceno o criminale, o che viola, altrimenti viola o sostiene la violazione o altra violazione di diritti di terzi.<\/p>\n\n<h3><strong>La tua privacy<\/strong><\/h3>\n\n<p>Si prega di leggere l&#039;informativa sulla privacy<\/p>\n\n<h3><strong>Riserva di diritti<\/strong><\/h3>\n\n<p>Ci riserviamo il diritto di richiedere la rimozione di tutti i collegamenti o di qualsiasi collegamento particolare al nostro sito Web. Accetti di rimuovere immediatamente tutti i collegamenti al nostro sito Web su richiesta. Ci riserviamo inoltre il diritto di modificare questi termini e condizioni e la sua politica di collegamento in qualsiasi momento. Collegandoti continuamente al nostro sito Web, accetti di essere vincolato e di seguire questi termini e condizioni di collegamento.<\/p>\n\n<h3><strong>Rimozione di link dal nostro sito web<\/strong><\/h3>\n\n<p>Se trovi un collegamento sul nostro sito Web che \u00e8 offensivo per qualsiasi motivo, sei libero di contattarci e informarci in qualsiasi momento. Prenderemo in considerazione le richieste di rimozione dei collegamenti, ma non siamo obbligati a rispondere o a rispondere direttamente.<\/p>\n\n<p>Non garantiamo che le informazioni su questo sito Web siano corrette, non garantiamo la loro completezza o accuratezza; n\u00e9 ci impegniamo a garantire che il sito Web rimanga disponibile o che il materiale sul sito Web sia aggiornato.<\/p>\n\n<h3><strong>Disclaimer<\/strong><\/h3>\n\n<p>Nella misura massima consentita dalla legge applicabile, escludiamo tutte le dichiarazioni, garanzie e condizioni relative al nostro sito web e all&#039;uso di questo sito web. Niente in questo disclaimer:<\/p>\n\n<ul>\n    <li>limitare o escludere la nostra o la vostra responsabilit\u00e0 per morte o lesioni personali;<\/li>\n    <li>limitare o escludere la nostra o la vostra responsabilit\u00e0 per frode o falsa dichiarazione fraudolenta;<\/li>\n    <li>limitare qualsiasi nostra o vostra responsabilit\u00e0 in qualsiasi modo non consentito dalla legge applicabile; o<\/li>\n    <li>escludere qualsiasi nostra o vostra responsabilit\u00e0 che non possa essere esclusa dalla legge applicabile.<\/li>\n<\/ul>\n\n<p>Le limitazioni e i divieti di responsabilit\u00e0 stabiliti in questa Sezione e altrove nella presente esclusione di responsabilit\u00e0: (a) sono soggetti al paragrafo precedente; e (b) disciplinano tutte le responsabilit\u00e0 derivanti dalla clausola di esclusione della responsabilit\u00e0, comprese le responsabilit\u00e0 derivanti da contratto, illecito civile e violazione dei doveri legali.<\/p>\n\n<p>Finch\u00e9 il sito Web e le informazioni e i servizi sul sito Web sono forniti gratuitamente, non saremo responsabili per eventuali perdite o danni di qualsiasi natura.<\/p>\n\t\t<\/div>\n\t<\/div>\n\n\t\t\t<\/div> \n\t\t<\/div>\n\t<\/div> \n<\/div><\/div>","protected":false},"excerpt":{"rendered":"Welcome to Radio Jingles 24! These terms and conditions outline the rules and regulations for the use of Radio Jingles 24 Limited's Website, located at https:\/\/www.radiojingles24.com. By accessing this website...","protected":false},"author":1,"featured_media":0,"parent":0,"menu_order":0,"comment_status":"closed","ping_status":"closed","template":"","meta":{"_exactmetrics_skip_tracking":false,"_exactmetrics_sitenote_active":false,"_exactmetrics_sitenote_note":"","_exactmetrics_sitenote_category":0,"footnotes":""},"class_list":["post-87784","page","type-page","status-publish"],"yoast_head":"<!-- This site is optimized with the Yoast SEO plugin v26.8 - https:\/\/yoast.com\/product\/yoast-seo-wordpress\/ -->\n<title>Radio Jingles 24: Radio Jingles | DJ Drops | Podcast Intros | Sung Jingles<\/title>\n<meta name=\"description\" content=\"Radio Jingles, Sung Jingles, DJ Drops, and Podcast Intros for commercial, community and internet radio stations. UK Based. Prices from \u00a35. Order online.\" \/>\n<meta name=\"robots\" content=\"index, follow, max-snippet:-1, max-image-preview:large, max-video-preview:-1\" \/>\n<link rel=\"canonical\" href=\"https:\/\/radiojingles24.com\/it\/terms-conditions\/\" \/>\n<meta property=\"og:locale\" content=\"it_IT\" \/>\n<meta property=\"og:type\" content=\"article\" \/>\n<meta property=\"og:title\" content=\"Radio Jingles 24: Radio Jingles | DJ Drops | Podcast Intros | Sung Jingles\" \/>\n<meta property=\"og:description\" content=\"Radio Jingles, Sung Jingles, DJ Drops, and Podcast Intros for commercial, community and internet radio stations. UK Based. Prices from \u00a35. Order online.\" \/>\n<meta property=\"og:url\" content=\"https:\/\/radiojingles24.com\/it\/terms-conditions\/\" \/>\n<meta property=\"og:site_name\" content=\"Radio Jingles 24: Radio Jingles | DJ Drops | Podcast Intros | Sung Jingles\" \/>\n<meta property=\"article:publisher\" content=\"https:\/\/www.facebook.com\/radiojingles24\/\" \/>\n<meta name=\"twitter:card\" content=\"summary_large_image\" \/>\n<meta name=\"twitter:site\" content=\"@radiojingles24\" \/>\n<meta name=\"twitter:label1\" content=\"Tempo di lettura stimato\" \/>\n\t<meta name=\"twitter:data1\" content=\"7 minuti\" \/>\n<script type=\"application\/ld+json\" class=\"yoast-schema-graph\">{\"@context\":\"https:\/\/schema.org\",\"@graph\":[{\"@type\":\"WebPage\",\"@id\":\"https:\/\/radiojingles24.com\/terms-conditions\/\",\"url\":\"https:\/\/radiojingles24.com\/terms-conditions\/\",\"name\":\"Radio Jingles 24: Radio Jingles | DJ Drops | Podcast Intros | Sung Jingles\",\"isPartOf\":{\"@id\":\"https:\/\/radiojingles24.com\/#website\"},\"datePublished\":\"2021-01-03T15:12:21+00:00\",\"description\":\"Radio Jingles, Sung Jingles, DJ Drops, and Podcast Intros for commercial, community and internet radio stations. UK Based. Prices from \u00a35. Order online.\",\"breadcrumb\":{\"@id\":\"https:\/\/radiojingles24.com\/terms-conditions\/#breadcrumb\"},\"inLanguage\":\"it-IT\",\"potentialAction\":[{\"@type\":\"ReadAction\",\"target\":[\"https:\/\/radiojingles24.com\/terms-conditions\/\"]}]},{\"@type\":\"BreadcrumbList\",\"@id\":\"https:\/\/radiojingles24.com\/terms-conditions\/#breadcrumb\",\"itemListElement\":[{\"@type\":\"ListItem\",\"position\":1,\"name\":\"Home\",\"item\":\"https:\/\/radiojingles24.com\/de\/\"},{\"@type\":\"ListItem\",\"position\":2,\"name\":\"Terms &#038; Conditions\"}]},{\"@type\":\"WebSite\",\"@id\":\"https:\/\/radiojingles24.com\/#website\",\"url\":\"https:\/\/radiojingles24.com\/\",\"name\":\"Radio Jingles 24: Radio Jingles | DJ Drops | Podcast Intros | Sung Jingles\",\"description\":\"Radio Jingles, Sung Jingles, DJ Drops, and Podcast Intros for commercial, community and internet radio stations. UK Based. Prices from \u00a35. Order online.\",\"publisher\":{\"@id\":\"https:\/\/radiojingles24.com\/#organization\"},\"potentialAction\":[{\"@type\":\"SearchAction\",\"target\":{\"@type\":\"EntryPoint\",\"urlTemplate\":\"https:\/\/radiojingles24.com\/?s={search_term_string}\"},\"query-input\":{\"@type\":\"PropertyValueSpecification\",\"valueRequired\":true,\"valueName\":\"search_term_string\"}}],\"inLanguage\":\"it-IT\"},{\"@type\":\"Organization\",\"@id\":\"https:\/\/radiojingles24.com\/#organization\",\"name\":\"Radio Jingles 24\",\"url\":\"https:\/\/radiojingles24.com\/\",\"logo\":{\"@type\":\"ImageObject\",\"inLanguage\":\"it-IT\",\"@id\":\"https:\/\/radiojingles24.com\/#\/schema\/logo\/image\/\",\"url\":\"https:\/\/radiojingles24.com\/wp-content\/uploads\/2019\/11\/RadioJingle1-1.jpg\",\"contentUrl\":\"https:\/\/radiojingles24.com\/wp-content\/uploads\/2019\/11\/RadioJingle1-1.jpg\",\"width\":512,\"height\":158,\"caption\":\"Radio Jingles 24\"},\"image\":{\"@id\":\"https:\/\/radiojingles24.com\/#\/schema\/logo\/image\/\"},\"sameAs\":[\"https:\/\/www.facebook.com\/radiojingles24\/\",\"https:\/\/x.com\/radiojingles24\"]}]}<\/script>\n<!-- \/ Yoast SEO plugin. -->","yoast_head_json":{"title":"Radio Jingles 24: Radio Jingles | DJ Drops | Introduzione ai podcast | Jingles cantati","description":"Jingles radiofonici, Jingles cantati, DJ Drops e Podcast Intro per stazioni radio commerciali, comunitarie e Internet. Con sede nel Regno Unito. Prezzi a partire da \u00a3 5. Ordinare on-line.","robots":{"index":"index","follow":"follow","max-snippet":"max-snippet:-1","max-image-preview":"max-image-preview:large","max-video-preview":"max-video-preview:-1"},"canonical":"https:\/\/radiojingles24.com\/it\/terms-conditions\/","og_locale":"it_IT","og_type":"article","og_title":"Radio Jingles 24: Radio Jingles | DJ Drops | Podcast Intros | Sung Jingles","og_description":"Radio Jingles, Sung Jingles, DJ Drops, and Podcast Intros for commercial, community and internet radio stations. UK Based. Prices from \u00a35. Order online.","og_url":"https:\/\/radiojingles24.com\/it\/terms-conditions\/","og_site_name":"Radio Jingles 24: Radio Jingles | DJ Drops | Podcast Intros | Sung Jingles","article_publisher":"https:\/\/www.facebook.com\/radiojingles24\/","twitter_card":"summary_large_image","twitter_site":"@radiojingles24","twitter_misc":{"Tempo di lettura stimato":"7 minuti"},"schema":{"@context":"https:\/\/schema.org","@graph":[{"@type":"WebPage","@id":"https:\/\/radiojingles24.com\/terms-conditions\/","url":"https:\/\/radiojingles24.com\/terms-conditions\/","name":"Radio Jingles 24: Radio Jingles | DJ Drops | Introduzione ai podcast | Jingles cantati","isPartOf":{"@id":"https:\/\/radiojingles24.com\/#website"},"datePublished":"2021-01-03T15:12:21+00:00","description":"Jingles radiofonici, Jingles cantati, DJ Drops e Podcast Intro per stazioni radio commerciali, comunitarie e Internet. Con sede nel Regno Unito. Prezzi a partire da \u00a3 5. Ordinare on-line.","breadcrumb":{"@id":"https:\/\/radiojingles24.com\/terms-conditions\/#breadcrumb"},"inLanguage":"it-IT","potentialAction":[{"@type":"ReadAction","target":["https:\/\/radiojingles24.com\/terms-conditions\/"]}]},{"@type":"BreadcrumbList","@id":"https:\/\/radiojingles24.com\/terms-conditions\/#breadcrumb","itemListElement":[{"@type":"ListItem","position":1,"name":"Home","item":"https:\/\/radiojingles24.com\/de\/"},{"@type":"ListItem","position":2,"name":"Terms &#038; Conditions"}]},{"@type":"WebSite","@id":"https:\/\/radiojingles24.com\/#website","url":"https:\/\/radiojingles24.com\/","name":"Radio Jingles 24: Radio Jingles | DJ Drops | Introduzione ai podcast | Jingles cantati","description":"Jingles radiofonici, Jingles cantati, DJ Drops e Podcast Intro per stazioni radio commerciali, comunitarie e Internet. Con sede nel Regno Unito. Prezzi a partire da \u00a3 5. Ordinare on-line.","publisher":{"@id":"https:\/\/radiojingles24.com\/#organization"},"potentialAction":[{"@type":"SearchAction","target":{"@type":"EntryPoint","urlTemplate":"https:\/\/radiojingles24.com\/?s={search_term_string}"},"query-input":{"@type":"PropertyValueSpecification","valueRequired":true,"valueName":"search_term_string"}}],"inLanguage":"it-IT"},{"@type":"Organization","@id":"https:\/\/radiojingles24.com\/#organization","name":"Jingle radio 24","url":"https:\/\/radiojingles24.com\/","logo":{"@type":"ImageObject","inLanguage":"it-IT","@id":"https:\/\/radiojingles24.com\/#\/schema\/logo\/image\/","url":"https:\/\/radiojingles24.com\/wp-content\/uploads\/2019\/11\/RadioJingle1-1.jpg","contentUrl":"https:\/\/radiojingles24.com\/wp-content\/uploads\/2019\/11\/RadioJingle1-1.jpg","width":512,"height":158,"caption":"Radio Jingles 24"},"image":{"@id":"https:\/\/radiojingles24.com\/#\/schema\/logo\/image\/"},"sameAs":["https:\/\/www.facebook.com\/radiojingles24\/","https:\/\/x.com\/radiojingles24"]}]}},"jetpack_sharing_enabled":true,"_links":{"self":[{"href":"https:\/\/radiojingles24.com\/it\/wp-json\/wp\/v2\/pages\/87784","targetHints":{"allow":["GET"]}}],"collection":[{"href":"https:\/\/radiojingles24.com\/it\/wp-json\/wp\/v2\/pages"}],"about":[{"href":"https:\/\/radiojingles24.com\/it\/wp-json\/wp\/v2\/types\/page"}],"author":[{"embeddable":true,"href":"https:\/\/radiojingles24.com\/it\/wp-json\/wp\/v2\/users\/1"}],"replies":[{"embeddable":true,"href":"https:\/\/radiojingles24.com\/it\/wp-json\/wp\/v2\/comments?post=87784"}],"version-history":[{"count":1,"href":"https:\/\/radiojingles24.com\/it\/wp-json\/wp\/v2\/pages\/87784\/revisions"}],"predecessor-version":[{"id":87785,"href":"https:\/\/radiojingles24.com\/it\/wp-json\/wp\/v2\/pages\/87784\/revisions\/87785"}],"wp:attachment":[{"href":"https:\/\/radiojingles24.com\/it\/wp-json\/wp\/v2\/media?parent=87784"}],"curies":[{"name":"wp","href":"https:\/\/api.w.org\/{rel}","templated":true}]}}