{"id":88474,"date":"2021-02-10T16:41:42","date_gmt":"2021-02-10T16:41:42","guid":{"rendered":"https:\/\/radiojingles24.com\/?page_id=88474"},"modified":"2021-02-10T16:41:42","modified_gmt":"2021-02-10T16:41:42","slug":"dj-intro-voice-to-download-2","status":"publish","type":"page","link":"https:\/\/radiojingles24.com\/it\/dj-intro-voice-to-download-2\/","title":{"rendered":"DJ Intro Voice da scaricare"},"content":{"rendered":"<div id=\"fws_69e05ca879298\"  data-midnight=\"dark\"  data-bg-mobile-hidden=\"\" class=\"wpb_row vc_row-fluid vc_row top-level standard_section\"  style=\"padding-top: 0px; padding-bottom: 0px; \"><div class=\"row-bg-wrap\" data-bg-animation=\"none\"><div class=\"inner-wrap\"><div class=\"row-bg\"  style=\"\"><\/div><\/div><div class=\"row-bg-overlay\" ><\/div><\/div><div class=\"col span_12 dark left\">\n\t<div  class=\"vc_col-sm-12 wpb_column column_container vc_column_container col no-extra-padding\"  data-t-w-inherits=\"default\" data-border-radius=\"none\" data-shadow=\"none\" data-border-animation=\"\" data-border-animation-delay=\"\" data-border-width=\"none\" data-border-style=\"solid\" data-border-color=\"\" data-bg-cover=\"\" data-padding-pos=\"all\" data-has-bg-color=\"false\" data-bg-color=\"\" data-bg-opacity=\"1\" data-hover-bg=\"\" data-hover-bg-opacity=\"1\" data-animation=\"\" data-delay=\"0\"><div class=\"column-bg-overlay\"><\/div>\n\t\t<div class=\"vc_column-inner\">\n\t\t\t<div class=\"wpb_wrapper\">\n\t\t\t\t\r\n\t<div class=\"wpb_text_column wpb_content_element\" >\r\n\t\t<div class=\"wpb_wrapper\">\r\n\t\t\t<p><span style=\"font-weight: 400;\">Vorresti scaricare una voce introduttiva per DJ prodotta rapidamente e a un prezzo conveniente? Sei una stazione radio commerciale o comunitaria che necessita di un suono professionale di alta qualit\u00e0? Se hai risposto s\u00ec a una di queste domande, sei arrivato dalle persone giuste. Benvenuto a <\/span><a href=\"https:\/\/radiojingles24.com\/it\/\"><span style=\"font-weight: 400;\">Jingle radio 24<\/span><\/a><span style=\"font-weight: 400;\">, siamo specialisti nella produzione audio e offriamo un&#039;ampia gamma di soluzioni audio per i clienti con sede in tutto il Regno Unito.\u00a0<\/span><\/p>\n<p><span style=\"font-weight: 400;\">Il nostro team di esperti crea di tutto, dalle immagini di stazioni radio e jingle radiofonici cantati a spot pubblicitari, audio podcast e DJ drop. Con oltre 10 anni di esperienza nel settore, siamo fornitori di audio di prima classe su cui puoi contare per tutte le tue esigenze audio. Mettiti in contatto con noi per sfruttare il nostro ampio catalogo arretrato di musica royalty-free e SFX.\u00a0<\/span><\/p>\n<p>&nbsp;<\/p>\n<h2>DJ Intro Voice da scaricare<\/h2>\n<p>&nbsp;<\/p>\n<p><span style=\"font-weight: 400;\">Siamo leader <\/span><a href=\"https:\/\/radiojingles24.com\/it\/about\/\"><span style=\"font-weight: 400;\">societ\u00e0 di produzione audio<\/span><\/a><span style=\"font-weight: 400;\"> con sede a Leeds. Il nostro team ha una lunga storia di lavoro nel settore audio con clienti tra cui podcaster, DJ e stazioni radio. Abbiamo lavorato insieme a noti clienti come Corby Radio, Cash Converters e il gruppo UKRD. Abbiamo 10 anni di esperienza lavorando con i migliori talenti nel settore del voice over e dell&#039;audio. Forniamo un suono di prima classe da artisti professionisti e rinomati che offrono risultati coerenti.\u00a0<\/span><\/p>\n<p>&nbsp;<\/p>\n<p><span style=\"font-weight: 400;\">Il nostro audio \u00e8 prodotto in una variet\u00e0 di formati di file tra cui HQ MP3, WAVE e AIFF. Questo ti d\u00e0 la flessibilit\u00e0 di scegliere il formato giusto per il tuo progetto. \u00c8 nostra garanzia che il tuo audio ti verr\u00e0 consegnato entro un massimo di 24 ore, non oltre. Siamo i pi\u00f9 veloci del settore! Se hai un disperato bisogno del tuo audio anche prima, faccelo sapere e vedremo cosa possiamo fare per te. Per scaricare una voce introduttiva da DJ, scegli Radio Jingles 24.<\/span><\/p>\n<p>&nbsp;<\/p>\n<p><b>Ti interessa una voce introduttiva da DJ da scaricare?<\/b><\/p>\n<p>&nbsp;<\/p>\n<p><span style=\"font-weight: 400;\">Se stai cercando un suono autentico e professionale <\/span><a href=\"https:\/\/radiojingles24.com\/it\/categoria-prodotto\/dj-drops\/\"><span style=\"font-weight: 400;\">Voce introduttiva DJ da scaricare<\/span><\/a><span style=\"font-weight: 400;\">, possiamo offrirti due fantastiche opzioni. I nostri pacchetti sono costituiti dall&#039;Essential DJ Pack e dal Pro DJ Drop Pack. Nella collezione Essential DJ, riceverai 3 x DJ Drops con Vocal FX, cos\u00ec come le singole copie dry di questi file. In totale, questa opzione fornisce 6 file audio per un prezzo competitivo di \u00a3 25 - un valore incredibile.\u00a0<\/span><\/p>\n<p>&nbsp;<\/p>\n<p><span style=\"font-weight: 400;\">Se desideri qualcosa di pi\u00f9 grande, il Pro DJ Drop PAck \u00e8 perfetto. Contiene 3 DJ Drops da 10 secondi con Vocal FX pi\u00f9 le copie dry; 2 DJ Drop completamente prodotti ciascuno della durata massima di 10 secondi con opzioni Music, SFX e Vocal FX e le copie dry. Tutto questo per soli \u00a3 55. Queste due opzioni ti consentono di risparmiare denaro a lungo termine permettendoti di acquistare pi\u00f9 DJ Drops in una semplice soluzione. Non solo ti facciamo risparmiare denaro, ma forniamo qualit\u00e0 del suono, prestazioni e voce fuori campo di prima classe.\u00a0<\/span><\/p>\n<p>&nbsp;<\/p>\n<p><b>Hai bisogno di audio per il tuo prossimo progetto?\u00a0<\/b><\/p>\n<p>&nbsp;<\/p>\n<p><span style=\"font-weight: 400;\">Se hai bisogno di una voce introduttiva da DJ da scaricare, Radio Jingles 24 ha la soluzione. Con una vasta esperienza alle spalle, siamo in grado di fornire audio professionale e su misura. Per parlare con uno del nostro team delle opzioni, puoi chiamarci <\/span><span style=\"font-weight: 400;\">+44 0113 5346686 (Regno Unito) o +1 (212) 710-1350 (USA). In alternativa, non esitare a inviarci un&#039;e-mail a <\/span><a href=\"mailto:info@radiojingles24.com\"><span style=\"font-weight: 400;\">info@radiojingles24.com<\/span><\/a><span style=\"font-weight: 400;\"> e ti risponderemo il prima possibile. Puoi anche <\/span><a href=\"https:\/\/radiojingles24.com\/it\/contact-us\/\"><span style=\"font-weight: 400;\">inviaci un messaggio<\/span><\/a><span style=\"font-weight: 400;\"> tramite il modulo di contatto sul nostro sito web. Speriamo di risentirti presto.\u00a0<\/span><\/p>\n\r\n\t\t<\/div>\r\n\t<\/div>\r\n\n\t\t\t<\/div> \n\t\t<\/div>\n\t<\/div> \n<\/div><\/div>","protected":false},"excerpt":{"rendered":"Vorresti scaricare una voce introduttiva per DJ a prezzi accessibili e prodotta rapidamente? Sei una stazione radio commerciale o comunitaria che necessita di un suono professionale di alta qualit\u00e0? Se tu...","protected":false},"author":1,"featured_media":0,"parent":0,"menu_order":0,"comment_status":"closed","ping_status":"closed","template":"","meta":{"_exactmetrics_skip_tracking":false,"_exactmetrics_sitenote_active":false,"_exactmetrics_sitenote_note":"","_exactmetrics_sitenote_category":0,"footnotes":""},"class_list":["post-88474","page","type-page","status-publish"],"yoast_head":"<!-- This site is optimized with the Yoast SEO plugin v26.8 - https:\/\/yoast.com\/product\/yoast-seo-wordpress\/ -->\n<title>Radio Jingles 24: Radio Jingles | DJ Drops | Podcast Intros | Sung Jingles<\/title>\n<meta name=\"description\" content=\"Radio Jingles, Sung Jingles, DJ Drops, and Podcast Intros for commercial, community and internet radio stations. UK Based. Prices from \u00a35. Order online.\" \/>\n<meta name=\"robots\" content=\"index, follow, max-snippet:-1, max-image-preview:large, max-video-preview:-1\" \/>\n<link rel=\"canonical\" href=\"https:\/\/radiojingles24.com\/it\/dj-intro-voice-to-download-2\/\" \/>\n<meta property=\"og:locale\" content=\"it_IT\" \/>\n<meta property=\"og:type\" content=\"article\" \/>\n<meta property=\"og:title\" content=\"Radio Jingles 24: Radio Jingles | DJ Drops | Podcast Intros | Sung Jingles\" \/>\n<meta property=\"og:description\" content=\"Radio Jingles, Sung Jingles, DJ Drops, and Podcast Intros for commercial, community and internet radio stations. UK Based. Prices from \u00a35. Order online.\" \/>\n<meta property=\"og:url\" content=\"https:\/\/radiojingles24.com\/it\/dj-intro-voice-to-download-2\/\" \/>\n<meta property=\"og:site_name\" content=\"Radio Jingles 24: Radio Jingles | DJ Drops | Podcast Intros | Sung Jingles\" \/>\n<meta property=\"article:publisher\" content=\"https:\/\/www.facebook.com\/radiojingles24\/\" \/>\n<meta name=\"twitter:card\" content=\"summary_large_image\" \/>\n<meta name=\"twitter:site\" content=\"@radiojingles24\" \/>\n<meta name=\"twitter:label1\" content=\"Tempo di lettura stimato\" \/>\n\t<meta name=\"twitter:data1\" content=\"3 minuti\" \/>\n<script type=\"application\/ld+json\" class=\"yoast-schema-graph\">{\"@context\":\"https:\/\/schema.org\",\"@graph\":[{\"@type\":\"WebPage\",\"@id\":\"https:\/\/radiojingles24.com\/dj-intro-voice-to-download-2\/\",\"url\":\"https:\/\/radiojingles24.com\/dj-intro-voice-to-download-2\/\",\"name\":\"Radio Jingles 24: Radio Jingles | DJ Drops | Podcast Intros | Sung Jingles\",\"isPartOf\":{\"@id\":\"https:\/\/radiojingles24.com\/#website\"},\"datePublished\":\"2021-02-10T16:41:42+00:00\",\"description\":\"Radio Jingles, Sung Jingles, DJ Drops, and Podcast Intros for commercial, community and internet radio stations. UK Based. Prices from \u00a35. Order online.\",\"breadcrumb\":{\"@id\":\"https:\/\/radiojingles24.com\/dj-intro-voice-to-download-2\/#breadcrumb\"},\"inLanguage\":\"it-IT\",\"potentialAction\":[{\"@type\":\"ReadAction\",\"target\":[\"https:\/\/radiojingles24.com\/dj-intro-voice-to-download-2\/\"]}]},{\"@type\":\"BreadcrumbList\",\"@id\":\"https:\/\/radiojingles24.com\/dj-intro-voice-to-download-2\/#breadcrumb\",\"itemListElement\":[{\"@type\":\"ListItem\",\"position\":1,\"name\":\"Home\",\"item\":\"https:\/\/radiojingles24.com\/de\/\"},{\"@type\":\"ListItem\",\"position\":2,\"name\":\"DJ Intro Voice to Download\"}]},{\"@type\":\"WebSite\",\"@id\":\"https:\/\/radiojingles24.com\/#website\",\"url\":\"https:\/\/radiojingles24.com\/\",\"name\":\"Radio Jingles 24: Radio Jingles | DJ Drops | Podcast Intros | Sung Jingles\",\"description\":\"Radio Jingles, Sung Jingles, DJ Drops, and Podcast Intros for commercial, community and internet radio stations. UK Based. Prices from \u00a35. Order online.\",\"publisher\":{\"@id\":\"https:\/\/radiojingles24.com\/#organization\"},\"potentialAction\":[{\"@type\":\"SearchAction\",\"target\":{\"@type\":\"EntryPoint\",\"urlTemplate\":\"https:\/\/radiojingles24.com\/?s={search_term_string}\"},\"query-input\":{\"@type\":\"PropertyValueSpecification\",\"valueRequired\":true,\"valueName\":\"search_term_string\"}}],\"inLanguage\":\"it-IT\"},{\"@type\":\"Organization\",\"@id\":\"https:\/\/radiojingles24.com\/#organization\",\"name\":\"Radio Jingles 24\",\"url\":\"https:\/\/radiojingles24.com\/\",\"logo\":{\"@type\":\"ImageObject\",\"inLanguage\":\"it-IT\",\"@id\":\"https:\/\/radiojingles24.com\/#\/schema\/logo\/image\/\",\"url\":\"https:\/\/radiojingles24.com\/wp-content\/uploads\/2019\/11\/RadioJingle1-1.jpg\",\"contentUrl\":\"https:\/\/radiojingles24.com\/wp-content\/uploads\/2019\/11\/RadioJingle1-1.jpg\",\"width\":512,\"height\":158,\"caption\":\"Radio Jingles 24\"},\"image\":{\"@id\":\"https:\/\/radiojingles24.com\/#\/schema\/logo\/image\/\"},\"sameAs\":[\"https:\/\/www.facebook.com\/radiojingles24\/\",\"https:\/\/x.com\/radiojingles24\"]}]}<\/script>\n<!-- \/ Yoast SEO plugin. -->","yoast_head_json":{"title":"Radio Jingles 24: Radio Jingles | DJ Drops | Introduzione ai podcast | Jingles cantati","description":"Jingles radiofonici, Jingles cantati, DJ Drops e Podcast Intro per stazioni radio commerciali, comunitarie e Internet. Con sede nel Regno Unito. Prezzi a partire da \u00a3 5. Ordinare on-line.","robots":{"index":"index","follow":"follow","max-snippet":"max-snippet:-1","max-image-preview":"max-image-preview:large","max-video-preview":"max-video-preview:-1"},"canonical":"https:\/\/radiojingles24.com\/it\/dj-intro-voice-to-download-2\/","og_locale":"it_IT","og_type":"article","og_title":"Radio Jingles 24: Radio Jingles | DJ Drops | Podcast Intros | Sung Jingles","og_description":"Radio Jingles, Sung Jingles, DJ Drops, and Podcast Intros for commercial, community and internet radio stations. UK Based. Prices from \u00a35. Order online.","og_url":"https:\/\/radiojingles24.com\/it\/dj-intro-voice-to-download-2\/","og_site_name":"Radio Jingles 24: Radio Jingles | DJ Drops | Podcast Intros | Sung Jingles","article_publisher":"https:\/\/www.facebook.com\/radiojingles24\/","twitter_card":"summary_large_image","twitter_site":"@radiojingles24","twitter_misc":{"Tempo di lettura stimato":"3 minuti"},"schema":{"@context":"https:\/\/schema.org","@graph":[{"@type":"WebPage","@id":"https:\/\/radiojingles24.com\/dj-intro-voice-to-download-2\/","url":"https:\/\/radiojingles24.com\/dj-intro-voice-to-download-2\/","name":"Radio Jingles 24: Radio Jingles | DJ Drops | Introduzione ai podcast | Jingles cantati","isPartOf":{"@id":"https:\/\/radiojingles24.com\/#website"},"datePublished":"2021-02-10T16:41:42+00:00","description":"Jingles radiofonici, Jingles cantati, DJ Drops e Podcast Intro per stazioni radio commerciali, comunitarie e Internet. Con sede nel Regno Unito. Prezzi a partire da \u00a3 5. Ordinare on-line.","breadcrumb":{"@id":"https:\/\/radiojingles24.com\/dj-intro-voice-to-download-2\/#breadcrumb"},"inLanguage":"it-IT","potentialAction":[{"@type":"ReadAction","target":["https:\/\/radiojingles24.com\/dj-intro-voice-to-download-2\/"]}]},{"@type":"BreadcrumbList","@id":"https:\/\/radiojingles24.com\/dj-intro-voice-to-download-2\/#breadcrumb","itemListElement":[{"@type":"ListItem","position":1,"name":"Home","item":"https:\/\/radiojingles24.com\/de\/"},{"@type":"ListItem","position":2,"name":"DJ Intro Voice to Download"}]},{"@type":"WebSite","@id":"https:\/\/radiojingles24.com\/#website","url":"https:\/\/radiojingles24.com\/","name":"Radio Jingles 24: Radio Jingles | DJ Drops | Introduzione ai podcast | Jingles cantati","description":"Jingles radiofonici, Jingles cantati, DJ Drops e Podcast Intro per stazioni radio commerciali, comunitarie e Internet. Con sede nel Regno Unito. Prezzi a partire da \u00a3 5. Ordinare on-line.","publisher":{"@id":"https:\/\/radiojingles24.com\/#organization"},"potentialAction":[{"@type":"SearchAction","target":{"@type":"EntryPoint","urlTemplate":"https:\/\/radiojingles24.com\/?s={search_term_string}"},"query-input":{"@type":"PropertyValueSpecification","valueRequired":true,"valueName":"search_term_string"}}],"inLanguage":"it-IT"},{"@type":"Organization","@id":"https:\/\/radiojingles24.com\/#organization","name":"Jingle radio 24","url":"https:\/\/radiojingles24.com\/","logo":{"@type":"ImageObject","inLanguage":"it-IT","@id":"https:\/\/radiojingles24.com\/#\/schema\/logo\/image\/","url":"https:\/\/radiojingles24.com\/wp-content\/uploads\/2019\/11\/RadioJingle1-1.jpg","contentUrl":"https:\/\/radiojingles24.com\/wp-content\/uploads\/2019\/11\/RadioJingle1-1.jpg","width":512,"height":158,"caption":"Radio Jingles 24"},"image":{"@id":"https:\/\/radiojingles24.com\/#\/schema\/logo\/image\/"},"sameAs":["https:\/\/www.facebook.com\/radiojingles24\/","https:\/\/x.com\/radiojingles24"]}]}},"jetpack_sharing_enabled":true,"_links":{"self":[{"href":"https:\/\/radiojingles24.com\/it\/wp-json\/wp\/v2\/pages\/88474","targetHints":{"allow":["GET"]}}],"collection":[{"href":"https:\/\/radiojingles24.com\/it\/wp-json\/wp\/v2\/pages"}],"about":[{"href":"https:\/\/radiojingles24.com\/it\/wp-json\/wp\/v2\/types\/page"}],"author":[{"embeddable":true,"href":"https:\/\/radiojingles24.com\/it\/wp-json\/wp\/v2\/users\/1"}],"replies":[{"embeddable":true,"href":"https:\/\/radiojingles24.com\/it\/wp-json\/wp\/v2\/comments?post=88474"}],"version-history":[{"count":1,"href":"https:\/\/radiojingles24.com\/it\/wp-json\/wp\/v2\/pages\/88474\/revisions"}],"predecessor-version":[{"id":88475,"href":"https:\/\/radiojingles24.com\/it\/wp-json\/wp\/v2\/pages\/88474\/revisions\/88475"}],"wp:attachment":[{"href":"https:\/\/radiojingles24.com\/it\/wp-json\/wp\/v2\/media?parent=88474"}],"curies":[{"name":"wp","href":"https:\/\/api.w.org\/{rel}","templated":true}]}}