{"id":89348,"date":"2021-04-06T14:43:04","date_gmt":"2021-04-06T14:43:04","guid":{"rendered":"https:\/\/radiojingles24.com\/?page_id=89348"},"modified":"2021-04-06T14:43:04","modified_gmt":"2021-04-06T14:43:04","slug":"searching-for-a-jingle-maker-app","status":"publish","type":"page","link":"https:\/\/radiojingles24.com\/it\/searching-for-a-jingle-maker-app\/","title":{"rendered":"Cerchi un&#039;app Jingle Maker?"},"content":{"rendered":"<div id=\"fws_69f1a64307d3a\"  data-midnight=\"dark\"  data-bg-mobile-hidden=\"\" class=\"wpb_row vc_row-fluid vc_row top-level standard_section\"  style=\"padding-top: 0px; padding-bottom: 0px; \"><div class=\"row-bg-wrap\" data-bg-animation=\"none\"><div class=\"inner-wrap\"><div class=\"row-bg\"  style=\"\"><\/div><\/div><div class=\"row-bg-overlay\" ><\/div><\/div><div class=\"col span_12 dark left\">\n\t<div  class=\"vc_col-sm-12 wpb_column column_container vc_column_container col no-extra-padding\"  data-t-w-inherits=\"default\" data-border-radius=\"none\" data-shadow=\"none\" data-border-animation=\"\" data-border-animation-delay=\"\" data-border-width=\"none\" data-border-style=\"solid\" data-border-color=\"\" data-bg-cover=\"\" data-padding-pos=\"all\" data-has-bg-color=\"false\" data-bg-color=\"\" data-bg-opacity=\"1\" data-hover-bg=\"\" data-hover-bg-opacity=\"1\" data-animation=\"\" data-delay=\"0\"><div class=\"column-bg-overlay\"><\/div>\n\t\t<div class=\"vc_column-inner\">\n\t\t\t<div class=\"wpb_wrapper\">\n\t\t\t\t\r\n\t<div class=\"wpb_text_column wpb_content_element\" >\r\n\t\t<div class=\"wpb_wrapper\">\r\n\t\t\t<p><span style=\"font-weight: 400;\">Stai cercando di creare un jingle per distinguerti nel mercato? Vuoi un modo semplice e facile per ottenere il jingle ideale? Qui a <\/span><a href=\"https:\/\/radiojingles24.com\/it\/\"><span style=\"font-weight: 400;\">Radio Jingle 24<\/span><\/a><span style=\"font-weight: 400;\">, abbiamo una pratica app jingle maker che render\u00e0 l&#039;intero processo semplice e facile da gestire. Avrai tutto ci\u00f2 di cui hai bisogno per creare un tintinnio accattivante e memorabile tutto nel palmo della tua mano. Lavoriamo duramente per offrirti la migliore rappresentazione possibile del tuo marchio. Possiamo offrirti voci fuori campo professionali o jingle cantati in quasi tutti gli stili, dalla classica vecchia radio ai cantanti moderni. Perch\u00e9 non contattarci oggi e diffondere il tuo marchio con l&#039;app jingle maker di Radio Jingle 24?\u00a0<\/span><\/p>\n<h2><b>Perch\u00e9 investire in un jingle?<\/b><\/h2>\n<p><span style=\"font-weight: 400;\">I jingle sono un file <\/span><a href=\"https:\/\/radiojingles24.com\/it\/about\/\"><span style=\"font-weight: 400;\">ottima forma di pubblicit\u00e0<\/span><\/a><span style=\"font-weight: 400;\"> e sono stati radicati nel tessuto del marketing sin dagli anni &#039;50. Nonostante il panorama in continua evoluzione del marketing e della pubblicit\u00e0, i jingle sono rimasti un punto fermo, essendo utilizzati da aziende di quasi tutte le dimensioni. La cosa fondamentale che rende i jingle cos\u00ec efficaci \u00e8 che rimangono bloccati nella tua testa. Anche se un jingle \u00e8 in qualche modo ripetitivo, \u00e8 comunque memorabile e talvolta un jingle pi\u00f9 irritante pu\u00f2 essere pi\u00f9 efficace se pi\u00f9 persone lo ricordano.\u00a0<\/span><\/p>\n<p><span style=\"font-weight: 400;\">Probabilmente puoi immediatamente pensare a jingle di successo che hai sentito e ricordare le aziende che li hanno scritti. Da &quot;We Buy Any Car&quot; a &quot;Hastings Direct&quot;, i jingle possono restare in testa per anni a venire. E una volta creato un jingle sulla nostra app jingle maker, diventa quasi pubblicit\u00e0 gratuita poich\u00e9 si attacca al cervello delle persone e rende il tuo marchio immediatamente riconoscibile.<\/span><\/p>\n<p><b>Come pu\u00f2 aiutare Radio Jingle 24?<\/b><\/p>\n<p><span style=\"font-weight: 400;\">Qui a Radio Jingle 24, cerchiamo di mantenere le cose semplici. Sappiamo che scrivere un jingle pu\u00f2 sembrare un compito travolgente da intraprendere, in particolare se devi assumere un cantautore e musicisti per creare il jingle per te. Quindi ci dedichiamo a eliminare tutto il problema con la nostra app jingle maker. Con questa app potrai scegliere esattamente quello che vuoi realizzare.\u00a0<\/span><\/p>\n<p><span style=\"font-weight: 400;\">Che si tratti di una traccia audio integrale, di un breve jingle o di una voce fuori campo per il tuo prossimo spot televisivo o radiofonico, possiamo realizzarlo. Carica la tua sceneggiatura, scegli il tuo stile e il tuo attore e noi faremo il resto. La nostra app per la creazione di jingle \u00e8 facile da usare e avrai il tuo nuovo jingle entro 24 ore. Appoggiati al potere del jingle, con Radio Jingle 24.<\/span><\/p>\n<p><b>Interessato a creare un jingle?<\/b><\/p>\n<p><span style=\"font-weight: 400;\">Se sei interessato ad avere il tuo jingle personalizzato creato apposta per te, sentiti libero di provare la nostra app jingle maker. Il nostro team di eccellenti cantanti e cantanti sar\u00e0 in grado di creare esattamente lo stile e la durata del jingle che speravi. Per jingle creativi e memorabili, scegli Radio Jingle 24. Puoi chiamarci allo 01135 346686 o inviarci un&#039;e-mail a <\/span><a href=\"mailto:info@radiojingles24.com\"><span style=\"font-weight: 400;\">info@radiojingles24.com<\/span><\/a><span style=\"font-weight: 400;\">. Non vediamo l&#039;ora di lavorare con te.<\/span><\/p>\n\r\n\t\t<\/div>\r\n\t<\/div>\r\n\n\t\t\t<\/div> \n\t\t<\/div>\n\t<\/div> \n<\/div><\/div>","protected":false},"excerpt":{"rendered":"Stai cercando di creare un jingle per distinguerti dal mercato? Vuoi un modo semplice e facile per ottenere il jingle ideale? Qui alla Radio...","protected":false},"author":1,"featured_media":0,"parent":0,"menu_order":0,"comment_status":"closed","ping_status":"closed","template":"","meta":{"_exactmetrics_skip_tracking":false,"_exactmetrics_sitenote_active":false,"_exactmetrics_sitenote_note":"","_exactmetrics_sitenote_category":0,"footnotes":""},"class_list":["post-89348","page","type-page","status-publish"],"yoast_head":"<!-- This site is optimized with the Yoast SEO plugin v26.8 - https:\/\/yoast.com\/product\/yoast-seo-wordpress\/ -->\n<title>Radio Jingles 24: Radio Jingles | DJ Drops | Podcast Intros | Sung Jingles<\/title>\n<meta name=\"description\" content=\"Radio Jingles, Sung Jingles, DJ Drops, and Podcast Intros for commercial, community and internet radio stations. UK Based. Prices from \u00a35. Order online.\" \/>\n<meta name=\"robots\" content=\"index, follow, max-snippet:-1, max-image-preview:large, max-video-preview:-1\" \/>\n<link rel=\"canonical\" href=\"https:\/\/radiojingles24.com\/it\/searching-for-a-jingle-maker-app\/\" \/>\n<meta property=\"og:locale\" content=\"it_IT\" \/>\n<meta property=\"og:type\" content=\"article\" \/>\n<meta property=\"og:title\" content=\"Radio Jingles 24: Radio Jingles | DJ Drops | Podcast Intros | Sung Jingles\" \/>\n<meta property=\"og:description\" content=\"Radio Jingles, Sung Jingles, DJ Drops, and Podcast Intros for commercial, community and internet radio stations. UK Based. Prices from \u00a35. Order online.\" \/>\n<meta property=\"og:url\" content=\"https:\/\/radiojingles24.com\/it\/searching-for-a-jingle-maker-app\/\" \/>\n<meta property=\"og:site_name\" content=\"Radio Jingles 24: Radio Jingles | DJ Drops | Podcast Intros | Sung Jingles\" \/>\n<meta property=\"article:publisher\" content=\"https:\/\/www.facebook.com\/radiojingles24\/\" \/>\n<meta name=\"twitter:card\" content=\"summary_large_image\" \/>\n<meta name=\"twitter:site\" content=\"@radiojingles24\" \/>\n<meta name=\"twitter:label1\" content=\"Tempo di lettura stimato\" \/>\n\t<meta name=\"twitter:data1\" content=\"3 minuti\" \/>\n<script type=\"application\/ld+json\" class=\"yoast-schema-graph\">{\"@context\":\"https:\/\/schema.org\",\"@graph\":[{\"@type\":\"WebPage\",\"@id\":\"https:\/\/radiojingles24.com\/fr\/searching-for-a-jingle-maker-app\/\",\"url\":\"https:\/\/radiojingles24.com\/fr\/searching-for-a-jingle-maker-app\/\",\"name\":\"Radio Jingles 24: Radio Jingles | DJ Drops | Podcast Intros | Sung Jingles\",\"isPartOf\":{\"@id\":\"https:\/\/radiojingles24.com\/#website\"},\"datePublished\":\"2021-04-06T14:43:04+00:00\",\"description\":\"Radio Jingles, Sung Jingles, DJ Drops, and Podcast Intros for commercial, community and internet radio stations. UK Based. Prices from \u00a35. Order online.\",\"breadcrumb\":{\"@id\":\"https:\/\/radiojingles24.com\/fr\/searching-for-a-jingle-maker-app\/#breadcrumb\"},\"inLanguage\":\"it-IT\",\"potentialAction\":[{\"@type\":\"ReadAction\",\"target\":[\"https:\/\/radiojingles24.com\/fr\/searching-for-a-jingle-maker-app\/\"]}]},{\"@type\":\"BreadcrumbList\",\"@id\":\"https:\/\/radiojingles24.com\/fr\/searching-for-a-jingle-maker-app\/#breadcrumb\",\"itemListElement\":[{\"@type\":\"ListItem\",\"position\":1,\"name\":\"Home\",\"item\":\"https:\/\/radiojingles24.com\/de\/\"},{\"@type\":\"ListItem\",\"position\":2,\"name\":\"Searching for a Jingle Maker App?\"}]},{\"@type\":\"WebSite\",\"@id\":\"https:\/\/radiojingles24.com\/#website\",\"url\":\"https:\/\/radiojingles24.com\/\",\"name\":\"Radio Jingles 24: Radio Jingles | DJ Drops | Podcast Intros | Sung Jingles\",\"description\":\"Radio Jingles, Sung Jingles, DJ Drops, and Podcast Intros for commercial, community and internet radio stations. UK Based. Prices from \u00a35. Order online.\",\"publisher\":{\"@id\":\"https:\/\/radiojingles24.com\/#organization\"},\"potentialAction\":[{\"@type\":\"SearchAction\",\"target\":{\"@type\":\"EntryPoint\",\"urlTemplate\":\"https:\/\/radiojingles24.com\/?s={search_term_string}\"},\"query-input\":{\"@type\":\"PropertyValueSpecification\",\"valueRequired\":true,\"valueName\":\"search_term_string\"}}],\"inLanguage\":\"it-IT\"},{\"@type\":\"Organization\",\"@id\":\"https:\/\/radiojingles24.com\/#organization\",\"name\":\"Radio Jingles 24\",\"url\":\"https:\/\/radiojingles24.com\/\",\"logo\":{\"@type\":\"ImageObject\",\"inLanguage\":\"it-IT\",\"@id\":\"https:\/\/radiojingles24.com\/#\/schema\/logo\/image\/\",\"url\":\"https:\/\/radiojingles24.com\/wp-content\/uploads\/2019\/11\/RadioJingle1-1.jpg\",\"contentUrl\":\"https:\/\/radiojingles24.com\/wp-content\/uploads\/2019\/11\/RadioJingle1-1.jpg\",\"width\":512,\"height\":158,\"caption\":\"Radio Jingles 24\"},\"image\":{\"@id\":\"https:\/\/radiojingles24.com\/#\/schema\/logo\/image\/\"},\"sameAs\":[\"https:\/\/www.facebook.com\/radiojingles24\/\",\"https:\/\/x.com\/radiojingles24\"]}]}<\/script>\n<!-- \/ Yoast SEO plugin. -->","yoast_head_json":{"title":"Radio Jingles 24: Radio Jingles | DJ Drops | Introduzione ai podcast | Jingles cantati","description":"Jingles radiofonici, Jingles cantati, DJ Drops e Podcast Intro per stazioni radio commerciali, comunitarie e Internet. Con sede nel Regno Unito. Prezzi a partire da \u00a3 5. Ordinare on-line.","robots":{"index":"index","follow":"follow","max-snippet":"max-snippet:-1","max-image-preview":"max-image-preview:large","max-video-preview":"max-video-preview:-1"},"canonical":"https:\/\/radiojingles24.com\/it\/searching-for-a-jingle-maker-app\/","og_locale":"it_IT","og_type":"article","og_title":"Radio Jingles 24: Radio Jingles | DJ Drops | Podcast Intros | Sung Jingles","og_description":"Radio Jingles, Sung Jingles, DJ Drops, and Podcast Intros for commercial, community and internet radio stations. UK Based. Prices from \u00a35. Order online.","og_url":"https:\/\/radiojingles24.com\/it\/searching-for-a-jingle-maker-app\/","og_site_name":"Radio Jingles 24: Radio Jingles | DJ Drops | Podcast Intros | Sung Jingles","article_publisher":"https:\/\/www.facebook.com\/radiojingles24\/","twitter_card":"summary_large_image","twitter_site":"@radiojingles24","twitter_misc":{"Tempo di lettura stimato":"3 minuti"},"schema":{"@context":"https:\/\/schema.org","@graph":[{"@type":"WebPage","@id":"https:\/\/radiojingles24.com\/fr\/searching-for-a-jingle-maker-app\/","url":"https:\/\/radiojingles24.com\/fr\/searching-for-a-jingle-maker-app\/","name":"Radio Jingles 24: Radio Jingles | DJ Drops | Introduzione ai podcast | Jingles cantati","isPartOf":{"@id":"https:\/\/radiojingles24.com\/#website"},"datePublished":"2021-04-06T14:43:04+00:00","description":"Jingles radiofonici, Jingles cantati, DJ Drops e Podcast Intro per stazioni radio commerciali, comunitarie e Internet. Con sede nel Regno Unito. Prezzi a partire da \u00a3 5. Ordinare on-line.","breadcrumb":{"@id":"https:\/\/radiojingles24.com\/fr\/searching-for-a-jingle-maker-app\/#breadcrumb"},"inLanguage":"it-IT","potentialAction":[{"@type":"ReadAction","target":["https:\/\/radiojingles24.com\/fr\/searching-for-a-jingle-maker-app\/"]}]},{"@type":"BreadcrumbList","@id":"https:\/\/radiojingles24.com\/fr\/searching-for-a-jingle-maker-app\/#breadcrumb","itemListElement":[{"@type":"ListItem","position":1,"name":"Home","item":"https:\/\/radiojingles24.com\/de\/"},{"@type":"ListItem","position":2,"name":"Searching for a Jingle Maker App?"}]},{"@type":"WebSite","@id":"https:\/\/radiojingles24.com\/#website","url":"https:\/\/radiojingles24.com\/","name":"Radio Jingles 24: Radio Jingles | DJ Drops | Introduzione ai podcast | Jingles cantati","description":"Jingles radiofonici, Jingles cantati, DJ Drops e Podcast Intro per stazioni radio commerciali, comunitarie e Internet. Con sede nel Regno Unito. Prezzi a partire da \u00a3 5. Ordinare on-line.","publisher":{"@id":"https:\/\/radiojingles24.com\/#organization"},"potentialAction":[{"@type":"SearchAction","target":{"@type":"EntryPoint","urlTemplate":"https:\/\/radiojingles24.com\/?s={search_term_string}"},"query-input":{"@type":"PropertyValueSpecification","valueRequired":true,"valueName":"search_term_string"}}],"inLanguage":"it-IT"},{"@type":"Organization","@id":"https:\/\/radiojingles24.com\/#organization","name":"Jingle radio 24","url":"https:\/\/radiojingles24.com\/","logo":{"@type":"ImageObject","inLanguage":"it-IT","@id":"https:\/\/radiojingles24.com\/#\/schema\/logo\/image\/","url":"https:\/\/radiojingles24.com\/wp-content\/uploads\/2019\/11\/RadioJingle1-1.jpg","contentUrl":"https:\/\/radiojingles24.com\/wp-content\/uploads\/2019\/11\/RadioJingle1-1.jpg","width":512,"height":158,"caption":"Radio Jingles 24"},"image":{"@id":"https:\/\/radiojingles24.com\/#\/schema\/logo\/image\/"},"sameAs":["https:\/\/www.facebook.com\/radiojingles24\/","https:\/\/x.com\/radiojingles24"]}]}},"jetpack_sharing_enabled":true,"_links":{"self":[{"href":"https:\/\/radiojingles24.com\/it\/wp-json\/wp\/v2\/pages\/89348","targetHints":{"allow":["GET"]}}],"collection":[{"href":"https:\/\/radiojingles24.com\/it\/wp-json\/wp\/v2\/pages"}],"about":[{"href":"https:\/\/radiojingles24.com\/it\/wp-json\/wp\/v2\/types\/page"}],"author":[{"embeddable":true,"href":"https:\/\/radiojingles24.com\/it\/wp-json\/wp\/v2\/users\/1"}],"replies":[{"embeddable":true,"href":"https:\/\/radiojingles24.com\/it\/wp-json\/wp\/v2\/comments?post=89348"}],"version-history":[{"count":1,"href":"https:\/\/radiojingles24.com\/it\/wp-json\/wp\/v2\/pages\/89348\/revisions"}],"predecessor-version":[{"id":89349,"href":"https:\/\/radiojingles24.com\/it\/wp-json\/wp\/v2\/pages\/89348\/revisions\/89349"}],"wp:attachment":[{"href":"https:\/\/radiojingles24.com\/it\/wp-json\/wp\/v2\/media?parent=89348"}],"curies":[{"name":"wp","href":"https:\/\/api.w.org\/{rel}","templated":true}]}}