{"id":89352,"date":"2021-04-06T14:48:00","date_gmt":"2021-04-06T14:48:00","guid":{"rendered":"https:\/\/radiojingles24.com\/?page_id=89352"},"modified":"2021-04-06T14:48:00","modified_gmt":"2021-04-06T14:48:00","slug":"would-you-like-to-produce-a-podcast-jingle","status":"publish","type":"page","link":"https:\/\/radiojingles24.com\/it\/would-you-like-to-produce-a-podcast-jingle\/","title":{"rendered":"Would you Like To Produce a Podcast Jingle?"},"content":{"rendered":"<div id=\"fws_69e254d7a5951\"  data-midnight=\"dark\"  data-bg-mobile-hidden=\"\" class=\"wpb_row vc_row-fluid vc_row top-level standard_section\"  style=\"padding-top: 0px; padding-bottom: 0px; \"><div class=\"row-bg-wrap\" data-bg-animation=\"none\"><div class=\"inner-wrap\"><div class=\"row-bg\"  style=\"\"><\/div><\/div><div class=\"row-bg-overlay\" ><\/div><\/div><div class=\"col span_12 dark left\">\n\t<div  class=\"vc_col-sm-12 wpb_column column_container vc_column_container col no-extra-padding\"  data-t-w-inherits=\"default\" data-border-radius=\"none\" data-shadow=\"none\" data-border-animation=\"\" data-border-animation-delay=\"\" data-border-width=\"none\" data-border-style=\"solid\" data-border-color=\"\" data-bg-cover=\"\" data-padding-pos=\"all\" data-has-bg-color=\"false\" data-bg-color=\"\" data-bg-opacity=\"1\" data-hover-bg=\"\" data-hover-bg-opacity=\"1\" data-animation=\"\" data-delay=\"0\"><div class=\"column-bg-overlay\"><\/div>\n\t\t<div class=\"vc_column-inner\">\n\t\t\t<div class=\"wpb_wrapper\">\n\t\t\t\t\r\n\t<div class=\"wpb_text_column wpb_content_element\" >\r\n\t\t<div class=\"wpb_wrapper\">\r\n\t\t\t<p><span style=\"font-weight: 400;\">Hai il tuo podcast per cui vorresti creare un jingle di podcast? Sei nel posto giusto. Benvenuto a <\/span><a href=\"https:\/\/radiojingles24.com\/it\/\"><span style=\"font-weight: 400;\">Jingle radio 24<\/span><\/a><span style=\"font-weight: 400;\">, offriamo una vasta gamma di servizi audio e jingle. Ci\u00f2 include la produzione di jingle radiofonici professionali, jingle cantati, DJ drop e produzione commerciale, solo per citarne alcuni.\u00a0<\/span><\/p>\n<p><span style=\"font-weight: 400;\">Qualunque siano le tue esigenze audio, i nostri tecnici del suono specializzati possono fornirti soluzioni audio di alta qualit\u00e0 in una serie di formati accessibili come MP3, HQ WAVE e AIFF. E lo consegneremo il pi\u00f9 rapidamente possibile: in genere, riceverai i tuoi jingle entro 24 ore. Perch\u00e9 non contattarci oggi per ulteriori informazioni?<\/span><\/p>\n<p><b>Come possiamo aiutarti?<\/b><\/p>\n<p><span style=\"font-weight: 400;\">Se stai ospitando o producendo uno spettacolo di podcast, qui a Radio Jingles 24, offriamo eccellenti jingle di podcast che suoneranno alla grande e terranno impegnati i tuoi ascoltatori. Nostro <\/span><a href=\"https:\/\/radiojingles24.com\/it\/prodotto\/intro-outro-podcast-pack\/\"><span style=\"font-weight: 400;\">pacchetto podcast intro e outro<\/span><\/a><span style=\"font-weight: 400;\"> offre una serie di jingle di podcast e voci fuori campo tra cui scegliere tra artisti tra cui Paul, Jo, Laura, Mike e John. Abbiamo una vasta gamma di doppiatori professionisti, uomini e donne, ognuno dei quali \u00e8 individuale e distinto a modo suo. Ogni intro e outro dura 30 secondi ciascuno ed \u00e8 doppiato e prodotto con musica, effetti vocali e effetti sonori.\u00a0<\/span><\/p>\n<p><span style=\"font-weight: 400;\">Tutto quello che devi fare \u00e8 fornirci uno script di 30 secondi e dirci se hai requisiti speciali. Noi possiamo <\/span><a href=\"https:\/\/radiojingles24.com\/it\/prodotto\/intro-outro-podcast-pack\/\"><span style=\"font-weight: 400;\">produrre il jingle del tuo podcast<\/span><\/a><span style=\"font-weight: 400;\"> in tre formati di file: MP3, WAVE e AIFF, e riceverai le copie finali cos\u00ec come le copie asciutte, quindi ci saranno 4 file audio in arrivo in totale. Garantiamo che i nostri jingle podcast eleveranno i tuoi episodi podcast al livello successivo con un suono di qualit\u00e0 premium che distingue il tuo programma dal resto. Ad un prezzo di solo \u00a3 40 per la produzione, questa \u00e8 un&#039;opzione eccezionale e altamente conveniente di cui dovresti approfittare oggi.<\/span><\/p>\n<p><b>Perch\u00e9 scegliere Radio Jingles 24?<\/b><\/p>\n<p><span style=\"font-weight: 400;\">Se desideri che un jingle di podcast venga prodotto per il tuo programma, ti consegneremo questo audio entro un massimo di 24 ore. In genere, ti invieremo il tuo audio entro un paio d&#039;ore e, se hai urgentemente bisogno di un jingle, possiamo offrirti un servizio ancora pi\u00f9 rapido, se ci chiami al numero: 0113 534 6686.\u00a0<\/span><\/p>\n<p><span style=\"font-weight: 400;\">Se hai bisogno di una soluzione su misura o desideri discutere ulteriormente, puoi sempre chiamarci; il team \u00e8 pi\u00f9 che felice di aiutarti e assicurarti di ricevere una soluzione ottimale. Ci impegniamo a produrre suoni di qualit\u00e0 che aumentino la popolarit\u00e0 del tuo podcast e convincano le persone ad ascoltare. Miriamo a fare il possibile e andare oltre le tue aspettative con un servizio clienti di prima classe e supporto per tutto il tempo che utilizzi il nostro servizio.\u00a0<\/span><\/p>\n<p><b>Modi per raggiungerci\u00a0<\/b><\/p>\n<p><span style=\"font-weight: 400;\">Se sei interessato al nostro servizio di jingle podcast, non esitare a contattarci oggi. Puoi inviarci un&#039;e-mail a <\/span><a href=\"mailto:info@radiojingles24.com\"><span style=\"font-weight: 400;\">info@radiojingles24.com<\/span><\/a><span style=\"font-weight: 400;\"> e ci metteremo in contatto a breve. Puoi anche chiamarci al numero +44 (0) 113 5346686 (Regno Unito) o +1 (212) 710-1350 (Stati Uniti). Qualunque siano le tue esigenze, non esitare a contattarci e parlare con uno dei nostri esperti.\u00a0<\/span><\/p>\n\r\n\t\t<\/div>\r\n\t<\/div>\r\n\n\t\t\t<\/div> \n\t\t<\/div>\n\t<\/div> \n<\/div><\/div>","protected":false},"excerpt":{"rendered":"Do you have your own podcast that you\u2019d like to create a podcast jingle for? You\u2019ve come to the right place. Welcome to Radio Jingles 24, we offer a diverse...","protected":false},"author":1,"featured_media":0,"parent":0,"menu_order":0,"comment_status":"closed","ping_status":"closed","template":"","meta":{"_exactmetrics_skip_tracking":false,"_exactmetrics_sitenote_active":false,"_exactmetrics_sitenote_note":"","_exactmetrics_sitenote_category":0,"footnotes":""},"class_list":["post-89352","page","type-page","status-publish"],"yoast_head":"<!-- This site is optimized with the Yoast SEO plugin v26.8 - https:\/\/yoast.com\/product\/yoast-seo-wordpress\/ -->\n<title>Radio Jingles 24: Radio Jingles | DJ Drops | Podcast Intros | Sung Jingles<\/title>\n<meta name=\"description\" content=\"Radio Jingles, Sung Jingles, DJ Drops, and Podcast Intros for commercial, community and internet radio stations. UK Based. Prices from \u00a35. Order online.\" \/>\n<meta name=\"robots\" content=\"index, follow, max-snippet:-1, max-image-preview:large, max-video-preview:-1\" \/>\n<link rel=\"canonical\" href=\"https:\/\/radiojingles24.com\/it\/would-you-like-to-produce-a-podcast-jingle\/\" \/>\n<meta property=\"og:locale\" content=\"it_IT\" \/>\n<meta property=\"og:type\" content=\"article\" \/>\n<meta property=\"og:title\" content=\"Radio Jingles 24: Radio Jingles | DJ Drops | Podcast Intros | Sung Jingles\" \/>\n<meta property=\"og:description\" content=\"Radio Jingles, Sung Jingles, DJ Drops, and Podcast Intros for commercial, community and internet radio stations. UK Based. Prices from \u00a35. Order online.\" \/>\n<meta property=\"og:url\" content=\"https:\/\/radiojingles24.com\/it\/would-you-like-to-produce-a-podcast-jingle\/\" \/>\n<meta property=\"og:site_name\" content=\"Radio Jingles 24: Radio Jingles | DJ Drops | Podcast Intros | Sung Jingles\" \/>\n<meta property=\"article:publisher\" content=\"https:\/\/www.facebook.com\/radiojingles24\/\" \/>\n<meta name=\"twitter:card\" content=\"summary_large_image\" \/>\n<meta name=\"twitter:site\" content=\"@radiojingles24\" \/>\n<meta name=\"twitter:label1\" content=\"Tempo di lettura stimato\" \/>\n\t<meta name=\"twitter:data1\" content=\"3 minuti\" \/>\n<script type=\"application\/ld+json\" class=\"yoast-schema-graph\">{\"@context\":\"https:\/\/schema.org\",\"@graph\":[{\"@type\":\"WebPage\",\"@id\":\"https:\/\/radiojingles24.com\/fr\/would-you-like-to-produce-a-podcast-jingle\/\",\"url\":\"https:\/\/radiojingles24.com\/fr\/would-you-like-to-produce-a-podcast-jingle\/\",\"name\":\"Radio Jingles 24: Radio Jingles | DJ Drops | Podcast Intros | Sung Jingles\",\"isPartOf\":{\"@id\":\"https:\/\/radiojingles24.com\/#website\"},\"datePublished\":\"2021-04-06T14:48:00+00:00\",\"description\":\"Radio Jingles, Sung Jingles, DJ Drops, and Podcast Intros for commercial, community and internet radio stations. UK Based. Prices from \u00a35. Order online.\",\"breadcrumb\":{\"@id\":\"https:\/\/radiojingles24.com\/fr\/would-you-like-to-produce-a-podcast-jingle\/#breadcrumb\"},\"inLanguage\":\"it-IT\",\"potentialAction\":[{\"@type\":\"ReadAction\",\"target\":[\"https:\/\/radiojingles24.com\/fr\/would-you-like-to-produce-a-podcast-jingle\/\"]}]},{\"@type\":\"BreadcrumbList\",\"@id\":\"https:\/\/radiojingles24.com\/fr\/would-you-like-to-produce-a-podcast-jingle\/#breadcrumb\",\"itemListElement\":[{\"@type\":\"ListItem\",\"position\":1,\"name\":\"Home\",\"item\":\"https:\/\/radiojingles24.com\/de\/\"},{\"@type\":\"ListItem\",\"position\":2,\"name\":\"Would you Like To Produce a Podcast Jingle?\"}]},{\"@type\":\"WebSite\",\"@id\":\"https:\/\/radiojingles24.com\/#website\",\"url\":\"https:\/\/radiojingles24.com\/\",\"name\":\"Radio Jingles 24: Radio Jingles | DJ Drops | Podcast Intros | Sung Jingles\",\"description\":\"Radio Jingles, Sung Jingles, DJ Drops, and Podcast Intros for commercial, community and internet radio stations. UK Based. Prices from \u00a35. Order online.\",\"publisher\":{\"@id\":\"https:\/\/radiojingles24.com\/#organization\"},\"potentialAction\":[{\"@type\":\"SearchAction\",\"target\":{\"@type\":\"EntryPoint\",\"urlTemplate\":\"https:\/\/radiojingles24.com\/?s={search_term_string}\"},\"query-input\":{\"@type\":\"PropertyValueSpecification\",\"valueRequired\":true,\"valueName\":\"search_term_string\"}}],\"inLanguage\":\"it-IT\"},{\"@type\":\"Organization\",\"@id\":\"https:\/\/radiojingles24.com\/#organization\",\"name\":\"Radio Jingles 24\",\"url\":\"https:\/\/radiojingles24.com\/\",\"logo\":{\"@type\":\"ImageObject\",\"inLanguage\":\"it-IT\",\"@id\":\"https:\/\/radiojingles24.com\/#\/schema\/logo\/image\/\",\"url\":\"https:\/\/radiojingles24.com\/wp-content\/uploads\/2019\/11\/RadioJingle1-1.jpg\",\"contentUrl\":\"https:\/\/radiojingles24.com\/wp-content\/uploads\/2019\/11\/RadioJingle1-1.jpg\",\"width\":512,\"height\":158,\"caption\":\"Radio Jingles 24\"},\"image\":{\"@id\":\"https:\/\/radiojingles24.com\/#\/schema\/logo\/image\/\"},\"sameAs\":[\"https:\/\/www.facebook.com\/radiojingles24\/\",\"https:\/\/x.com\/radiojingles24\"]}]}<\/script>\n<!-- \/ Yoast SEO plugin. -->","yoast_head_json":{"title":"Radio Jingles 24: Radio Jingles | DJ Drops | Introduzione ai podcast | Jingles cantati","description":"Jingles radiofonici, Jingles cantati, DJ Drops e Podcast Intro per stazioni radio commerciali, comunitarie e Internet. Con sede nel Regno Unito. Prezzi a partire da \u00a3 5. Ordinare on-line.","robots":{"index":"index","follow":"follow","max-snippet":"max-snippet:-1","max-image-preview":"max-image-preview:large","max-video-preview":"max-video-preview:-1"},"canonical":"https:\/\/radiojingles24.com\/it\/would-you-like-to-produce-a-podcast-jingle\/","og_locale":"it_IT","og_type":"article","og_title":"Radio Jingles 24: Radio Jingles | DJ Drops | Podcast Intros | Sung Jingles","og_description":"Radio Jingles, Sung Jingles, DJ Drops, and Podcast Intros for commercial, community and internet radio stations. UK Based. Prices from \u00a35. Order online.","og_url":"https:\/\/radiojingles24.com\/it\/would-you-like-to-produce-a-podcast-jingle\/","og_site_name":"Radio Jingles 24: Radio Jingles | DJ Drops | Podcast Intros | Sung Jingles","article_publisher":"https:\/\/www.facebook.com\/radiojingles24\/","twitter_card":"summary_large_image","twitter_site":"@radiojingles24","twitter_misc":{"Tempo di lettura stimato":"3 minuti"},"schema":{"@context":"https:\/\/schema.org","@graph":[{"@type":"WebPage","@id":"https:\/\/radiojingles24.com\/fr\/would-you-like-to-produce-a-podcast-jingle\/","url":"https:\/\/radiojingles24.com\/fr\/would-you-like-to-produce-a-podcast-jingle\/","name":"Radio Jingles 24: Radio Jingles | DJ Drops | Introduzione ai podcast | Jingles cantati","isPartOf":{"@id":"https:\/\/radiojingles24.com\/#website"},"datePublished":"2021-04-06T14:48:00+00:00","description":"Jingles radiofonici, Jingles cantati, DJ Drops e Podcast Intro per stazioni radio commerciali, comunitarie e Internet. Con sede nel Regno Unito. Prezzi a partire da \u00a3 5. Ordinare on-line.","breadcrumb":{"@id":"https:\/\/radiojingles24.com\/fr\/would-you-like-to-produce-a-podcast-jingle\/#breadcrumb"},"inLanguage":"it-IT","potentialAction":[{"@type":"ReadAction","target":["https:\/\/radiojingles24.com\/fr\/would-you-like-to-produce-a-podcast-jingle\/"]}]},{"@type":"BreadcrumbList","@id":"https:\/\/radiojingles24.com\/fr\/would-you-like-to-produce-a-podcast-jingle\/#breadcrumb","itemListElement":[{"@type":"ListItem","position":1,"name":"Home","item":"https:\/\/radiojingles24.com\/de\/"},{"@type":"ListItem","position":2,"name":"Would you Like To Produce a Podcast Jingle?"}]},{"@type":"WebSite","@id":"https:\/\/radiojingles24.com\/#website","url":"https:\/\/radiojingles24.com\/","name":"Radio Jingles 24: Radio Jingles | DJ Drops | Introduzione ai podcast | Jingles cantati","description":"Jingles radiofonici, Jingles cantati, DJ Drops e Podcast Intro per stazioni radio commerciali, comunitarie e Internet. Con sede nel Regno Unito. Prezzi a partire da \u00a3 5. Ordinare on-line.","publisher":{"@id":"https:\/\/radiojingles24.com\/#organization"},"potentialAction":[{"@type":"SearchAction","target":{"@type":"EntryPoint","urlTemplate":"https:\/\/radiojingles24.com\/?s={search_term_string}"},"query-input":{"@type":"PropertyValueSpecification","valueRequired":true,"valueName":"search_term_string"}}],"inLanguage":"it-IT"},{"@type":"Organization","@id":"https:\/\/radiojingles24.com\/#organization","name":"Jingle radio 24","url":"https:\/\/radiojingles24.com\/","logo":{"@type":"ImageObject","inLanguage":"it-IT","@id":"https:\/\/radiojingles24.com\/#\/schema\/logo\/image\/","url":"https:\/\/radiojingles24.com\/wp-content\/uploads\/2019\/11\/RadioJingle1-1.jpg","contentUrl":"https:\/\/radiojingles24.com\/wp-content\/uploads\/2019\/11\/RadioJingle1-1.jpg","width":512,"height":158,"caption":"Radio Jingles 24"},"image":{"@id":"https:\/\/radiojingles24.com\/#\/schema\/logo\/image\/"},"sameAs":["https:\/\/www.facebook.com\/radiojingles24\/","https:\/\/x.com\/radiojingles24"]}]}},"jetpack_sharing_enabled":true,"_links":{"self":[{"href":"https:\/\/radiojingles24.com\/it\/wp-json\/wp\/v2\/pages\/89352","targetHints":{"allow":["GET"]}}],"collection":[{"href":"https:\/\/radiojingles24.com\/it\/wp-json\/wp\/v2\/pages"}],"about":[{"href":"https:\/\/radiojingles24.com\/it\/wp-json\/wp\/v2\/types\/page"}],"author":[{"embeddable":true,"href":"https:\/\/radiojingles24.com\/it\/wp-json\/wp\/v2\/users\/1"}],"replies":[{"embeddable":true,"href":"https:\/\/radiojingles24.com\/it\/wp-json\/wp\/v2\/comments?post=89352"}],"version-history":[{"count":1,"href":"https:\/\/radiojingles24.com\/it\/wp-json\/wp\/v2\/pages\/89352\/revisions"}],"predecessor-version":[{"id":89353,"href":"https:\/\/radiojingles24.com\/it\/wp-json\/wp\/v2\/pages\/89352\/revisions\/89353"}],"wp:attachment":[{"href":"https:\/\/radiojingles24.com\/it\/wp-json\/wp\/v2\/media?parent=89352"}],"curies":[{"name":"wp","href":"https:\/\/api.w.org\/{rel}","templated":true}]}}