{"id":89464,"date":"2021-04-14T10:47:50","date_gmt":"2021-04-14T10:47:50","guid":{"rendered":"https:\/\/radiojingles24.com\/?page_id=89464"},"modified":"2021-04-14T10:47:50","modified_gmt":"2021-04-14T10:47:50","slug":"want-to-hear-radio-voice-over-samples","status":"publish","type":"page","link":"https:\/\/radiojingles24.com\/it\/want-to-hear-radio-voice-over-samples\/","title":{"rendered":"Vuoi ascoltare la voce della radio su campioni?"},"content":{"rendered":"<div id=\"fws_69f27dbe294c9\"  data-midnight=\"dark\"  data-bg-mobile-hidden=\"\" class=\"wpb_row vc_row-fluid vc_row top-level standard_section\"  style=\"padding-top: 0px; padding-bottom: 0px; \"><div class=\"row-bg-wrap\" data-bg-animation=\"none\"><div class=\"inner-wrap\"><div class=\"row-bg\"  style=\"\"><\/div><\/div><div class=\"row-bg-overlay\" ><\/div><\/div><div class=\"col span_12 dark left\">\n\t<div  class=\"vc_col-sm-12 wpb_column column_container vc_column_container col no-extra-padding\"  data-t-w-inherits=\"default\" data-border-radius=\"none\" data-shadow=\"none\" data-border-animation=\"\" data-border-animation-delay=\"\" data-border-width=\"none\" data-border-style=\"solid\" data-border-color=\"\" data-bg-cover=\"\" data-padding-pos=\"all\" data-has-bg-color=\"false\" data-bg-color=\"\" data-bg-opacity=\"1\" data-hover-bg=\"\" data-hover-bg-opacity=\"1\" data-animation=\"\" data-delay=\"0\"><div class=\"column-bg-overlay\"><\/div>\n\t\t<div class=\"vc_column-inner\">\n\t\t\t<div class=\"wpb_wrapper\">\n\t\t\t\t\r\n\t<div class=\"wpb_text_column wpb_content_element\" >\r\n\t\t<div class=\"wpb_wrapper\">\r\n\t\t\t<p><span style=\"font-weight: 400;\">Stai cercando campioni di voice over radio? Bene, allora sei nel posto giusto. Benvenuto a <\/span><a href=\"https:\/\/radiojingles24.com\/it\/\"><span style=\"font-weight: 400;\">Jingle radio 24<\/span><\/a><span style=\"font-weight: 400;\">. Siamo un&#039;azienda indipendente che fornisce jingle radiofonici di prima classe, DJ drop, produzione commerciale e jingle cantati. Tutti i nostri jingle radiofonici sono prodotti rapidamente, facili da usare e registrati secondo standard professionali. Siamo in grado di produrre campioni di voci fuori campo per tutti i nostri clienti e le nostre soluzioni sono adatte per stazioni radio e DJ di comunit\u00e0, commerciali e Internet.\u00a0<\/span><\/p>\n<h2>Vuoi ascoltare la voce della radio su campioni?<\/h2>\n<p><span style=\"font-weight: 400;\">Abbiamo lavorato con numerosi clienti di grandi nomi, tra cui la radio Tameside, la radio Corby, i convertitori di cassa e altro ancora. Qualunque siano le tue esigenze o requisiti quando si tratta di campioni di voice over radio, siamo certi di avere professionisti dell&#039;audio in grado di fornire una soluzione che soddisfi le tue esigenze. Se desideri metterti in contatto con noi in merito a campioni di voice over radiofonici, non esitare a contattarci oggi.\u00a0<\/span><\/p>\n<p><b>In che modo Radio Jingles 24 pu\u00f2 aiutarti?<\/b><\/p>\n<p><span style=\"font-weight: 400;\">Se vieni a Radio Jingles 24, allora ce ne sono una vasta gamma di file <\/span><a href=\"https:\/\/radiojingles24.com\/it\/#voices\"><span style=\"font-weight: 400;\">campioni di voice over radiofonici<\/span><\/a><span style=\"font-weight: 400;\"> tra cui scegliere. Ci sono un certo numero di opzioni tra cui se lo desideri asciutto o completamente prodotto con musica e effetti sonori; la durata dell&#039;audio; la sceneggiatura e altro ancora. Dopo aver scelto la voce fuori campo e scritto la sceneggiatura, il nostro team di professionisti dell&#039;audio pu\u00f2 mettersi al lavoro producendo il campione di voce fuori campo della radio. Registriamo tutte le voci fuori campo in uno studio professionale che consente una migliore qualit\u00e0 del suono e prestazioni audio.\u00a0<\/span><\/p>\n<p><span style=\"font-weight: 400;\">Dopo la registrazione, modificheremo, produrremo e masterizzeremo il tuo jingle in modo che soddisfi gli standard elevati a cui miriamo costantemente. In genere, miriamo a fornire tutti i campioni di voice over radio entro un lasso di tempo di 24 ore e di solito siamo anche pi\u00f9 veloci di cos\u00ec. Possiamo inviare un campione di voice over radio in una variet\u00e0 di formati di file, inclusi HQ Wave, MP3 o AIFF. Tutto l&#039;audio che produciamo \u00e8 100% esente da royalty. Abbiamo un numero di voci fuori campo e cantanti diversi, tutti estremamente capaci di produrre voci fuori campo radiofoniche di alta qualit\u00e0.\u00a0<\/span><\/p>\n<p><span style=\"font-weight: 400;\">Ci sono voci maschili e femminili tra cui scegliere, quindi hai la flessibilit\u00e0 di decidere quale tono si adatta meglio alla tua stazione e al tuo pubblico. Siamo un team professionale di doppiatori e abbiamo sviluppato una reputazione per la fornitura di un servizio di prima classe. Abbiamo numerose fantastiche testimonianze e recensioni sul nostro sito web. Se desideri controllare cos&#039;altro abbiamo da offrire, vai al nostro sito Web oggi.<\/span><\/p>\n<p><b>Ti piacerebbe contattarci?<\/b><\/p>\n<p><span style=\"font-weight: 400;\">Se desideri contattarci in merito ai nostri campioni di voice over radio, non esitare a contattarci. Puoi chiamarci al numero +44 (0) 113 5346686 (Regno Unito) o +1 (212) 710-1350 (USA) per parlare con un membro del nostro team. Se desideri inviarci un&#039;e-mail, scrivici a <\/span><a href=\"mailto:info@radiojingles24.com\"><span style=\"font-weight: 400;\">info@radiojingles24.com<\/span><\/a><span style=\"font-weight: 400;\"> e ti risponderemo il pi\u00f9 rapidamente possibile. Speriamo di risentirti presto.\u00a0<\/span><\/p>\n\r\n\t\t<\/div>\r\n\t<\/div>\r\n\n\t\t\t<\/div> \n\t\t<\/div>\n\t<\/div> \n<\/div><\/div>","protected":false},"excerpt":{"rendered":"Are you searching for radio voice over samples? Well then you've come to the right place. Welcome to Radio Jingles 24. We are an independent business providing first class radio...","protected":false},"author":1,"featured_media":0,"parent":0,"menu_order":0,"comment_status":"closed","ping_status":"closed","template":"","meta":{"_exactmetrics_skip_tracking":false,"_exactmetrics_sitenote_active":false,"_exactmetrics_sitenote_note":"","_exactmetrics_sitenote_category":0,"footnotes":""},"class_list":["post-89464","page","type-page","status-publish"],"yoast_head":"<!-- This site is optimized with the Yoast SEO plugin v26.8 - https:\/\/yoast.com\/product\/yoast-seo-wordpress\/ -->\n<title>Radio Jingles 24: Radio Jingles | DJ Drops | Podcast Intros | Sung Jingles<\/title>\n<meta name=\"description\" content=\"Radio Jingles, Sung Jingles, DJ Drops, and Podcast Intros for commercial, community and internet radio stations. UK Based. Prices from \u00a35. Order online.\" \/>\n<meta name=\"robots\" content=\"index, follow, max-snippet:-1, max-image-preview:large, max-video-preview:-1\" \/>\n<link rel=\"canonical\" href=\"https:\/\/radiojingles24.com\/it\/want-to-hear-radio-voice-over-samples\/\" \/>\n<meta property=\"og:locale\" content=\"it_IT\" \/>\n<meta property=\"og:type\" content=\"article\" \/>\n<meta property=\"og:title\" content=\"Radio Jingles 24: Radio Jingles | DJ Drops | Podcast Intros | Sung Jingles\" \/>\n<meta property=\"og:description\" content=\"Radio Jingles, Sung Jingles, DJ Drops, and Podcast Intros for commercial, community and internet radio stations. UK Based. Prices from \u00a35. Order online.\" \/>\n<meta property=\"og:url\" content=\"https:\/\/radiojingles24.com\/it\/want-to-hear-radio-voice-over-samples\/\" \/>\n<meta property=\"og:site_name\" content=\"Radio Jingles 24: Radio Jingles | DJ Drops | Podcast Intros | Sung Jingles\" \/>\n<meta property=\"article:publisher\" content=\"https:\/\/www.facebook.com\/radiojingles24\/\" \/>\n<meta name=\"twitter:card\" content=\"summary_large_image\" \/>\n<meta name=\"twitter:site\" content=\"@radiojingles24\" \/>\n<meta name=\"twitter:label1\" content=\"Tempo di lettura stimato\" \/>\n\t<meta name=\"twitter:data1\" content=\"3 minuti\" \/>\n<script type=\"application\/ld+json\" class=\"yoast-schema-graph\">{\"@context\":\"https:\/\/schema.org\",\"@graph\":[{\"@type\":\"WebPage\",\"@id\":\"https:\/\/radiojingles24.com\/es\/want-to-hear-radio-voice-over-samples\/\",\"url\":\"https:\/\/radiojingles24.com\/es\/want-to-hear-radio-voice-over-samples\/\",\"name\":\"Radio Jingles 24: Radio Jingles | DJ Drops | Podcast Intros | Sung Jingles\",\"isPartOf\":{\"@id\":\"https:\/\/radiojingles24.com\/#website\"},\"datePublished\":\"2021-04-14T10:47:50+00:00\",\"description\":\"Radio Jingles, Sung Jingles, DJ Drops, and Podcast Intros for commercial, community and internet radio stations. UK Based. Prices from \u00a35. Order online.\",\"breadcrumb\":{\"@id\":\"https:\/\/radiojingles24.com\/es\/want-to-hear-radio-voice-over-samples\/#breadcrumb\"},\"inLanguage\":\"it-IT\",\"potentialAction\":[{\"@type\":\"ReadAction\",\"target\":[\"https:\/\/radiojingles24.com\/es\/want-to-hear-radio-voice-over-samples\/\"]}]},{\"@type\":\"BreadcrumbList\",\"@id\":\"https:\/\/radiojingles24.com\/es\/want-to-hear-radio-voice-over-samples\/#breadcrumb\",\"itemListElement\":[{\"@type\":\"ListItem\",\"position\":1,\"name\":\"Home\",\"item\":\"https:\/\/radiojingles24.com\/de\/\"},{\"@type\":\"ListItem\",\"position\":2,\"name\":\"Want to Hear Radio Voice over Samples?\"}]},{\"@type\":\"WebSite\",\"@id\":\"https:\/\/radiojingles24.com\/#website\",\"url\":\"https:\/\/radiojingles24.com\/\",\"name\":\"Radio Jingles 24: Radio Jingles | DJ Drops | Podcast Intros | Sung Jingles\",\"description\":\"Radio Jingles, Sung Jingles, DJ Drops, and Podcast Intros for commercial, community and internet radio stations. UK Based. Prices from \u00a35. Order online.\",\"publisher\":{\"@id\":\"https:\/\/radiojingles24.com\/#organization\"},\"potentialAction\":[{\"@type\":\"SearchAction\",\"target\":{\"@type\":\"EntryPoint\",\"urlTemplate\":\"https:\/\/radiojingles24.com\/?s={search_term_string}\"},\"query-input\":{\"@type\":\"PropertyValueSpecification\",\"valueRequired\":true,\"valueName\":\"search_term_string\"}}],\"inLanguage\":\"it-IT\"},{\"@type\":\"Organization\",\"@id\":\"https:\/\/radiojingles24.com\/#organization\",\"name\":\"Radio Jingles 24\",\"url\":\"https:\/\/radiojingles24.com\/\",\"logo\":{\"@type\":\"ImageObject\",\"inLanguage\":\"it-IT\",\"@id\":\"https:\/\/radiojingles24.com\/#\/schema\/logo\/image\/\",\"url\":\"https:\/\/radiojingles24.com\/wp-content\/uploads\/2019\/11\/RadioJingle1-1.jpg\",\"contentUrl\":\"https:\/\/radiojingles24.com\/wp-content\/uploads\/2019\/11\/RadioJingle1-1.jpg\",\"width\":512,\"height\":158,\"caption\":\"Radio Jingles 24\"},\"image\":{\"@id\":\"https:\/\/radiojingles24.com\/#\/schema\/logo\/image\/\"},\"sameAs\":[\"https:\/\/www.facebook.com\/radiojingles24\/\",\"https:\/\/x.com\/radiojingles24\"]}]}<\/script>\n<!-- \/ Yoast SEO plugin. -->","yoast_head_json":{"title":"Radio Jingles 24: Radio Jingles | DJ Drops | Introduzione ai podcast | Jingles cantati","description":"Jingles radiofonici, Jingles cantati, DJ Drops e Podcast Intro per stazioni radio commerciali, comunitarie e Internet. Con sede nel Regno Unito. Prezzi a partire da \u00a3 5. Ordinare on-line.","robots":{"index":"index","follow":"follow","max-snippet":"max-snippet:-1","max-image-preview":"max-image-preview:large","max-video-preview":"max-video-preview:-1"},"canonical":"https:\/\/radiojingles24.com\/it\/want-to-hear-radio-voice-over-samples\/","og_locale":"it_IT","og_type":"article","og_title":"Radio Jingles 24: Radio Jingles | DJ Drops | Podcast Intros | Sung Jingles","og_description":"Radio Jingles, Sung Jingles, DJ Drops, and Podcast Intros for commercial, community and internet radio stations. UK Based. Prices from \u00a35. Order online.","og_url":"https:\/\/radiojingles24.com\/it\/want-to-hear-radio-voice-over-samples\/","og_site_name":"Radio Jingles 24: Radio Jingles | DJ Drops | Podcast Intros | Sung Jingles","article_publisher":"https:\/\/www.facebook.com\/radiojingles24\/","twitter_card":"summary_large_image","twitter_site":"@radiojingles24","twitter_misc":{"Tempo di lettura stimato":"3 minuti"},"schema":{"@context":"https:\/\/schema.org","@graph":[{"@type":"WebPage","@id":"https:\/\/radiojingles24.com\/es\/want-to-hear-radio-voice-over-samples\/","url":"https:\/\/radiojingles24.com\/es\/want-to-hear-radio-voice-over-samples\/","name":"Radio Jingles 24: Radio Jingles | DJ Drops | Introduzione ai podcast | Jingles cantati","isPartOf":{"@id":"https:\/\/radiojingles24.com\/#website"},"datePublished":"2021-04-14T10:47:50+00:00","description":"Jingles radiofonici, Jingles cantati, DJ Drops e Podcast Intro per stazioni radio commerciali, comunitarie e Internet. Con sede nel Regno Unito. Prezzi a partire da \u00a3 5. Ordinare on-line.","breadcrumb":{"@id":"https:\/\/radiojingles24.com\/es\/want-to-hear-radio-voice-over-samples\/#breadcrumb"},"inLanguage":"it-IT","potentialAction":[{"@type":"ReadAction","target":["https:\/\/radiojingles24.com\/es\/want-to-hear-radio-voice-over-samples\/"]}]},{"@type":"BreadcrumbList","@id":"https:\/\/radiojingles24.com\/es\/want-to-hear-radio-voice-over-samples\/#breadcrumb","itemListElement":[{"@type":"ListItem","position":1,"name":"Home","item":"https:\/\/radiojingles24.com\/de\/"},{"@type":"ListItem","position":2,"name":"Want to Hear Radio Voice over Samples?"}]},{"@type":"WebSite","@id":"https:\/\/radiojingles24.com\/#website","url":"https:\/\/radiojingles24.com\/","name":"Radio Jingles 24: Radio Jingles | DJ Drops | Introduzione ai podcast | Jingles cantati","description":"Jingles radiofonici, Jingles cantati, DJ Drops e Podcast Intro per stazioni radio commerciali, comunitarie e Internet. Con sede nel Regno Unito. Prezzi a partire da \u00a3 5. Ordinare on-line.","publisher":{"@id":"https:\/\/radiojingles24.com\/#organization"},"potentialAction":[{"@type":"SearchAction","target":{"@type":"EntryPoint","urlTemplate":"https:\/\/radiojingles24.com\/?s={search_term_string}"},"query-input":{"@type":"PropertyValueSpecification","valueRequired":true,"valueName":"search_term_string"}}],"inLanguage":"it-IT"},{"@type":"Organization","@id":"https:\/\/radiojingles24.com\/#organization","name":"Jingle radio 24","url":"https:\/\/radiojingles24.com\/","logo":{"@type":"ImageObject","inLanguage":"it-IT","@id":"https:\/\/radiojingles24.com\/#\/schema\/logo\/image\/","url":"https:\/\/radiojingles24.com\/wp-content\/uploads\/2019\/11\/RadioJingle1-1.jpg","contentUrl":"https:\/\/radiojingles24.com\/wp-content\/uploads\/2019\/11\/RadioJingle1-1.jpg","width":512,"height":158,"caption":"Radio Jingles 24"},"image":{"@id":"https:\/\/radiojingles24.com\/#\/schema\/logo\/image\/"},"sameAs":["https:\/\/www.facebook.com\/radiojingles24\/","https:\/\/x.com\/radiojingles24"]}]}},"jetpack_sharing_enabled":true,"_links":{"self":[{"href":"https:\/\/radiojingles24.com\/it\/wp-json\/wp\/v2\/pages\/89464","targetHints":{"allow":["GET"]}}],"collection":[{"href":"https:\/\/radiojingles24.com\/it\/wp-json\/wp\/v2\/pages"}],"about":[{"href":"https:\/\/radiojingles24.com\/it\/wp-json\/wp\/v2\/types\/page"}],"author":[{"embeddable":true,"href":"https:\/\/radiojingles24.com\/it\/wp-json\/wp\/v2\/users\/1"}],"replies":[{"embeddable":true,"href":"https:\/\/radiojingles24.com\/it\/wp-json\/wp\/v2\/comments?post=89464"}],"version-history":[{"count":1,"href":"https:\/\/radiojingles24.com\/it\/wp-json\/wp\/v2\/pages\/89464\/revisions"}],"predecessor-version":[{"id":89465,"href":"https:\/\/radiojingles24.com\/it\/wp-json\/wp\/v2\/pages\/89464\/revisions\/89465"}],"wp:attachment":[{"href":"https:\/\/radiojingles24.com\/it\/wp-json\/wp\/v2\/media?parent=89464"}],"curies":[{"name":"wp","href":"https:\/\/api.w.org\/{rel}","templated":true}]}}