{"id":89466,"date":"2021-04-14T10:48:55","date_gmt":"2021-04-14T10:48:55","guid":{"rendered":"https:\/\/radiojingles24.com\/?page_id=89466"},"modified":"2021-04-14T10:48:55","modified_gmt":"2021-04-14T10:48:55","slug":"searching-for-professional-radio-voice-over-artists","status":"publish","type":"page","link":"https:\/\/radiojingles24.com\/it\/searching-for-professional-radio-voice-over-artists\/","title":{"rendered":"Searching for Professional Radio Voice Over Artists?"},"content":{"rendered":"<div id=\"fws_69d4229e287c9\"  data-midnight=\"dark\"  data-bg-mobile-hidden=\"\" class=\"wpb_row vc_row-fluid vc_row top-level standard_section\"  style=\"padding-top: 0px; padding-bottom: 0px; \"><div class=\"row-bg-wrap\" data-bg-animation=\"none\"><div class=\"inner-wrap\"><div class=\"row-bg\"  style=\"\"><\/div><\/div><div class=\"row-bg-overlay\" ><\/div><\/div><div class=\"col span_12 dark left\">\n\t<div  class=\"vc_col-sm-12 wpb_column column_container vc_column_container col no-extra-padding\"  data-t-w-inherits=\"default\" data-border-radius=\"none\" data-shadow=\"none\" data-border-animation=\"\" data-border-animation-delay=\"\" data-border-width=\"none\" data-border-style=\"solid\" data-border-color=\"\" data-bg-cover=\"\" data-padding-pos=\"all\" data-has-bg-color=\"false\" data-bg-color=\"\" data-bg-opacity=\"1\" data-hover-bg=\"\" data-hover-bg-opacity=\"1\" data-animation=\"\" data-delay=\"0\"><div class=\"column-bg-overlay\"><\/div>\n\t\t<div class=\"vc_column-inner\">\n\t\t\t<div class=\"wpb_wrapper\">\n\t\t\t\t\r\n\t<div class=\"wpb_text_column wpb_content_element\" >\r\n\t\t<div class=\"wpb_wrapper\">\r\n\t\t\t<p><span style=\"font-weight: 400;\">Vuoi ottenere l&#039;audio prodotto da artisti di voice over radiofonici professionisti? Se \u00e8 un s\u00ec, allora sei nel posto giusto. Benvenuto a <\/span><a href=\"https:\/\/radiojingles24.com\/it\/\"><span style=\"font-weight: 400;\">Jingle radio 24<\/span><\/a><span style=\"font-weight: 400;\">. Siamo un&#039;azienda indipendente che fornisce jingle radiofonici di alta qualit\u00e0, DJ drop, produzione audio commerciale e jingle cantati. Tutti i nostri jingle radiofonici sono prodotti rapidamente, semplici da usare e registrati professionalmente. Siamo in grado di creare campioni di voci fuori campo per tutti i nostri clienti e le nostre soluzioni sono appropriate per le stazioni radio comunitarie, commerciali e Internet, nonch\u00e9 per i DJ.<\/span><\/p>\n<p><span style=\"font-weight: 400;\">Abbiamo collaborato con una variet\u00e0 di noti clienti, tra cui la radio Tameside, la radio Corby, i convertitori di cassa tra gli altri. Qualunque siano le tue esigenze o specifiche per il nostro team di artisti di voice over radio, siamo fiduciosi di avere gli esperti audio in grado di fornire una soluzione adatta alle tue esigenze. Se desideri contattarci per ottenere l&#039;audio creato dai nostri artisti di voice over radiofonici, contattaci oggi.<\/span><\/p>\n<h2><b>Le soluzioni che offriamo<\/b><\/h2>\n<p><span style=\"font-weight: 400;\">Quando vieni a Radio Jingles 24, puoi trovare un&#039;ampia selezione di <\/span><a href=\"https:\/\/radiojingles24.com\/it\/#voices\"><span style=\"font-weight: 400;\">artisti di voice-over radiofonici<\/span><\/a><span style=\"font-weight: 400;\"> scegliere da. Ci sono molte scelte disponibili, incluso se vuoi che sia asciutto o completamente sviluppato con musica ed effetti sonori; la durata dell&#039;audio; come vorresti che fosse la sceneggiatura; e altro ancora.\u00a0<\/span><\/p>\n<p><span style=\"font-weight: 400;\">Se hai deciso una voce fuori campo e hai scritto la sceneggiatura, i nostri artisti della voce fuori campo della radio inizieranno a registrare la tua voce fuori campo. Ognuna delle nostre voci fuori campo viene registrata in uno studio professionale, il che si traduce in una migliore qualit\u00e0 del suono e chiarezza audio. Dopo la registrazione, modificheremo, produrremo e masterizzeremo il tuo jingle per assicurarci che raggiunga i nostri standard elevati precedenti. Di solito, proviamo a produrre voice over radiofonici entro un periodo di 24 ore.<\/span><\/p>\n<p>&nbsp;<\/p>\n<p><span style=\"font-weight: 400;\">Abbiamo un team di esperti di voice over professionisti, ognuno dei quali ha la propria voce distinta e pu\u00f2 registrare in un modo unico. A seconda di ci\u00f2 che stai cercando, offriamo voci radio maschili e femminili su artisti, quindi c&#039;\u00e8 flessibilit\u00e0 quando si tratta di scegliere l&#039;audio che desideri per la tua stazione radio. Produciamo l&#039;audio in diversi formati di file tra cui HQ Wave, MP3 e AIFF. Tutto l&#039;audio che creiamo \u00e8 completamente privo di royalty.\u00a0<\/span><\/p>\n<p><span style=\"font-weight: 400;\">Il nostro team di esperti voice over artisti radiofonici ha una solida reputazione per la fornitura di voice over radiofonici di alta qualit\u00e0 che suonano alla grande e sono stati prodotti secondo i migliori standard. Se non ci credi, dai un&#039;occhiata alle nostre numerose recensioni e testimonianze eccellenti di clienti passati felici e soddisfatti sul nostro sito web. Se desideri controllare cos&#039;altro abbiamo da offrire, visita oggi stesso il nostro sito per saperne di pi\u00f9.\u00a0<\/span><\/p>\n<h2><b>Ti piace parlare con noi?<\/b><\/h2>\n<p><span style=\"font-weight: 400;\">Non esitate a contattarci se avete domande sui nostri artisti di voice over radiofonici. Per parlare con un membro del nostro team, chiama +44 (0) 113 5346686 (UK) o +1 (212) 710-1350 (USA). Se desideri contattarci, contattaci all&#039;indirizzo <\/span><a href=\"mailto:info@radiojingles24.com\"><span style=\"font-weight: 400;\">info@radiojingles24.com<\/span><\/a><span style=\"font-weight: 400;\">e ti ricontatteremo il prima possibile. Restiamo in attesa della vostra risposta.<\/span><\/p>\n\r\n\t\t<\/div>\r\n\t<\/div>\r\n\n\t\t\t<\/div> \n\t\t<\/div>\n\t<\/div> \n<\/div><\/div>","protected":false},"excerpt":{"rendered":"Do you want to get audio produced by professional radio voice over artists? If that\u2019s a yes, then you've come to the right place. Welcome to Radio Jingles 24. We...","protected":false},"author":1,"featured_media":0,"parent":0,"menu_order":0,"comment_status":"closed","ping_status":"closed","template":"","meta":{"_exactmetrics_skip_tracking":false,"_exactmetrics_sitenote_active":false,"_exactmetrics_sitenote_note":"","_exactmetrics_sitenote_category":0,"footnotes":""},"class_list":["post-89466","page","type-page","status-publish"],"yoast_head":"<!-- This site is optimized with the Yoast SEO plugin v26.8 - https:\/\/yoast.com\/product\/yoast-seo-wordpress\/ -->\n<title>Radio Jingles 24: Radio Jingles | DJ Drops | Podcast Intros | Sung Jingles<\/title>\n<meta name=\"description\" content=\"Radio Jingles, Sung Jingles, DJ Drops, and Podcast Intros for commercial, community and internet radio stations. UK Based. Prices from \u00a35. Order online.\" \/>\n<meta name=\"robots\" content=\"index, follow, max-snippet:-1, max-image-preview:large, max-video-preview:-1\" \/>\n<link rel=\"canonical\" href=\"https:\/\/radiojingles24.com\/it\/searching-for-professional-radio-voice-over-artists\/\" \/>\n<meta property=\"og:locale\" content=\"it_IT\" \/>\n<meta property=\"og:type\" content=\"article\" \/>\n<meta property=\"og:title\" content=\"Radio Jingles 24: Radio Jingles | DJ Drops | Podcast Intros | Sung Jingles\" \/>\n<meta property=\"og:description\" content=\"Radio Jingles, Sung Jingles, DJ Drops, and Podcast Intros for commercial, community and internet radio stations. UK Based. Prices from \u00a35. Order online.\" \/>\n<meta property=\"og:url\" content=\"https:\/\/radiojingles24.com\/it\/searching-for-professional-radio-voice-over-artists\/\" \/>\n<meta property=\"og:site_name\" content=\"Radio Jingles 24: Radio Jingles | DJ Drops | Podcast Intros | Sung Jingles\" \/>\n<meta property=\"article:publisher\" content=\"https:\/\/www.facebook.com\/radiojingles24\/\" \/>\n<meta name=\"twitter:card\" content=\"summary_large_image\" \/>\n<meta name=\"twitter:site\" content=\"@radiojingles24\" \/>\n<meta name=\"twitter:label1\" content=\"Tempo di lettura stimato\" \/>\n\t<meta name=\"twitter:data1\" content=\"3 minuti\" \/>\n<script type=\"application\/ld+json\" class=\"yoast-schema-graph\">{\"@context\":\"https:\/\/schema.org\",\"@graph\":[{\"@type\":\"WebPage\",\"@id\":\"https:\/\/radiojingles24.com\/searching-for-professional-radio-voice-over-artists\/\",\"url\":\"https:\/\/radiojingles24.com\/searching-for-professional-radio-voice-over-artists\/\",\"name\":\"Radio Jingles 24: Radio Jingles | DJ Drops | Podcast Intros | Sung Jingles\",\"isPartOf\":{\"@id\":\"https:\/\/radiojingles24.com\/#website\"},\"datePublished\":\"2021-04-14T10:48:55+00:00\",\"description\":\"Radio Jingles, Sung Jingles, DJ Drops, and Podcast Intros for commercial, community and internet radio stations. UK Based. Prices from \u00a35. Order online.\",\"breadcrumb\":{\"@id\":\"https:\/\/radiojingles24.com\/searching-for-professional-radio-voice-over-artists\/#breadcrumb\"},\"inLanguage\":\"it-IT\",\"potentialAction\":[{\"@type\":\"ReadAction\",\"target\":[\"https:\/\/radiojingles24.com\/searching-for-professional-radio-voice-over-artists\/\"]}]},{\"@type\":\"BreadcrumbList\",\"@id\":\"https:\/\/radiojingles24.com\/searching-for-professional-radio-voice-over-artists\/#breadcrumb\",\"itemListElement\":[{\"@type\":\"ListItem\",\"position\":1,\"name\":\"Home\",\"item\":\"https:\/\/radiojingles24.com\/de\/\"},{\"@type\":\"ListItem\",\"position\":2,\"name\":\"Searching for Professional Radio Voice Over Artists?\"}]},{\"@type\":\"WebSite\",\"@id\":\"https:\/\/radiojingles24.com\/#website\",\"url\":\"https:\/\/radiojingles24.com\/\",\"name\":\"Radio Jingles 24: Radio Jingles | DJ Drops | Podcast Intros | Sung Jingles\",\"description\":\"Radio Jingles, Sung Jingles, DJ Drops, and Podcast Intros for commercial, community and internet radio stations. UK Based. Prices from \u00a35. Order online.\",\"publisher\":{\"@id\":\"https:\/\/radiojingles24.com\/#organization\"},\"potentialAction\":[{\"@type\":\"SearchAction\",\"target\":{\"@type\":\"EntryPoint\",\"urlTemplate\":\"https:\/\/radiojingles24.com\/?s={search_term_string}\"},\"query-input\":{\"@type\":\"PropertyValueSpecification\",\"valueRequired\":true,\"valueName\":\"search_term_string\"}}],\"inLanguage\":\"it-IT\"},{\"@type\":\"Organization\",\"@id\":\"https:\/\/radiojingles24.com\/#organization\",\"name\":\"Radio Jingles 24\",\"url\":\"https:\/\/radiojingles24.com\/\",\"logo\":{\"@type\":\"ImageObject\",\"inLanguage\":\"it-IT\",\"@id\":\"https:\/\/radiojingles24.com\/#\/schema\/logo\/image\/\",\"url\":\"https:\/\/radiojingles24.com\/wp-content\/uploads\/2019\/11\/RadioJingle1-1.jpg\",\"contentUrl\":\"https:\/\/radiojingles24.com\/wp-content\/uploads\/2019\/11\/RadioJingle1-1.jpg\",\"width\":512,\"height\":158,\"caption\":\"Radio Jingles 24\"},\"image\":{\"@id\":\"https:\/\/radiojingles24.com\/#\/schema\/logo\/image\/\"},\"sameAs\":[\"https:\/\/www.facebook.com\/radiojingles24\/\",\"https:\/\/x.com\/radiojingles24\"]}]}<\/script>\n<!-- \/ Yoast SEO plugin. -->","yoast_head_json":{"title":"Radio Jingles 24: Radio Jingles | DJ Drops | Introduzione ai podcast | Jingles cantati","description":"Jingles radiofonici, Jingles cantati, DJ Drops e Podcast Intro per stazioni radio commerciali, comunitarie e Internet. Con sede nel Regno Unito. Prezzi a partire da \u00a3 5. Ordinare on-line.","robots":{"index":"index","follow":"follow","max-snippet":"max-snippet:-1","max-image-preview":"max-image-preview:large","max-video-preview":"max-video-preview:-1"},"canonical":"https:\/\/radiojingles24.com\/it\/searching-for-professional-radio-voice-over-artists\/","og_locale":"it_IT","og_type":"article","og_title":"Radio Jingles 24: Radio Jingles | DJ Drops | Podcast Intros | Sung Jingles","og_description":"Radio Jingles, Sung Jingles, DJ Drops, and Podcast Intros for commercial, community and internet radio stations. UK Based. Prices from \u00a35. Order online.","og_url":"https:\/\/radiojingles24.com\/it\/searching-for-professional-radio-voice-over-artists\/","og_site_name":"Radio Jingles 24: Radio Jingles | DJ Drops | Podcast Intros | Sung Jingles","article_publisher":"https:\/\/www.facebook.com\/radiojingles24\/","twitter_card":"summary_large_image","twitter_site":"@radiojingles24","twitter_misc":{"Tempo di lettura stimato":"3 minuti"},"schema":{"@context":"https:\/\/schema.org","@graph":[{"@type":"WebPage","@id":"https:\/\/radiojingles24.com\/searching-for-professional-radio-voice-over-artists\/","url":"https:\/\/radiojingles24.com\/searching-for-professional-radio-voice-over-artists\/","name":"Radio Jingles 24: Radio Jingles | DJ Drops | Introduzione ai podcast | Jingles cantati","isPartOf":{"@id":"https:\/\/radiojingles24.com\/#website"},"datePublished":"2021-04-14T10:48:55+00:00","description":"Jingles radiofonici, Jingles cantati, DJ Drops e Podcast Intro per stazioni radio commerciali, comunitarie e Internet. Con sede nel Regno Unito. Prezzi a partire da \u00a3 5. Ordinare on-line.","breadcrumb":{"@id":"https:\/\/radiojingles24.com\/searching-for-professional-radio-voice-over-artists\/#breadcrumb"},"inLanguage":"it-IT","potentialAction":[{"@type":"ReadAction","target":["https:\/\/radiojingles24.com\/searching-for-professional-radio-voice-over-artists\/"]}]},{"@type":"BreadcrumbList","@id":"https:\/\/radiojingles24.com\/searching-for-professional-radio-voice-over-artists\/#breadcrumb","itemListElement":[{"@type":"ListItem","position":1,"name":"Home","item":"https:\/\/radiojingles24.com\/de\/"},{"@type":"ListItem","position":2,"name":"Searching for Professional Radio Voice Over Artists?"}]},{"@type":"WebSite","@id":"https:\/\/radiojingles24.com\/#website","url":"https:\/\/radiojingles24.com\/","name":"Radio Jingles 24: Radio Jingles | DJ Drops | Introduzione ai podcast | Jingles cantati","description":"Jingles radiofonici, Jingles cantati, DJ Drops e Podcast Intro per stazioni radio commerciali, comunitarie e Internet. Con sede nel Regno Unito. Prezzi a partire da \u00a3 5. Ordinare on-line.","publisher":{"@id":"https:\/\/radiojingles24.com\/#organization"},"potentialAction":[{"@type":"SearchAction","target":{"@type":"EntryPoint","urlTemplate":"https:\/\/radiojingles24.com\/?s={search_term_string}"},"query-input":{"@type":"PropertyValueSpecification","valueRequired":true,"valueName":"search_term_string"}}],"inLanguage":"it-IT"},{"@type":"Organization","@id":"https:\/\/radiojingles24.com\/#organization","name":"Jingle radio 24","url":"https:\/\/radiojingles24.com\/","logo":{"@type":"ImageObject","inLanguage":"it-IT","@id":"https:\/\/radiojingles24.com\/#\/schema\/logo\/image\/","url":"https:\/\/radiojingles24.com\/wp-content\/uploads\/2019\/11\/RadioJingle1-1.jpg","contentUrl":"https:\/\/radiojingles24.com\/wp-content\/uploads\/2019\/11\/RadioJingle1-1.jpg","width":512,"height":158,"caption":"Radio Jingles 24"},"image":{"@id":"https:\/\/radiojingles24.com\/#\/schema\/logo\/image\/"},"sameAs":["https:\/\/www.facebook.com\/radiojingles24\/","https:\/\/x.com\/radiojingles24"]}]}},"jetpack_sharing_enabled":true,"_links":{"self":[{"href":"https:\/\/radiojingles24.com\/it\/wp-json\/wp\/v2\/pages\/89466","targetHints":{"allow":["GET"]}}],"collection":[{"href":"https:\/\/radiojingles24.com\/it\/wp-json\/wp\/v2\/pages"}],"about":[{"href":"https:\/\/radiojingles24.com\/it\/wp-json\/wp\/v2\/types\/page"}],"author":[{"embeddable":true,"href":"https:\/\/radiojingles24.com\/it\/wp-json\/wp\/v2\/users\/1"}],"replies":[{"embeddable":true,"href":"https:\/\/radiojingles24.com\/it\/wp-json\/wp\/v2\/comments?post=89466"}],"version-history":[{"count":1,"href":"https:\/\/radiojingles24.com\/it\/wp-json\/wp\/v2\/pages\/89466\/revisions"}],"predecessor-version":[{"id":89467,"href":"https:\/\/radiojingles24.com\/it\/wp-json\/wp\/v2\/pages\/89466\/revisions\/89467"}],"wp:attachment":[{"href":"https:\/\/radiojingles24.com\/it\/wp-json\/wp\/v2\/media?parent=89466"}],"curies":[{"name":"wp","href":"https:\/\/api.w.org\/{rel}","templated":true}]}}