{"id":90768,"date":"2021-07-27T11:57:56","date_gmt":"2021-07-27T11:57:56","guid":{"rendered":"https:\/\/radiojingles24.com\/?page_id=90768"},"modified":"2021-07-27T11:57:56","modified_gmt":"2021-07-27T11:57:56","slug":"would-you-like-to-create-a-jingle-for-your-business","status":"publish","type":"page","link":"https:\/\/radiojingles24.com\/it\/would-you-like-to-create-a-jingle-for-your-business\/","title":{"rendered":"Ti piacerebbe creare un Jingle per la tua attivit\u00e0?"},"content":{"rendered":"<div id=\"fws_69f2bee710d98\"  data-midnight=\"dark\"  data-bg-mobile-hidden=\"\" class=\"wpb_row vc_row-fluid vc_row top-level standard_section\"  style=\"padding-top: 0px; padding-bottom: 0px; \"><div class=\"row-bg-wrap\" data-bg-animation=\"none\"><div class=\"inner-wrap\"><div class=\"row-bg\"  style=\"\"><\/div><\/div><div class=\"row-bg-overlay\" ><\/div><\/div><div class=\"col span_12 dark left\">\n\t<div  class=\"vc_col-sm-12 wpb_column column_container vc_column_container col no-extra-padding\"  data-t-w-inherits=\"default\" data-border-radius=\"none\" data-shadow=\"none\" data-border-animation=\"\" data-border-animation-delay=\"\" data-border-width=\"none\" data-border-style=\"solid\" data-border-color=\"\" data-bg-cover=\"\" data-padding-pos=\"all\" data-has-bg-color=\"false\" data-bg-color=\"\" data-bg-opacity=\"1\" data-hover-bg=\"\" data-hover-bg-opacity=\"1\" data-animation=\"\" data-delay=\"0\"><div class=\"column-bg-overlay\"><\/div>\n\t\t<div class=\"vc_column-inner\">\n\t\t\t<div class=\"wpb_wrapper\">\n\t\t\t\t\r\n\t<div class=\"wpb_text_column wpb_content_element\" >\r\n\t\t<div class=\"wpb_wrapper\">\r\n\t\t\t<p><span style=\"font-weight: 400;\">Stai cercando un&#039;azienda di prim&#039;ordine che possa creare un jingle per la tua attivit\u00e0? Se questo \u00e8 il caso, allora <\/span><a href=\"https:\/\/radiojingles24.com\/it\/\"><span style=\"font-weight: 400;\">Jingle radio 24<\/span><\/a><span style=\"font-weight: 400;\"> \u00e8 l&#039;azienda che stai cercando. Siamo specialisti nella produzione di jingle professionali per radio e podcast di alta qualit\u00e0, DJ drop, produzioni commerciali e jingle cantati. I nostri jingle sono ideali per tutti i tipi di clienti, da aziende e organizzazioni commerciali a stazioni radio o DJ di comunit\u00e0 e basate su Internet.\u00a0<\/span><\/p>\n<p><span style=\"font-weight: 400;\">Nel corso dei nostri molti anni di lavoro nel settore, abbiamo lavorato con un&#039;ampia variet\u00e0 di clienti tra cui Corby Radio, Cash Converters, Canalside Radio, UKRD Group e altro ancora. Promettiamo un servizio di alto livello, personalizzato per soddisfare le esigenze e le esigenze della tua azienda. Ci sforziamo di fornirti un jingle che 100% corrisponda alle tue specifiche e ti lasci completamente soddisfatto. Se vuoi creare un jingle per la tua attivit\u00e0, mettiti in contatto con noi oggi.\u00a0<\/span><\/p>\n<h2><b>Crea un jingle per il tuo business<\/b><\/h2>\n<p><span style=\"font-weight: 400;\">Se tu volessi <\/span><a href=\"https:\/\/radiojingles24.com\/it\/\"><span style=\"font-weight: 400;\">crea un jingle per la tua attivit\u00e0<\/span><\/a><span style=\"font-weight: 400;\">, allora il processo \u00e8 incredibilmente semplice. Tutto quello che devi fare \u00e8 scegliere le opzioni che desideri. Avremo bisogno di sapere se desideri che il jingle sia asciutto o completamente prodotto con Musica\/SFX, quanto tempo vuoi che sia l&#039;audio, quale voce fuori campo vorresti e qual \u00e8 la tua sceneggiatura.\u00a0<\/span><\/p>\n<p><span style=\"font-weight: 400;\">Una volta che sapremo tutto questo, ci metteremo al lavoro registrando il tuo jingle nel nostro studio professionale, prima di modificare, produrre e masterizzare il tuo jingle in modo che soddisfi tutte le tue esigenze personali. Di solito consegniamo i jingle entro 24 ore e, a volte, lo facciamo anche pi\u00f9 velocemente. Sono disponibili numerosi formati da HQ WAVE e MP3 a AIFF e sta a te decidere quale scegliere. Tutti i nostri jingle sono royalty free 100%.\u00a0<\/span><\/p>\n<p><span style=\"font-weight: 400;\">Ci sono molte ragioni per cui creare un jingle per la tua attivit\u00e0 \u00e8 un&#039;ottima decisione. I jingle sono un modo brillante per aumentare la consapevolezza del marchio, creando un messaggio che rimane impresso nella memoria dell&#039;ascoltatore. Inoltre, i jingle attirano nuovi clienti, perch\u00e9 un jingle accattivante e intelligente creer\u00e0 un nuovo legame con un ascoltatore, collegandolo emotivamente alla tua attivit\u00e0. I jingle sono un modo semplice per aumentare la tua base di clienti, quindi perch\u00e9 non metterti in contatto con noi oggi per crearne uno tuo?<\/span><\/p>\n<p><b>Vuoi fare una richiesta?<\/b><\/p>\n<p><span style=\"font-weight: 400;\">Se desideri scoprire come Radio Jingles 24 pu\u00f2 creare un jingle per la tua attivit\u00e0, contattaci oggi stesso. Siamo sempre felici di rispondere a qualsiasi domanda tu abbia, fornirti maggiori dettagli sui nostri servizi di jingle e discutere le opzioni a tua disposizione. Sentiti libero di inviarci un messaggio e le tue informazioni di contatto tramite il <\/span><a href=\"https:\/\/radiojingles24.com\/it\/contact-us\/\"><span style=\"font-weight: 400;\">modulo online<\/span><\/a><span style=\"font-weight: 400;\"> nella pagina dei contatti del nostro sito Web e ti risponderemo il prima possibile.\u00a0<\/span><\/p>\n<p><span style=\"font-weight: 400;\">Se desideri avere una consulenza telefonica con uno dei nostri team, non esitare a chiamarci al numero +44 0113 5346686 se risiedi negli Stati Uniti o +1 (212) 710-1350 dagli Stati Uniti. Per inviarci un&#039;e-mail, scrivici a <\/span><a href=\"mailto:info@radiojingles24.com\"><span style=\"font-weight: 400;\">info@radiojingles24.com<\/span><\/a><span style=\"font-weight: 400;\"> e ti risponderemo a breve. Non vediamo l&#039;ora di essere al vostro servizio presto.<\/span><\/p>\n\r\n\t\t<\/div>\r\n\t<\/div>\r\n\n\t\t\t<\/div> \n\t\t<\/div>\n\t<\/div> \n<\/div><\/div>","protected":false},"excerpt":{"rendered":"Stai cercando un&#039;azienda di prim&#039;ordine in grado di creare un jingle per la tua attivit\u00e0? Se questo \u00e8 il caso, allora Radio Jingles 24 \u00e8 l&#039;azienda che stai cercando...","protected":false},"author":1,"featured_media":0,"parent":0,"menu_order":0,"comment_status":"closed","ping_status":"closed","template":"","meta":{"_exactmetrics_skip_tracking":false,"_exactmetrics_sitenote_active":false,"_exactmetrics_sitenote_note":"","_exactmetrics_sitenote_category":0,"footnotes":""},"class_list":["post-90768","page","type-page","status-publish"],"yoast_head":"<!-- This site is optimized with the Yoast SEO plugin v26.8 - https:\/\/yoast.com\/product\/yoast-seo-wordpress\/ -->\n<title>Radio Jingles 24: Radio Jingles | DJ Drops | Podcast Intros | Sung Jingles<\/title>\n<meta name=\"description\" content=\"Radio Jingles, Sung Jingles, DJ Drops, and Podcast Intros for commercial, community and internet radio stations. UK Based. Prices from \u00a35. Order online.\" \/>\n<meta name=\"robots\" content=\"index, follow, max-snippet:-1, max-image-preview:large, max-video-preview:-1\" \/>\n<link rel=\"canonical\" href=\"https:\/\/radiojingles24.com\/it\/would-you-like-to-create-a-jingle-for-your-business\/\" \/>\n<meta property=\"og:locale\" content=\"it_IT\" \/>\n<meta property=\"og:type\" content=\"article\" \/>\n<meta property=\"og:title\" content=\"Radio Jingles 24: Radio Jingles | DJ Drops | Podcast Intros | Sung Jingles\" \/>\n<meta property=\"og:description\" content=\"Radio Jingles, Sung Jingles, DJ Drops, and Podcast Intros for commercial, community and internet radio stations. UK Based. Prices from \u00a35. Order online.\" \/>\n<meta property=\"og:url\" content=\"https:\/\/radiojingles24.com\/it\/would-you-like-to-create-a-jingle-for-your-business\/\" \/>\n<meta property=\"og:site_name\" content=\"Radio Jingles 24: Radio Jingles | DJ Drops | Podcast Intros | Sung Jingles\" \/>\n<meta property=\"article:publisher\" content=\"https:\/\/www.facebook.com\/radiojingles24\/\" \/>\n<meta name=\"twitter:card\" content=\"summary_large_image\" \/>\n<meta name=\"twitter:site\" content=\"@radiojingles24\" \/>\n<meta name=\"twitter:label1\" content=\"Tempo di lettura stimato\" \/>\n\t<meta name=\"twitter:data1\" content=\"3 minuti\" \/>\n<script type=\"application\/ld+json\" class=\"yoast-schema-graph\">{\"@context\":\"https:\/\/schema.org\",\"@graph\":[{\"@type\":\"WebPage\",\"@id\":\"https:\/\/radiojingles24.com\/fr\/would-you-like-to-create-a-jingle-for-your-business\/\",\"url\":\"https:\/\/radiojingles24.com\/fr\/would-you-like-to-create-a-jingle-for-your-business\/\",\"name\":\"Radio Jingles 24: Radio Jingles | DJ Drops | Podcast Intros | Sung Jingles\",\"isPartOf\":{\"@id\":\"https:\/\/radiojingles24.com\/#website\"},\"datePublished\":\"2021-07-27T11:57:56+00:00\",\"description\":\"Radio Jingles, Sung Jingles, DJ Drops, and Podcast Intros for commercial, community and internet radio stations. UK Based. Prices from \u00a35. Order online.\",\"breadcrumb\":{\"@id\":\"https:\/\/radiojingles24.com\/fr\/would-you-like-to-create-a-jingle-for-your-business\/#breadcrumb\"},\"inLanguage\":\"it-IT\",\"potentialAction\":[{\"@type\":\"ReadAction\",\"target\":[\"https:\/\/radiojingles24.com\/fr\/would-you-like-to-create-a-jingle-for-your-business\/\"]}]},{\"@type\":\"BreadcrumbList\",\"@id\":\"https:\/\/radiojingles24.com\/fr\/would-you-like-to-create-a-jingle-for-your-business\/#breadcrumb\",\"itemListElement\":[{\"@type\":\"ListItem\",\"position\":1,\"name\":\"Home\",\"item\":\"https:\/\/radiojingles24.com\/de\/\"},{\"@type\":\"ListItem\",\"position\":2,\"name\":\"Would you Like to Create a Jingle for your Business?\"}]},{\"@type\":\"WebSite\",\"@id\":\"https:\/\/radiojingles24.com\/#website\",\"url\":\"https:\/\/radiojingles24.com\/\",\"name\":\"Radio Jingles 24: Radio Jingles | DJ Drops | Podcast Intros | Sung Jingles\",\"description\":\"Radio Jingles, Sung Jingles, DJ Drops, and Podcast Intros for commercial, community and internet radio stations. UK Based. Prices from \u00a35. Order online.\",\"publisher\":{\"@id\":\"https:\/\/radiojingles24.com\/#organization\"},\"potentialAction\":[{\"@type\":\"SearchAction\",\"target\":{\"@type\":\"EntryPoint\",\"urlTemplate\":\"https:\/\/radiojingles24.com\/?s={search_term_string}\"},\"query-input\":{\"@type\":\"PropertyValueSpecification\",\"valueRequired\":true,\"valueName\":\"search_term_string\"}}],\"inLanguage\":\"it-IT\"},{\"@type\":\"Organization\",\"@id\":\"https:\/\/radiojingles24.com\/#organization\",\"name\":\"Radio Jingles 24\",\"url\":\"https:\/\/radiojingles24.com\/\",\"logo\":{\"@type\":\"ImageObject\",\"inLanguage\":\"it-IT\",\"@id\":\"https:\/\/radiojingles24.com\/#\/schema\/logo\/image\/\",\"url\":\"https:\/\/radiojingles24.com\/wp-content\/uploads\/2019\/11\/RadioJingle1-1.jpg\",\"contentUrl\":\"https:\/\/radiojingles24.com\/wp-content\/uploads\/2019\/11\/RadioJingle1-1.jpg\",\"width\":512,\"height\":158,\"caption\":\"Radio Jingles 24\"},\"image\":{\"@id\":\"https:\/\/radiojingles24.com\/#\/schema\/logo\/image\/\"},\"sameAs\":[\"https:\/\/www.facebook.com\/radiojingles24\/\",\"https:\/\/x.com\/radiojingles24\"]}]}<\/script>\n<!-- \/ Yoast SEO plugin. -->","yoast_head_json":{"title":"Radio Jingles 24: Radio Jingles | DJ Drops | Introduzione ai podcast | Jingles cantati","description":"Jingles radiofonici, Jingles cantati, DJ Drops e Podcast Intro per stazioni radio commerciali, comunitarie e Internet. Con sede nel Regno Unito. Prezzi a partire da \u00a3 5. Ordinare on-line.","robots":{"index":"index","follow":"follow","max-snippet":"max-snippet:-1","max-image-preview":"max-image-preview:large","max-video-preview":"max-video-preview:-1"},"canonical":"https:\/\/radiojingles24.com\/it\/would-you-like-to-create-a-jingle-for-your-business\/","og_locale":"it_IT","og_type":"article","og_title":"Radio Jingles 24: Radio Jingles | DJ Drops | Podcast Intros | Sung Jingles","og_description":"Radio Jingles, Sung Jingles, DJ Drops, and Podcast Intros for commercial, community and internet radio stations. UK Based. Prices from \u00a35. Order online.","og_url":"https:\/\/radiojingles24.com\/it\/would-you-like-to-create-a-jingle-for-your-business\/","og_site_name":"Radio Jingles 24: Radio Jingles | DJ Drops | Podcast Intros | Sung Jingles","article_publisher":"https:\/\/www.facebook.com\/radiojingles24\/","twitter_card":"summary_large_image","twitter_site":"@radiojingles24","twitter_misc":{"Tempo di lettura stimato":"3 minuti"},"schema":{"@context":"https:\/\/schema.org","@graph":[{"@type":"WebPage","@id":"https:\/\/radiojingles24.com\/fr\/would-you-like-to-create-a-jingle-for-your-business\/","url":"https:\/\/radiojingles24.com\/fr\/would-you-like-to-create-a-jingle-for-your-business\/","name":"Radio Jingles 24: Radio Jingles | DJ Drops | Introduzione ai podcast | Jingles cantati","isPartOf":{"@id":"https:\/\/radiojingles24.com\/#website"},"datePublished":"2021-07-27T11:57:56+00:00","description":"Jingles radiofonici, Jingles cantati, DJ Drops e Podcast Intro per stazioni radio commerciali, comunitarie e Internet. Con sede nel Regno Unito. Prezzi a partire da \u00a3 5. Ordinare on-line.","breadcrumb":{"@id":"https:\/\/radiojingles24.com\/fr\/would-you-like-to-create-a-jingle-for-your-business\/#breadcrumb"},"inLanguage":"it-IT","potentialAction":[{"@type":"ReadAction","target":["https:\/\/radiojingles24.com\/fr\/would-you-like-to-create-a-jingle-for-your-business\/"]}]},{"@type":"BreadcrumbList","@id":"https:\/\/radiojingles24.com\/fr\/would-you-like-to-create-a-jingle-for-your-business\/#breadcrumb","itemListElement":[{"@type":"ListItem","position":1,"name":"Home","item":"https:\/\/radiojingles24.com\/de\/"},{"@type":"ListItem","position":2,"name":"Would you Like to Create a Jingle for your Business?"}]},{"@type":"WebSite","@id":"https:\/\/radiojingles24.com\/#website","url":"https:\/\/radiojingles24.com\/","name":"Radio Jingles 24: Radio Jingles | DJ Drops | Introduzione ai podcast | Jingles cantati","description":"Jingles radiofonici, Jingles cantati, DJ Drops e Podcast Intro per stazioni radio commerciali, comunitarie e Internet. Con sede nel Regno Unito. Prezzi a partire da \u00a3 5. Ordinare on-line.","publisher":{"@id":"https:\/\/radiojingles24.com\/#organization"},"potentialAction":[{"@type":"SearchAction","target":{"@type":"EntryPoint","urlTemplate":"https:\/\/radiojingles24.com\/?s={search_term_string}"},"query-input":{"@type":"PropertyValueSpecification","valueRequired":true,"valueName":"search_term_string"}}],"inLanguage":"it-IT"},{"@type":"Organization","@id":"https:\/\/radiojingles24.com\/#organization","name":"Jingle radio 24","url":"https:\/\/radiojingles24.com\/","logo":{"@type":"ImageObject","inLanguage":"it-IT","@id":"https:\/\/radiojingles24.com\/#\/schema\/logo\/image\/","url":"https:\/\/radiojingles24.com\/wp-content\/uploads\/2019\/11\/RadioJingle1-1.jpg","contentUrl":"https:\/\/radiojingles24.com\/wp-content\/uploads\/2019\/11\/RadioJingle1-1.jpg","width":512,"height":158,"caption":"Radio Jingles 24"},"image":{"@id":"https:\/\/radiojingles24.com\/#\/schema\/logo\/image\/"},"sameAs":["https:\/\/www.facebook.com\/radiojingles24\/","https:\/\/x.com\/radiojingles24"]}]}},"jetpack_sharing_enabled":true,"_links":{"self":[{"href":"https:\/\/radiojingles24.com\/it\/wp-json\/wp\/v2\/pages\/90768","targetHints":{"allow":["GET"]}}],"collection":[{"href":"https:\/\/radiojingles24.com\/it\/wp-json\/wp\/v2\/pages"}],"about":[{"href":"https:\/\/radiojingles24.com\/it\/wp-json\/wp\/v2\/types\/page"}],"author":[{"embeddable":true,"href":"https:\/\/radiojingles24.com\/it\/wp-json\/wp\/v2\/users\/1"}],"replies":[{"embeddable":true,"href":"https:\/\/radiojingles24.com\/it\/wp-json\/wp\/v2\/comments?post=90768"}],"version-history":[{"count":1,"href":"https:\/\/radiojingles24.com\/it\/wp-json\/wp\/v2\/pages\/90768\/revisions"}],"predecessor-version":[{"id":90770,"href":"https:\/\/radiojingles24.com\/it\/wp-json\/wp\/v2\/pages\/90768\/revisions\/90770"}],"wp:attachment":[{"href":"https:\/\/radiojingles24.com\/it\/wp-json\/wp\/v2\/media?parent=90768"}],"curies":[{"name":"wp","href":"https:\/\/api.w.org\/{rel}","templated":true}]}}