{"id":91492,"date":"2021-10-14T16:05:33","date_gmt":"2021-10-14T16:05:33","guid":{"rendered":"https:\/\/radiojingles24.com\/?page_id=91492"},"modified":"2021-10-14T16:05:33","modified_gmt":"2021-10-14T16:05:33","slug":"trying-to-find-a-professional-jingle-maker-software","status":"publish","type":"page","link":"https:\/\/radiojingles24.com\/it\/trying-to-find-a-professional-jingle-maker-software\/","title":{"rendered":"Stai cercando di trovare un software Jingle Maker professionale?"},"content":{"rendered":"<div id=\"fws_69ed43274c4a4\"  data-midnight=\"dark\"  data-bg-mobile-hidden=\"\" class=\"wpb_row vc_row-fluid vc_row top-level standard_section\"  style=\"padding-top: 0px; padding-bottom: 0px; \"><div class=\"row-bg-wrap\" data-bg-animation=\"none\"><div class=\"inner-wrap\"><div class=\"row-bg\"  style=\"\"><\/div><\/div><div class=\"row-bg-overlay\" ><\/div><\/div><div class=\"col span_12 dark left\">\n\t<div  class=\"vc_col-sm-12 wpb_column column_container vc_column_container col no-extra-padding\"  data-t-w-inherits=\"default\" data-border-radius=\"none\" data-shadow=\"none\" data-border-animation=\"\" data-border-animation-delay=\"\" data-border-width=\"none\" data-border-style=\"solid\" data-border-color=\"\" data-bg-cover=\"\" data-padding-pos=\"all\" data-has-bg-color=\"false\" data-bg-color=\"\" data-bg-opacity=\"1\" data-hover-bg=\"\" data-hover-bg-opacity=\"1\" data-animation=\"\" data-delay=\"0\"><div class=\"column-bg-overlay\"><\/div>\n\t\t<div class=\"vc_column-inner\">\n\t\t\t<div class=\"wpb_wrapper\">\n\t\t\t\t\r\n\t<div class=\"wpb_text_column wpb_content_element\" >\r\n\t\t<div class=\"wpb_wrapper\">\r\n\t\t\t<p><span style=\"font-weight: 400;\">Stai ospitando un programma radiofonico o un podcast e hai bisogno di un jingle dal suono accattivante? Cerchi un software per creare jingle? Quindi <\/span><a href=\"https:\/\/radiojingles24.com\/it\/\"><span style=\"font-weight: 400;\">Jingle radio 24<\/span><\/a><span style=\"font-weight: 400;\"> ha esattamente quello che stai cercando. Produciamo jingle radiofonici di qualit\u00e0 professionale, DJ drop, jingle cantati e produzioni commerciali. I nostri specialisti audio possono fornire un jingle di prima qualit\u00e0 in sole 24 ore: promettiamo una risposta rapida alla tua richiesta.\u00a0<\/span><\/p>\n<p><span style=\"font-weight: 400;\">Realizziamo audio per una vasta gamma di clienti, tra cui stazioni radio comunitarie, commerciali e Internet, nonch\u00e9 DJ e host di podcast. Ci sono un&#039;ampia variet\u00e0 di opzioni tra cui scegliere tra cui musica, SFX e voice over artisti. Il nostro software per la creazione di jingle creer\u00e0 un pezzo audio unico che suona in modo fantastico e attirer\u00e0 l&#039;attenzione di tutti i tuoi ascoltatori. Per creare un jingle oggi, contatta il nostro team tramite i metodi seguenti.\u00a0<\/span><\/p>\n<h2><b>Cosa puoi aspettarti da Radio Jingles 24?<\/b><\/h2>\n<p><span style=\"font-weight: 400;\">Se hai bisogno di un jingle per il tuo spettacolo o stazione, allora il nostro <\/span><a href=\"https:\/\/radiojingles24.com\/it\/#voices\"><span style=\"font-weight: 400;\">moderno software per la creazione di jingle<\/span><\/a><span style=\"font-weight: 400;\"> \u00e8 l&#039;opzione perfetta. Con il nostro software, sarai in grado di creare un pezzo audio su misura che soddisfi tutte le tue esigenze. Puoi scegliere un artista specifico, scrivere la tua sceneggiatura e scegliere la lunghezza del tuo audio, in base alle tue esigenze. Tutto il nostro audio \u00e8 sapientemente registrato e prodotto nel nostro studio all&#039;avanguardia. Ci\u00f2 garantisce una qualit\u00e0 audio superiore a qualsiasi altro servizio in circolazione.\u00a0<\/span><\/p>\n<p><span style=\"font-weight: 400;\">Possiamo produrre i tuoi jingle in una gamma di formati come HQ WAVE, MP3 o AIFF. Questo ti d\u00e0 la flessibilit\u00e0 di scegliere il formato di file ideale per il tuo progetto, stazione o spettacolo. La svolta per il nostro software per la creazione di jingle \u00e8 rapida; cercheremo di inviarti il tuo audio in meno di 24 ore e, in genere, siamo molto pi\u00f9 veloci di cos\u00ec. Non solo questo, ma tutto l&#039;audio \u00e8 royalty free 100%.\u00a0<\/span><\/p>\n<p><span style=\"font-weight: 400;\">Inoltre, i nostri jingle di qualit\u00e0 professionale possono essere sia asciutti che completamente prodotti con SFX o musica. Ti invieremo le copie di cui hai bisogno, offrendoti pi\u00f9 opzioni per l&#039;utilizzo del tuo jingle. Il servizio clienti di prima classe e l&#039;esperienza sono una garanzia quando vieni a Radio Jingles 24; siamo veloci, efficienti e convenienti. Per saperne di pi\u00f9 sul nostro software per la creazione di jingle, mettiti in contatto con i nostri esperti audio oggi.<\/span><\/p>\n<p><b>Contattaci per creare un jingle di alta qualit\u00e0 oggi stesso<\/b><\/p>\n<p><span style=\"font-weight: 400;\">Radio Jingles 24 pu\u00f2 produrre un jingle di prim&#039;ordine che suona alla grande. Per fare una richiesta sul nostro software per la creazione di jingle, ti preghiamo di contattarci compilando il modulo online nella pagina dei contatti del nostro sito web. Risponderemo al tuo messaggio il prima possibile. In alternativa, non esitare a scriverci a: <\/span><a href=\"mailto:info@radiojingles24.com\"><span style=\"font-weight: 400;\">info@radiojingles24.com<\/span><\/a><span style=\"font-weight: 400;\">.<\/span><\/p>\n<p><span style=\"font-weight: 400;\">Se preferisci parlare con uno dei membri del nostro team, chiamaci subito al numero +44 0113 5346686 (Regno Unito) o +1 (212) 710-1350 (Stati Uniti). Il nostro personale esperto \u00e8 qui per aiutarti a rispondere a qualsiasi domanda tu possa avere e fornirti maggiori dettagli sul nostro software per la creazione di jingle. Nel frattempo, visita il sito Web di Radio Jingles 24 per saperne di pi\u00f9 sulla nostra gamma di soluzioni audio.<\/span><\/p>\n\r\n\t\t<\/div>\r\n\t<\/div>\r\n\n\t\t\t<\/div> \n\t\t<\/div>\n\t<\/div> \n<\/div><\/div>","protected":false},"excerpt":{"rendered":"Stai ospitando un programma radiofonico o un podcast e hai bisogno di un jingle dal suono accattivante? Cerchi un software per la creazione di jingle? Allora Radio Jingles 24 ha esattamente quello che stai cercando. Noi produciamo...","protected":false},"author":1,"featured_media":0,"parent":0,"menu_order":0,"comment_status":"closed","ping_status":"closed","template":"","meta":{"_exactmetrics_skip_tracking":false,"_exactmetrics_sitenote_active":false,"_exactmetrics_sitenote_note":"","_exactmetrics_sitenote_category":0,"footnotes":""},"class_list":["post-91492","page","type-page","status-publish"],"yoast_head":"<!-- This site is optimized with the Yoast SEO plugin v26.8 - https:\/\/yoast.com\/product\/yoast-seo-wordpress\/ -->\n<title>Radio Jingles 24: Radio Jingles | DJ Drops | Podcast Intros | Sung Jingles<\/title>\n<meta name=\"description\" content=\"Radio Jingles, Sung Jingles, DJ Drops, and Podcast Intros for commercial, community and internet radio stations. UK Based. Prices from \u00a35. Order online.\" \/>\n<meta name=\"robots\" content=\"index, follow, max-snippet:-1, max-image-preview:large, max-video-preview:-1\" \/>\n<link rel=\"canonical\" href=\"https:\/\/radiojingles24.com\/it\/trying-to-find-a-professional-jingle-maker-software\/\" \/>\n<meta property=\"og:locale\" content=\"it_IT\" \/>\n<meta property=\"og:type\" content=\"article\" \/>\n<meta property=\"og:title\" content=\"Radio Jingles 24: Radio Jingles | DJ Drops | Podcast Intros | Sung Jingles\" \/>\n<meta property=\"og:description\" content=\"Radio Jingles, Sung Jingles, DJ Drops, and Podcast Intros for commercial, community and internet radio stations. UK Based. Prices from \u00a35. Order online.\" \/>\n<meta property=\"og:url\" content=\"https:\/\/radiojingles24.com\/it\/trying-to-find-a-professional-jingle-maker-software\/\" \/>\n<meta property=\"og:site_name\" content=\"Radio Jingles 24: Radio Jingles | DJ Drops | Podcast Intros | Sung Jingles\" \/>\n<meta property=\"article:publisher\" content=\"https:\/\/www.facebook.com\/radiojingles24\/\" \/>\n<meta name=\"twitter:card\" content=\"summary_large_image\" \/>\n<meta name=\"twitter:site\" content=\"@radiojingles24\" \/>\n<meta name=\"twitter:label1\" content=\"Tempo di lettura stimato\" \/>\n\t<meta name=\"twitter:data1\" content=\"3 minuti\" \/>\n<script type=\"application\/ld+json\" class=\"yoast-schema-graph\">{\"@context\":\"https:\/\/schema.org\",\"@graph\":[{\"@type\":\"WebPage\",\"@id\":\"https:\/\/radiojingles24.com\/trying-to-find-a-professional-jingle-maker-software\/\",\"url\":\"https:\/\/radiojingles24.com\/trying-to-find-a-professional-jingle-maker-software\/\",\"name\":\"Radio Jingles 24: Radio Jingles | DJ Drops | Podcast Intros | Sung Jingles\",\"isPartOf\":{\"@id\":\"https:\/\/radiojingles24.com\/#website\"},\"datePublished\":\"2021-10-14T16:05:33+00:00\",\"description\":\"Radio Jingles, Sung Jingles, DJ Drops, and Podcast Intros for commercial, community and internet radio stations. UK Based. Prices from \u00a35. Order online.\",\"breadcrumb\":{\"@id\":\"https:\/\/radiojingles24.com\/trying-to-find-a-professional-jingle-maker-software\/#breadcrumb\"},\"inLanguage\":\"it-IT\",\"potentialAction\":[{\"@type\":\"ReadAction\",\"target\":[\"https:\/\/radiojingles24.com\/trying-to-find-a-professional-jingle-maker-software\/\"]}]},{\"@type\":\"BreadcrumbList\",\"@id\":\"https:\/\/radiojingles24.com\/trying-to-find-a-professional-jingle-maker-software\/#breadcrumb\",\"itemListElement\":[{\"@type\":\"ListItem\",\"position\":1,\"name\":\"Home\",\"item\":\"https:\/\/radiojingles24.com\/de\/\"},{\"@type\":\"ListItem\",\"position\":2,\"name\":\"Trying to Find a Professional Jingle Maker Software?\"}]},{\"@type\":\"WebSite\",\"@id\":\"https:\/\/radiojingles24.com\/#website\",\"url\":\"https:\/\/radiojingles24.com\/\",\"name\":\"Radio Jingles 24: Radio Jingles | DJ Drops | Podcast Intros | Sung Jingles\",\"description\":\"Radio Jingles, Sung Jingles, DJ Drops, and Podcast Intros for commercial, community and internet radio stations. UK Based. Prices from \u00a35. Order online.\",\"publisher\":{\"@id\":\"https:\/\/radiojingles24.com\/#organization\"},\"potentialAction\":[{\"@type\":\"SearchAction\",\"target\":{\"@type\":\"EntryPoint\",\"urlTemplate\":\"https:\/\/radiojingles24.com\/?s={search_term_string}\"},\"query-input\":{\"@type\":\"PropertyValueSpecification\",\"valueRequired\":true,\"valueName\":\"search_term_string\"}}],\"inLanguage\":\"it-IT\"},{\"@type\":\"Organization\",\"@id\":\"https:\/\/radiojingles24.com\/#organization\",\"name\":\"Radio Jingles 24\",\"url\":\"https:\/\/radiojingles24.com\/\",\"logo\":{\"@type\":\"ImageObject\",\"inLanguage\":\"it-IT\",\"@id\":\"https:\/\/radiojingles24.com\/#\/schema\/logo\/image\/\",\"url\":\"https:\/\/radiojingles24.com\/wp-content\/uploads\/2019\/11\/RadioJingle1-1.jpg\",\"contentUrl\":\"https:\/\/radiojingles24.com\/wp-content\/uploads\/2019\/11\/RadioJingle1-1.jpg\",\"width\":512,\"height\":158,\"caption\":\"Radio Jingles 24\"},\"image\":{\"@id\":\"https:\/\/radiojingles24.com\/#\/schema\/logo\/image\/\"},\"sameAs\":[\"https:\/\/www.facebook.com\/radiojingles24\/\",\"https:\/\/x.com\/radiojingles24\"]}]}<\/script>\n<!-- \/ Yoast SEO plugin. -->","yoast_head_json":{"title":"Radio Jingles 24: Radio Jingles | DJ Drops | Introduzione ai podcast | Jingles cantati","description":"Jingles radiofonici, Jingles cantati, DJ Drops e Podcast Intro per stazioni radio commerciali, comunitarie e Internet. Con sede nel Regno Unito. Prezzi a partire da \u00a3 5. Ordinare on-line.","robots":{"index":"index","follow":"follow","max-snippet":"max-snippet:-1","max-image-preview":"max-image-preview:large","max-video-preview":"max-video-preview:-1"},"canonical":"https:\/\/radiojingles24.com\/it\/trying-to-find-a-professional-jingle-maker-software\/","og_locale":"it_IT","og_type":"article","og_title":"Radio Jingles 24: Radio Jingles | DJ Drops | Podcast Intros | Sung Jingles","og_description":"Radio Jingles, Sung Jingles, DJ Drops, and Podcast Intros for commercial, community and internet radio stations. UK Based. Prices from \u00a35. Order online.","og_url":"https:\/\/radiojingles24.com\/it\/trying-to-find-a-professional-jingle-maker-software\/","og_site_name":"Radio Jingles 24: Radio Jingles | DJ Drops | Podcast Intros | Sung Jingles","article_publisher":"https:\/\/www.facebook.com\/radiojingles24\/","twitter_card":"summary_large_image","twitter_site":"@radiojingles24","twitter_misc":{"Tempo di lettura stimato":"3 minuti"},"schema":{"@context":"https:\/\/schema.org","@graph":[{"@type":"WebPage","@id":"https:\/\/radiojingles24.com\/trying-to-find-a-professional-jingle-maker-software\/","url":"https:\/\/radiojingles24.com\/trying-to-find-a-professional-jingle-maker-software\/","name":"Radio Jingles 24: Radio Jingles | DJ Drops | Introduzione ai podcast | Jingles cantati","isPartOf":{"@id":"https:\/\/radiojingles24.com\/#website"},"datePublished":"2021-10-14T16:05:33+00:00","description":"Jingles radiofonici, Jingles cantati, DJ Drops e Podcast Intro per stazioni radio commerciali, comunitarie e Internet. Con sede nel Regno Unito. Prezzi a partire da \u00a3 5. Ordinare on-line.","breadcrumb":{"@id":"https:\/\/radiojingles24.com\/trying-to-find-a-professional-jingle-maker-software\/#breadcrumb"},"inLanguage":"it-IT","potentialAction":[{"@type":"ReadAction","target":["https:\/\/radiojingles24.com\/trying-to-find-a-professional-jingle-maker-software\/"]}]},{"@type":"BreadcrumbList","@id":"https:\/\/radiojingles24.com\/trying-to-find-a-professional-jingle-maker-software\/#breadcrumb","itemListElement":[{"@type":"ListItem","position":1,"name":"Home","item":"https:\/\/radiojingles24.com\/de\/"},{"@type":"ListItem","position":2,"name":"Trying to Find a Professional Jingle Maker Software?"}]},{"@type":"WebSite","@id":"https:\/\/radiojingles24.com\/#website","url":"https:\/\/radiojingles24.com\/","name":"Radio Jingles 24: Radio Jingles | DJ Drops | Introduzione ai podcast | Jingles cantati","description":"Jingles radiofonici, Jingles cantati, DJ Drops e Podcast Intro per stazioni radio commerciali, comunitarie e Internet. Con sede nel Regno Unito. Prezzi a partire da \u00a3 5. Ordinare on-line.","publisher":{"@id":"https:\/\/radiojingles24.com\/#organization"},"potentialAction":[{"@type":"SearchAction","target":{"@type":"EntryPoint","urlTemplate":"https:\/\/radiojingles24.com\/?s={search_term_string}"},"query-input":{"@type":"PropertyValueSpecification","valueRequired":true,"valueName":"search_term_string"}}],"inLanguage":"it-IT"},{"@type":"Organization","@id":"https:\/\/radiojingles24.com\/#organization","name":"Jingle radio 24","url":"https:\/\/radiojingles24.com\/","logo":{"@type":"ImageObject","inLanguage":"it-IT","@id":"https:\/\/radiojingles24.com\/#\/schema\/logo\/image\/","url":"https:\/\/radiojingles24.com\/wp-content\/uploads\/2019\/11\/RadioJingle1-1.jpg","contentUrl":"https:\/\/radiojingles24.com\/wp-content\/uploads\/2019\/11\/RadioJingle1-1.jpg","width":512,"height":158,"caption":"Radio Jingles 24"},"image":{"@id":"https:\/\/radiojingles24.com\/#\/schema\/logo\/image\/"},"sameAs":["https:\/\/www.facebook.com\/radiojingles24\/","https:\/\/x.com\/radiojingles24"]}]}},"jetpack_sharing_enabled":true,"_links":{"self":[{"href":"https:\/\/radiojingles24.com\/it\/wp-json\/wp\/v2\/pages\/91492","targetHints":{"allow":["GET"]}}],"collection":[{"href":"https:\/\/radiojingles24.com\/it\/wp-json\/wp\/v2\/pages"}],"about":[{"href":"https:\/\/radiojingles24.com\/it\/wp-json\/wp\/v2\/types\/page"}],"author":[{"embeddable":true,"href":"https:\/\/radiojingles24.com\/it\/wp-json\/wp\/v2\/users\/1"}],"replies":[{"embeddable":true,"href":"https:\/\/radiojingles24.com\/it\/wp-json\/wp\/v2\/comments?post=91492"}],"version-history":[{"count":1,"href":"https:\/\/radiojingles24.com\/it\/wp-json\/wp\/v2\/pages\/91492\/revisions"}],"predecessor-version":[{"id":91494,"href":"https:\/\/radiojingles24.com\/it\/wp-json\/wp\/v2\/pages\/91492\/revisions\/91494"}],"wp:attachment":[{"href":"https:\/\/radiojingles24.com\/it\/wp-json\/wp\/v2\/media?parent=91492"}],"curies":[{"name":"wp","href":"https:\/\/api.w.org\/{rel}","templated":true}]}}