{"id":92382,"date":"2022-01-19T11:20:32","date_gmt":"2022-01-19T11:20:32","guid":{"rendered":"https:\/\/radiojingles24.com\/?page_id=92382"},"modified":"2022-01-19T11:20:32","modified_gmt":"2022-01-19T11:20:32","slug":"are-you-looking-to-buy-jingles","status":"publish","type":"page","link":"https:\/\/radiojingles24.com\/it\/are-you-looking-to-buy-jingles\/","title":{"rendered":"Stai cercando di acquistare Jingles?"},"content":{"rendered":"<div id=\"fws_69d553871fd65\"  data-midnight=\"dark\"  data-bg-mobile-hidden=\"\" class=\"wpb_row vc_row-fluid vc_row top-level standard_section\"  style=\"padding-top: 0px; padding-bottom: 0px; \"><div class=\"row-bg-wrap\" data-bg-animation=\"none\"><div class=\"inner-wrap\"><div class=\"row-bg\"  style=\"\"><\/div><\/div><div class=\"row-bg-overlay\" ><\/div><\/div><div class=\"col span_12 dark left\">\n\t<div  class=\"vc_col-sm-12 wpb_column column_container vc_column_container col no-extra-padding\"  data-t-w-inherits=\"default\" data-border-radius=\"none\" data-shadow=\"none\" data-border-animation=\"\" data-border-animation-delay=\"\" data-border-width=\"none\" data-border-style=\"solid\" data-border-color=\"\" data-bg-cover=\"\" data-padding-pos=\"all\" data-has-bg-color=\"false\" data-bg-color=\"\" data-bg-opacity=\"1\" data-hover-bg=\"\" data-hover-bg-opacity=\"1\" data-animation=\"\" data-delay=\"0\"><div class=\"column-bg-overlay\"><\/div>\n\t\t<div class=\"vc_column-inner\">\n\t\t\t<div class=\"wpb_wrapper\">\n\t\t\t\t\r\n\t<div class=\"wpb_text_column wpb_content_element\" >\r\n\t\t<div class=\"wpb_wrapper\">\r\n\t\t\t<p><span style=\"font-weight: 400;\">Di recente hai avviato la tua stazione radio o hai bisogno di nuovi contenuti e stai cercando di acquistare jingle? Allora siete venuti nel posto giusto. Benvenuto a <\/span><a href=\"https:\/\/radiojingles24.com\/it\/\"><span style=\"font-weight: 400;\">Jingle radio 24<\/span><\/a><span style=\"font-weight: 400;\">, siamo una societ\u00e0 di produzione di immagini con sede nel Regno Unito con oltre 10 anni di esperienza nel settore.\u00a0<\/span><\/p>\n<p>&nbsp;<\/p>\n<p><span style=\"font-weight: 400;\">Questa esperienza nel corso degli anni ci ha permesso di sviluppare e riprogettare i nostri prodotti, in modo da avere finalmente qualcosa che si adatta a tutte le esigenze e pu\u00f2 anche essere al passo con le tendenze in continua evoluzione. Come azienda, offriamo jingle per tutti i tipi di aspetti creativi all&#039;interno del settore, dai jingle radiofonici per DJ, ai jingle podcast e ai jingle di produzione commerciale, solo per citarne alcuni.\u00a0<\/span><\/p>\n<p>&nbsp;<\/p>\n<p><b>Guardando i nostri servizi\u00a0<\/b><\/p>\n<p>&nbsp;<\/p>\n<p><span style=\"font-weight: 400;\">Quando cerchi di acquistare jingle, \u00e8 fondamentale che tu sappia esattamente cosa stai cercando, per la categoria in cui stai cercando di creare. Ad esempio, offriamo una gamma di suoni e jingle che puoi acquistare per podcast, radio e DJ, quindi c&#039;\u00e8 sicuramente un&#039;opzione per te.<\/span><\/p>\n<p><span style=\"font-weight: 400;\"><br \/>\n<\/span><span style=\"font-weight: 400;\">Se stai cercando di acquistare jingle per il tuo podcast che hai appena creato, o che forse hai appena iniziato ad andare in onda, allora il nostro <\/span><a href=\"https:\/\/radiojingles24.com\/it\/prodotto\/podcastpackvol1\/\"><span style=\"font-weight: 400;\">pacchetto podcast vol.1<\/span><\/a><span style=\"font-weight: 400;\"> sar\u00e0 l&#039;opzione ideale per te. All&#039;interno di questo pacchetto hai la possibilit\u00e0 di scegliere tra una variet\u00e0 delle nostre voci popolari. Questo \u00e8 ottimo per coloro che sono appena agli inizi e potrebbero aver bisogno di idee su contenuti futuri, o che potrebbero aver bisogno di aiuto quando cercano cosa pubblicare e come modificare il proprio podcast dal loro solito contenuto.\u00a0<\/span><\/p>\n<p>&nbsp;<\/p>\n<p><span style=\"font-weight: 400;\">Questi particolari jingle che puoi acquistare sono frasi molto utili, vanno da &quot;bentornato&quot;, fino a &quot;l&#039;ospite speciale di questa settimana \u00e8&quot;, quindi indipendentemente dal suono di cui hai bisogno, avremo quello giusto per te . Successivamente abbiamo il nostro pacchetto podcast introduttivo e finale, che quando acquisti i jingle, arriver\u00e0 anche con una variet\u00e0 tra cui scegliere.\u00a0<\/span><\/p>\n<p>&nbsp;<\/p>\n<p><span style=\"font-weight: 400;\">All&#039;interno di questo pacchetto puoi scegliere da una gamma di voci fuori campo preregistrate, dandoti l&#039;opportunit\u00e0 di ascoltare una serie di toni e vedere quale \u00e8 pi\u00f9 adatto a te. Quindi, una volta presa questa decisione, puoi creare il tuo script progettato per i tuoi contenuti e il tuo pubblico, rendendolo completamente tuo.<\/span><\/p>\n<p>&nbsp;<\/p>\n<p><b>Volete maggiori informazioni?<\/b><\/p>\n<p>&nbsp;<\/p>\n<p><span style=\"font-weight: 400;\">Qui a Radio Jingles 24, crediamo nella soddisfazione del cliente e mireremo sempre a superare le vostre aspettative. Produrremo tutti i jingle realizzati entro 24 ore. Crediamo che l&#039;acquisto di jingle debba essere un processo eccitante e l&#039;inizio di un nuovo sbocco creativo, piuttosto che il processo in cui devi aspettare che qualcosa inizi.<\/span><\/p>\n<p><span style=\"font-weight: 400;\">Se desideri maggiori informazioni su come acquistare jingle, non esitare a visitare il nostro sito Web all&#039;indirizzo <\/span><a href=\"http:\/\/radiojingles24.com\/it\/\"><span style=\"font-weight: 400;\">radiojingles24.com<\/span><\/a><span style=\"font-weight: 400;\"> oppure puoi telefonare oggi a un membro del nostro team al numero +44 (0) 113 5346686 per il Regno Unito o +1 (212) 710-1350 per gli Stati Uniti.<\/span><\/p>\n\r\n\t\t<\/div>\r\n\t<\/div>\r\n\n\t\t\t<\/div> \n\t\t<\/div>\n\t<\/div> \n<\/div><\/div>","protected":false},"excerpt":{"rendered":"Di recente hai avviato la tua stazione radio o hai bisogno di nuovi contenuti e stai cercando di acquistare jingle? Allora sei venuto a destra...","protected":false},"author":1,"featured_media":0,"parent":0,"menu_order":0,"comment_status":"closed","ping_status":"closed","template":"","meta":{"_exactmetrics_skip_tracking":false,"_exactmetrics_sitenote_active":false,"_exactmetrics_sitenote_note":"","_exactmetrics_sitenote_category":0,"footnotes":""},"class_list":["post-92382","page","type-page","status-publish"],"yoast_head":"<!-- This site is optimized with the Yoast SEO plugin v26.8 - https:\/\/yoast.com\/product\/yoast-seo-wordpress\/ -->\n<title>Radio Jingles 24: Radio Jingles | DJ Drops | Podcast Intros | Sung Jingles<\/title>\n<meta name=\"description\" content=\"Radio Jingles, Sung Jingles, DJ Drops, and Podcast Intros for commercial, community and internet radio stations. UK Based. Prices from \u00a35. Order online.\" \/>\n<meta name=\"robots\" content=\"index, follow, max-snippet:-1, max-image-preview:large, max-video-preview:-1\" \/>\n<link rel=\"canonical\" href=\"https:\/\/radiojingles24.com\/it\/are-you-looking-to-buy-jingles\/\" \/>\n<meta property=\"og:locale\" content=\"it_IT\" \/>\n<meta property=\"og:type\" content=\"article\" \/>\n<meta property=\"og:title\" content=\"Radio Jingles 24: Radio Jingles | DJ Drops | Podcast Intros | Sung Jingles\" \/>\n<meta property=\"og:description\" content=\"Radio Jingles, Sung Jingles, DJ Drops, and Podcast Intros for commercial, community and internet radio stations. UK Based. Prices from \u00a35. Order online.\" \/>\n<meta property=\"og:url\" content=\"https:\/\/radiojingles24.com\/it\/are-you-looking-to-buy-jingles\/\" \/>\n<meta property=\"og:site_name\" content=\"Radio Jingles 24: Radio Jingles | DJ Drops | Podcast Intros | Sung Jingles\" \/>\n<meta property=\"article:publisher\" content=\"https:\/\/www.facebook.com\/radiojingles24\/\" \/>\n<meta name=\"twitter:card\" content=\"summary_large_image\" \/>\n<meta name=\"twitter:site\" content=\"@radiojingles24\" \/>\n<meta name=\"twitter:label1\" content=\"Tempo di lettura stimato\" \/>\n\t<meta name=\"twitter:data1\" content=\"3 minuti\" \/>\n<script type=\"application\/ld+json\" class=\"yoast-schema-graph\">{\"@context\":\"https:\/\/schema.org\",\"@graph\":[{\"@type\":\"WebPage\",\"@id\":\"https:\/\/radiojingles24.com\/are-you-looking-to-buy-jingles\/\",\"url\":\"https:\/\/radiojingles24.com\/are-you-looking-to-buy-jingles\/\",\"name\":\"Radio Jingles 24: Radio Jingles | DJ Drops | Podcast Intros | Sung Jingles\",\"isPartOf\":{\"@id\":\"https:\/\/radiojingles24.com\/#website\"},\"datePublished\":\"2022-01-19T11:20:32+00:00\",\"description\":\"Radio Jingles, Sung Jingles, DJ Drops, and Podcast Intros for commercial, community and internet radio stations. UK Based. Prices from \u00a35. Order online.\",\"breadcrumb\":{\"@id\":\"https:\/\/radiojingles24.com\/are-you-looking-to-buy-jingles\/#breadcrumb\"},\"inLanguage\":\"it-IT\",\"potentialAction\":[{\"@type\":\"ReadAction\",\"target\":[\"https:\/\/radiojingles24.com\/are-you-looking-to-buy-jingles\/\"]}]},{\"@type\":\"BreadcrumbList\",\"@id\":\"https:\/\/radiojingles24.com\/are-you-looking-to-buy-jingles\/#breadcrumb\",\"itemListElement\":[{\"@type\":\"ListItem\",\"position\":1,\"name\":\"Home\",\"item\":\"https:\/\/radiojingles24.com\/de\/\"},{\"@type\":\"ListItem\",\"position\":2,\"name\":\"Are you Looking to Buy Jingles?\"}]},{\"@type\":\"WebSite\",\"@id\":\"https:\/\/radiojingles24.com\/#website\",\"url\":\"https:\/\/radiojingles24.com\/\",\"name\":\"Radio Jingles 24: Radio Jingles | DJ Drops | Podcast Intros | Sung Jingles\",\"description\":\"Radio Jingles, Sung Jingles, DJ Drops, and Podcast Intros for commercial, community and internet radio stations. UK Based. Prices from \u00a35. Order online.\",\"publisher\":{\"@id\":\"https:\/\/radiojingles24.com\/#organization\"},\"potentialAction\":[{\"@type\":\"SearchAction\",\"target\":{\"@type\":\"EntryPoint\",\"urlTemplate\":\"https:\/\/radiojingles24.com\/?s={search_term_string}\"},\"query-input\":{\"@type\":\"PropertyValueSpecification\",\"valueRequired\":true,\"valueName\":\"search_term_string\"}}],\"inLanguage\":\"it-IT\"},{\"@type\":\"Organization\",\"@id\":\"https:\/\/radiojingles24.com\/#organization\",\"name\":\"Radio Jingles 24\",\"url\":\"https:\/\/radiojingles24.com\/\",\"logo\":{\"@type\":\"ImageObject\",\"inLanguage\":\"it-IT\",\"@id\":\"https:\/\/radiojingles24.com\/#\/schema\/logo\/image\/\",\"url\":\"https:\/\/radiojingles24.com\/wp-content\/uploads\/2019\/11\/RadioJingle1-1.jpg\",\"contentUrl\":\"https:\/\/radiojingles24.com\/wp-content\/uploads\/2019\/11\/RadioJingle1-1.jpg\",\"width\":512,\"height\":158,\"caption\":\"Radio Jingles 24\"},\"image\":{\"@id\":\"https:\/\/radiojingles24.com\/#\/schema\/logo\/image\/\"},\"sameAs\":[\"https:\/\/www.facebook.com\/radiojingles24\/\",\"https:\/\/x.com\/radiojingles24\"]}]}<\/script>\n<!-- \/ Yoast SEO plugin. -->","yoast_head_json":{"title":"Radio Jingles 24: Radio Jingles | DJ Drops | Introduzione ai podcast | Jingles cantati","description":"Jingles radiofonici, Jingles cantati, DJ Drops e Podcast Intro per stazioni radio commerciali, comunitarie e Internet. Con sede nel Regno Unito. Prezzi a partire da \u00a3 5. Ordinare on-line.","robots":{"index":"index","follow":"follow","max-snippet":"max-snippet:-1","max-image-preview":"max-image-preview:large","max-video-preview":"max-video-preview:-1"},"canonical":"https:\/\/radiojingles24.com\/it\/are-you-looking-to-buy-jingles\/","og_locale":"it_IT","og_type":"article","og_title":"Radio Jingles 24: Radio Jingles | DJ Drops | Podcast Intros | Sung Jingles","og_description":"Radio Jingles, Sung Jingles, DJ Drops, and Podcast Intros for commercial, community and internet radio stations. UK Based. Prices from \u00a35. Order online.","og_url":"https:\/\/radiojingles24.com\/it\/are-you-looking-to-buy-jingles\/","og_site_name":"Radio Jingles 24: Radio Jingles | DJ Drops | Podcast Intros | Sung Jingles","article_publisher":"https:\/\/www.facebook.com\/radiojingles24\/","twitter_card":"summary_large_image","twitter_site":"@radiojingles24","twitter_misc":{"Tempo di lettura stimato":"3 minuti"},"schema":{"@context":"https:\/\/schema.org","@graph":[{"@type":"WebPage","@id":"https:\/\/radiojingles24.com\/are-you-looking-to-buy-jingles\/","url":"https:\/\/radiojingles24.com\/are-you-looking-to-buy-jingles\/","name":"Radio Jingles 24: Radio Jingles | DJ Drops | Introduzione ai podcast | Jingles cantati","isPartOf":{"@id":"https:\/\/radiojingles24.com\/#website"},"datePublished":"2022-01-19T11:20:32+00:00","description":"Jingles radiofonici, Jingles cantati, DJ Drops e Podcast Intro per stazioni radio commerciali, comunitarie e Internet. Con sede nel Regno Unito. Prezzi a partire da \u00a3 5. Ordinare on-line.","breadcrumb":{"@id":"https:\/\/radiojingles24.com\/are-you-looking-to-buy-jingles\/#breadcrumb"},"inLanguage":"it-IT","potentialAction":[{"@type":"ReadAction","target":["https:\/\/radiojingles24.com\/are-you-looking-to-buy-jingles\/"]}]},{"@type":"BreadcrumbList","@id":"https:\/\/radiojingles24.com\/are-you-looking-to-buy-jingles\/#breadcrumb","itemListElement":[{"@type":"ListItem","position":1,"name":"Home","item":"https:\/\/radiojingles24.com\/de\/"},{"@type":"ListItem","position":2,"name":"Are you Looking to Buy Jingles?"}]},{"@type":"WebSite","@id":"https:\/\/radiojingles24.com\/#website","url":"https:\/\/radiojingles24.com\/","name":"Radio Jingles 24: Radio Jingles | DJ Drops | Introduzione ai podcast | Jingles cantati","description":"Jingles radiofonici, Jingles cantati, DJ Drops e Podcast Intro per stazioni radio commerciali, comunitarie e Internet. Con sede nel Regno Unito. Prezzi a partire da \u00a3 5. Ordinare on-line.","publisher":{"@id":"https:\/\/radiojingles24.com\/#organization"},"potentialAction":[{"@type":"SearchAction","target":{"@type":"EntryPoint","urlTemplate":"https:\/\/radiojingles24.com\/?s={search_term_string}"},"query-input":{"@type":"PropertyValueSpecification","valueRequired":true,"valueName":"search_term_string"}}],"inLanguage":"it-IT"},{"@type":"Organization","@id":"https:\/\/radiojingles24.com\/#organization","name":"Jingle radio 24","url":"https:\/\/radiojingles24.com\/","logo":{"@type":"ImageObject","inLanguage":"it-IT","@id":"https:\/\/radiojingles24.com\/#\/schema\/logo\/image\/","url":"https:\/\/radiojingles24.com\/wp-content\/uploads\/2019\/11\/RadioJingle1-1.jpg","contentUrl":"https:\/\/radiojingles24.com\/wp-content\/uploads\/2019\/11\/RadioJingle1-1.jpg","width":512,"height":158,"caption":"Radio Jingles 24"},"image":{"@id":"https:\/\/radiojingles24.com\/#\/schema\/logo\/image\/"},"sameAs":["https:\/\/www.facebook.com\/radiojingles24\/","https:\/\/x.com\/radiojingles24"]}]}},"jetpack_sharing_enabled":true,"_links":{"self":[{"href":"https:\/\/radiojingles24.com\/it\/wp-json\/wp\/v2\/pages\/92382","targetHints":{"allow":["GET"]}}],"collection":[{"href":"https:\/\/radiojingles24.com\/it\/wp-json\/wp\/v2\/pages"}],"about":[{"href":"https:\/\/radiojingles24.com\/it\/wp-json\/wp\/v2\/types\/page"}],"author":[{"embeddable":true,"href":"https:\/\/radiojingles24.com\/it\/wp-json\/wp\/v2\/users\/1"}],"replies":[{"embeddable":true,"href":"https:\/\/radiojingles24.com\/it\/wp-json\/wp\/v2\/comments?post=92382"}],"version-history":[{"count":1,"href":"https:\/\/radiojingles24.com\/it\/wp-json\/wp\/v2\/pages\/92382\/revisions"}],"predecessor-version":[{"id":92385,"href":"https:\/\/radiojingles24.com\/it\/wp-json\/wp\/v2\/pages\/92382\/revisions\/92385"}],"wp:attachment":[{"href":"https:\/\/radiojingles24.com\/it\/wp-json\/wp\/v2\/media?parent=92382"}],"curies":[{"name":"wp","href":"https:\/\/api.w.org\/{rel}","templated":true}]}}