{"id":93747,"date":"2022-03-21T11:58:23","date_gmt":"2022-03-21T11:58:23","guid":{"rendered":"https:\/\/radiojingles24.com\/?page_id=93747"},"modified":"2022-06-03T12:00:02","modified_gmt":"2022-06-03T12:00:02","slug":"jingle-for-a-podcast","status":"publish","type":"page","link":"https:\/\/radiojingles24.com\/it\/jingle-for-a-podcast\/","title":{"rendered":"Vuoi sapere come creare un jingle per un podcast?"},"content":{"rendered":"<div id=\"fws_69d69ad50fa62\"  data-midnight=\"dark\"  data-bg-mobile-hidden=\"\" class=\"wpb_row vc_row-fluid vc_row top-level standard_section\"  style=\"padding-top: 0px; padding-bottom: 0px; \"><div class=\"row-bg-wrap\" data-bg-animation=\"none\"><div class=\"inner-wrap\"><div class=\"row-bg\"  style=\"\"><\/div><\/div><div class=\"row-bg-overlay\" ><\/div><\/div><div class=\"col span_12 dark left\">\n\t<div  class=\"vc_col-sm-12 wpb_column column_container vc_column_container col no-extra-padding\"  data-t-w-inherits=\"default\" data-border-radius=\"none\" data-shadow=\"none\" data-border-animation=\"\" data-border-animation-delay=\"\" data-border-width=\"none\" data-border-style=\"solid\" data-border-color=\"\" data-bg-cover=\"\" data-padding-pos=\"all\" data-has-bg-color=\"false\" data-bg-color=\"\" data-bg-opacity=\"1\" data-hover-bg=\"\" data-hover-bg-opacity=\"1\" data-animation=\"\" data-delay=\"0\"><div class=\"column-bg-overlay\"><\/div>\n\t\t<div class=\"vc_column-inner\">\n\t\t\t<div class=\"wpb_wrapper\">\n\t\t\t\t\r\n\t<div class=\"wpb_text_column wpb_content_element\" >\r\n\t\t<div class=\"wpb_wrapper\">\r\n\t\t\t<p><span style=\"font-weight: 400;\">Stai iniziando un nuovo podcast? Forse vuoi aggiornare la tua introduzione al podcast esistente aggiungendo un jingle standard professionale? Bene, qui a <\/span><a href=\"https:\/\/radiojingles24.com\/it\/\"><span style=\"font-weight: 400;\">Jingle radio 24<\/span><\/a><span style=\"font-weight: 400;\"> ti abbiamo coperto con il nostro creatore di jingle su misura semplice ma efficace; e ci vogliono solo fino a 24 ore per creare. Negli ultimi 10 anni, il nostro team di esperti ha cercato in alto e in basso la soluzione migliore e facile da usare per quei clienti e aziende indipendenti che vogliono sapere come creare un jingle per un podcast ed \u00e8 sicuro di dire che finalmente l&#039;abbiamo trovato. Crea il tuo jingle personale oggi in soli 5 minuti utilizzando <\/span><strong><a href=\"https:\/\/radiojingles24.com\/it\/prodotto\/spoken-audio\/\">il nostro generatore di jingle<\/a><\/strong><span style=\"font-weight: 400;\"> sul nostro sito web.<\/span><\/p>\n<p>&nbsp;<\/p>\n<p><b>Rendi memorabile il tuo podcast<\/b><\/p>\n<p>&nbsp;<\/p>\n<p><span style=\"font-weight: 400;\">Quindi, vuoi sapere come creare un jingle per un podcast? Cominciamo con il primo passo. Cerchi un jingle parlato o cantato? Fortunatamente, abbiamo una vasta gamma di voci; da entrambi <\/span><a href=\"https:\/\/radiojingles24.com\/it\/#voices\"><span style=\"font-weight: 400;\"><strong>oratori e cantanti<\/strong><\/span><\/a><span style=\"font-weight: 400;\">, che siamo sicuri si adatter\u00e0 perfettamente al tuo podcast. A seconda della voce scelta, puoi aspettarti di pagare tra \u00a3 5 e \u00a3 20; questo aumenter\u00e0 man mano che ti muovi attraverso il processo di generazione.\u00a0<\/span><\/p>\n<p>&nbsp;<\/p>\n<p><span style=\"font-weight: 400;\">Una volta che sei soddisfatto della tua voce, ti verr\u00e0 chiesto un copione, questo \u00e8 esattamente quello che vorresti essere <\/span><a href=\"https:\/\/radiojingles24.com\/it\/prodotto\/spoken-audio\/\"><span style=\"font-weight: 400;\"><strong>parlato<\/strong><\/span><\/a><span style=\"font-weight: 400;\"> o <\/span><strong><a href=\"https:\/\/radiojingles24.com\/it\/prodotto\/sung-audio\/\">cantato<\/a><\/strong><span style=\"font-weight: 400;\"> durante il jingle; ancora una volta il prezzo dipende dal numero di parole che vorresti usare e adegueremo il prezzo aggiunto di conseguenza. In questa fase ti viene anche data la possibilit\u00e0 di fornirci ulteriori dettagli, questi potrebbero essere suggerimenti sulla pronuncia delle parole o l&#039;enfasi su parole particolari.\u00a0<\/span><\/p>\n<p>&nbsp;<\/p>\n<p><span style=\"font-weight: 400;\">Successivamente, puoi quindi aggiungere la produzione. Vedi come sta venendo insieme il tuo jingle? A questo punto, puoi aggiungere qualsiasi musica, effetti vocali o effetti sonori per formare il tuo audio per un prezzo di soli \u00a3 4,50. Infine, facci sapere in quale formato vorresti ricevere il tuo jingle completo; sia come MP3, WAVE o AIFF, poi lascia a noi il resto. Semplice. Non sei sicuro di essere pronto per andare avanti con questo processo? Perch\u00e9 non controllare <\/span><strong><a href=\"https:\/\/radiojingles24.com\/it\/categoria-prodotto\/podcast-intro\/\">i nostri pacchetti di podcast<\/a><\/strong><span style=\"font-weight: 400;\"> per pi\u00f9 ispirazione.<\/span><\/p>\n<p>&nbsp;<\/p>\n<p><b>Crea il tuo Podcast Jingle in 4 semplici passaggi<\/b><\/p>\n<p>&nbsp;<\/p>\n<p><span style=\"font-weight: 400;\">La creazione di jingle non \u00e8 mai stata cos\u00ec facile come con Radio Jingles 24, quindi perch\u00e9 perderti quando puoi scoprire come creare un jingle per un podcast in pochi minuti. Facendo clic sulla nostra opzione di creazione del jingle sul nostro sito Web, verrai immediatamente indirizzato alla nostra selezione di voci fuori campo e cantanti, sfoglia semplicemente le voci e scegli quella pi\u00f9 adatta a te e al tuo podcast. Una volta che hai la tua voce, continua con i passaggi discussi e guarda il tuo jingle prendere vita.\u00a0<\/span><\/p>\n<p>&nbsp;<\/p>\n<p><span style=\"font-weight: 400;\">Inciampare in un problema lungo il percorso o semplicemente voler parlare con il nostro team prima di procedere con la generazione del jingle, puoi <\/span><strong><a href=\"https:\/\/radiojingles24.com\/it\/contact-us\/\">entrare in contatto<\/a><\/strong><span style=\"font-weight: 400;\"> con noi chiamando il +44 (0) 113 5346686 o inviandoci un&#039;e-mail a <\/span><a href=\"mailto:info@radiojingles24.com\"><span style=\"font-weight: 400;\">info@radiojingles24.com<\/span><\/a><span style=\"font-weight: 400;\"> e saremo felici di rispondere a qualsiasi domanda o domanda tu possa avere.<\/span><\/p>\n\r\n\t\t<\/div>\r\n\t<\/div>\r\n\n\t\t\t<\/div> \n\t\t<\/div>\n\t<\/div> \n<\/div><\/div>","protected":false},"excerpt":{"rendered":"Stai iniziando un nuovo podcast? Forse vuoi aggiornare la tua introduzione al podcast esistente aggiungendo un jingle standard professionale? Bene, qui a Radio Jingles 24 abbiamo te...","protected":false},"author":1,"featured_media":0,"parent":0,"menu_order":0,"comment_status":"closed","ping_status":"closed","template":"","meta":{"_exactmetrics_skip_tracking":false,"_exactmetrics_sitenote_active":false,"_exactmetrics_sitenote_note":"","_exactmetrics_sitenote_category":0,"footnotes":""},"class_list":["post-93747","page","type-page","status-publish"],"yoast_head":"<!-- This site is optimized with the Yoast SEO plugin v26.8 - https:\/\/yoast.com\/product\/yoast-seo-wordpress\/ -->\n<title>Radio Jingles 24: Radio Jingles | DJ Drops | Podcast Intros | Sung Jingles<\/title>\n<meta name=\"description\" content=\"Radio Jingles, Sung Jingles, DJ Drops, and Podcast Intros for commercial, community and internet radio stations. UK Based. Prices from \u00a35. Order online.\" \/>\n<meta name=\"robots\" content=\"index, follow, max-snippet:-1, max-image-preview:large, max-video-preview:-1\" \/>\n<link rel=\"canonical\" href=\"https:\/\/radiojingles24.com\/it\/jingle-for-a-podcast\/\" \/>\n<meta property=\"og:locale\" content=\"it_IT\" \/>\n<meta property=\"og:type\" content=\"article\" \/>\n<meta property=\"og:title\" content=\"Radio Jingles 24: Radio Jingles | DJ Drops | Podcast Intros | Sung Jingles\" \/>\n<meta property=\"og:description\" content=\"Radio Jingles, Sung Jingles, DJ Drops, and Podcast Intros for commercial, community and internet radio stations. UK Based. Prices from \u00a35. Order online.\" \/>\n<meta property=\"og:url\" content=\"https:\/\/radiojingles24.com\/it\/jingle-for-a-podcast\/\" \/>\n<meta property=\"og:site_name\" content=\"Radio Jingles 24: Radio Jingles | DJ Drops | Podcast Intros | Sung Jingles\" \/>\n<meta property=\"article:publisher\" content=\"https:\/\/www.facebook.com\/radiojingles24\/\" \/>\n<meta property=\"article:modified_time\" content=\"2022-06-03T12:00:02+00:00\" \/>\n<meta name=\"twitter:card\" content=\"summary_large_image\" \/>\n<meta name=\"twitter:site\" content=\"@radiojingles24\" \/>\n<meta name=\"twitter:label1\" content=\"Tempo di lettura stimato\" \/>\n\t<meta name=\"twitter:data1\" content=\"3 minuti\" \/>\n<script type=\"application\/ld+json\" class=\"yoast-schema-graph\">{\"@context\":\"https:\/\/schema.org\",\"@graph\":[{\"@type\":\"WebPage\",\"@id\":\"https:\/\/radiojingles24.com\/it\/jingle-for-a-podcast\/\",\"url\":\"https:\/\/radiojingles24.com\/it\/jingle-for-a-podcast\/\",\"name\":\"Radio Jingles 24: Radio Jingles | DJ Drops | Podcast Intros | Sung Jingles\",\"isPartOf\":{\"@id\":\"https:\/\/radiojingles24.com\/#website\"},\"datePublished\":\"2022-03-21T11:58:23+00:00\",\"dateModified\":\"2022-06-03T12:00:02+00:00\",\"description\":\"Radio Jingles, Sung Jingles, DJ Drops, and Podcast Intros for commercial, community and internet radio stations. UK Based. Prices from \u00a35. Order online.\",\"breadcrumb\":{\"@id\":\"https:\/\/radiojingles24.com\/it\/jingle-for-a-podcast\/#breadcrumb\"},\"inLanguage\":\"it-IT\",\"potentialAction\":[{\"@type\":\"ReadAction\",\"target\":[\"https:\/\/radiojingles24.com\/it\/jingle-for-a-podcast\/\"]}]},{\"@type\":\"BreadcrumbList\",\"@id\":\"https:\/\/radiojingles24.com\/it\/jingle-for-a-podcast\/#breadcrumb\",\"itemListElement\":[{\"@type\":\"ListItem\",\"position\":1,\"name\":\"Home\",\"item\":\"https:\/\/radiojingles24.com\/de\/\"},{\"@type\":\"ListItem\",\"position\":2,\"name\":\"Want to Know How To Create A Jingle For a Podcast?\"}]},{\"@type\":\"WebSite\",\"@id\":\"https:\/\/radiojingles24.com\/#website\",\"url\":\"https:\/\/radiojingles24.com\/\",\"name\":\"Radio Jingles 24: Radio Jingles | DJ Drops | Podcast Intros | Sung Jingles\",\"description\":\"Radio Jingles, Sung Jingles, DJ Drops, and Podcast Intros for commercial, community and internet radio stations. UK Based. Prices from \u00a35. Order online.\",\"publisher\":{\"@id\":\"https:\/\/radiojingles24.com\/#organization\"},\"potentialAction\":[{\"@type\":\"SearchAction\",\"target\":{\"@type\":\"EntryPoint\",\"urlTemplate\":\"https:\/\/radiojingles24.com\/?s={search_term_string}\"},\"query-input\":{\"@type\":\"PropertyValueSpecification\",\"valueRequired\":true,\"valueName\":\"search_term_string\"}}],\"inLanguage\":\"it-IT\"},{\"@type\":\"Organization\",\"@id\":\"https:\/\/radiojingles24.com\/#organization\",\"name\":\"Radio Jingles 24\",\"url\":\"https:\/\/radiojingles24.com\/\",\"logo\":{\"@type\":\"ImageObject\",\"inLanguage\":\"it-IT\",\"@id\":\"https:\/\/radiojingles24.com\/#\/schema\/logo\/image\/\",\"url\":\"https:\/\/radiojingles24.com\/wp-content\/uploads\/2019\/11\/RadioJingle1-1.jpg\",\"contentUrl\":\"https:\/\/radiojingles24.com\/wp-content\/uploads\/2019\/11\/RadioJingle1-1.jpg\",\"width\":512,\"height\":158,\"caption\":\"Radio Jingles 24\"},\"image\":{\"@id\":\"https:\/\/radiojingles24.com\/#\/schema\/logo\/image\/\"},\"sameAs\":[\"https:\/\/www.facebook.com\/radiojingles24\/\",\"https:\/\/x.com\/radiojingles24\"]}]}<\/script>\n<!-- \/ Yoast SEO plugin. -->","yoast_head_json":{"title":"Radio Jingles 24: Radio Jingles | DJ Drops | Introduzione ai podcast | Jingles cantati","description":"Jingles radiofonici, Jingles cantati, DJ Drops e Podcast Intro per stazioni radio commerciali, comunitarie e Internet. Con sede nel Regno Unito. Prezzi a partire da \u00a3 5. Ordinare on-line.","robots":{"index":"index","follow":"follow","max-snippet":"max-snippet:-1","max-image-preview":"max-image-preview:large","max-video-preview":"max-video-preview:-1"},"canonical":"https:\/\/radiojingles24.com\/it\/jingle-for-a-podcast\/","og_locale":"it_IT","og_type":"article","og_title":"Radio Jingles 24: Radio Jingles | DJ Drops | Podcast Intros | Sung Jingles","og_description":"Radio Jingles, Sung Jingles, DJ Drops, and Podcast Intros for commercial, community and internet radio stations. UK Based. Prices from \u00a35. Order online.","og_url":"https:\/\/radiojingles24.com\/it\/jingle-for-a-podcast\/","og_site_name":"Radio Jingles 24: Radio Jingles | DJ Drops | Podcast Intros | Sung Jingles","article_publisher":"https:\/\/www.facebook.com\/radiojingles24\/","article_modified_time":"2022-06-03T12:00:02+00:00","twitter_card":"summary_large_image","twitter_site":"@radiojingles24","twitter_misc":{"Tempo di lettura stimato":"3 minuti"},"schema":{"@context":"https:\/\/schema.org","@graph":[{"@type":"WebPage","@id":"https:\/\/radiojingles24.com\/it\/jingle-for-a-podcast\/","url":"https:\/\/radiojingles24.com\/it\/jingle-for-a-podcast\/","name":"Radio Jingles 24: Radio Jingles | DJ Drops | Introduzione ai podcast | Jingles cantati","isPartOf":{"@id":"https:\/\/radiojingles24.com\/#website"},"datePublished":"2022-03-21T11:58:23+00:00","dateModified":"2022-06-03T12:00:02+00:00","description":"Jingles radiofonici, Jingles cantati, DJ Drops e Podcast Intro per stazioni radio commerciali, comunitarie e Internet. Con sede nel Regno Unito. Prezzi a partire da \u00a3 5. Ordinare on-line.","breadcrumb":{"@id":"https:\/\/radiojingles24.com\/it\/jingle-for-a-podcast\/#breadcrumb"},"inLanguage":"it-IT","potentialAction":[{"@type":"ReadAction","target":["https:\/\/radiojingles24.com\/it\/jingle-for-a-podcast\/"]}]},{"@type":"BreadcrumbList","@id":"https:\/\/radiojingles24.com\/it\/jingle-for-a-podcast\/#breadcrumb","itemListElement":[{"@type":"ListItem","position":1,"name":"Home","item":"https:\/\/radiojingles24.com\/de\/"},{"@type":"ListItem","position":2,"name":"Want to Know How To Create A Jingle For a Podcast?"}]},{"@type":"WebSite","@id":"https:\/\/radiojingles24.com\/#website","url":"https:\/\/radiojingles24.com\/","name":"Radio Jingles 24: Radio Jingles | DJ Drops | Introduzione ai podcast | Jingles cantati","description":"Jingles radiofonici, Jingles cantati, DJ Drops e Podcast Intro per stazioni radio commerciali, comunitarie e Internet. Con sede nel Regno Unito. Prezzi a partire da \u00a3 5. Ordinare on-line.","publisher":{"@id":"https:\/\/radiojingles24.com\/#organization"},"potentialAction":[{"@type":"SearchAction","target":{"@type":"EntryPoint","urlTemplate":"https:\/\/radiojingles24.com\/?s={search_term_string}"},"query-input":{"@type":"PropertyValueSpecification","valueRequired":true,"valueName":"search_term_string"}}],"inLanguage":"it-IT"},{"@type":"Organization","@id":"https:\/\/radiojingles24.com\/#organization","name":"Jingle radio 24","url":"https:\/\/radiojingles24.com\/","logo":{"@type":"ImageObject","inLanguage":"it-IT","@id":"https:\/\/radiojingles24.com\/#\/schema\/logo\/image\/","url":"https:\/\/radiojingles24.com\/wp-content\/uploads\/2019\/11\/RadioJingle1-1.jpg","contentUrl":"https:\/\/radiojingles24.com\/wp-content\/uploads\/2019\/11\/RadioJingle1-1.jpg","width":512,"height":158,"caption":"Radio Jingles 24"},"image":{"@id":"https:\/\/radiojingles24.com\/#\/schema\/logo\/image\/"},"sameAs":["https:\/\/www.facebook.com\/radiojingles24\/","https:\/\/x.com\/radiojingles24"]}]}},"jetpack_sharing_enabled":true,"_links":{"self":[{"href":"https:\/\/radiojingles24.com\/it\/wp-json\/wp\/v2\/pages\/93747","targetHints":{"allow":["GET"]}}],"collection":[{"href":"https:\/\/radiojingles24.com\/it\/wp-json\/wp\/v2\/pages"}],"about":[{"href":"https:\/\/radiojingles24.com\/it\/wp-json\/wp\/v2\/types\/page"}],"author":[{"embeddable":true,"href":"https:\/\/radiojingles24.com\/it\/wp-json\/wp\/v2\/users\/1"}],"replies":[{"embeddable":true,"href":"https:\/\/radiojingles24.com\/it\/wp-json\/wp\/v2\/comments?post=93747"}],"version-history":[{"count":1,"href":"https:\/\/radiojingles24.com\/it\/wp-json\/wp\/v2\/pages\/93747\/revisions"}],"predecessor-version":[{"id":93748,"href":"https:\/\/radiojingles24.com\/it\/wp-json\/wp\/v2\/pages\/93747\/revisions\/93748"}],"wp:attachment":[{"href":"https:\/\/radiojingles24.com\/it\/wp-json\/wp\/v2\/media?parent=93747"}],"curies":[{"name":"wp","href":"https:\/\/api.w.org\/{rel}","templated":true}]}}