{"id":93887,"date":"2022-06-10T07:59:09","date_gmt":"2022-06-10T07:59:09","guid":{"rendered":"https:\/\/radiojingles24.com\/?page_id=93887"},"modified":"2022-06-17T08:00:22","modified_gmt":"2022-06-17T08:00:22","slug":"professional-voice-over-artist","status":"publish","type":"page","link":"https:\/\/radiojingles24.com\/it\/professional-voice-over-artist\/","title":{"rendered":"La tua stazione radio \u00e8 alla ricerca di un artista vocale professionista?"},"content":{"rendered":"<div id=\"fws_6a024bbdeb89b\"  data-midnight=\"dark\"  data-bg-mobile-hidden=\"\" class=\"wpb_row vc_row-fluid vc_row top-level standard_section\"  style=\"padding-top: 0px; padding-bottom: 0px; \"><div class=\"row-bg-wrap\" data-bg-animation=\"none\"><div class=\"inner-wrap\"><div class=\"row-bg\"  style=\"\"><\/div><\/div><div class=\"row-bg-overlay\" ><\/div><\/div><div class=\"col span_12 dark left\">\n\t<div  class=\"vc_col-sm-12 wpb_column column_container vc_column_container col no-extra-padding\"  data-t-w-inherits=\"default\" data-border-radius=\"none\" data-shadow=\"none\" data-border-animation=\"\" data-border-animation-delay=\"\" data-border-width=\"none\" data-border-style=\"solid\" data-border-color=\"\" data-bg-cover=\"\" data-padding-pos=\"all\" data-has-bg-color=\"false\" data-bg-color=\"\" data-bg-opacity=\"1\" data-hover-bg=\"\" data-hover-bg-opacity=\"1\" data-animation=\"\" data-delay=\"0\"><div class=\"column-bg-overlay\"><\/div>\n\t\t<div class=\"vc_column-inner\">\n\t\t\t<div class=\"wpb_wrapper\">\n\t\t\t\t\r\n\t<div class=\"wpb_text_column wpb_content_element\" >\r\n\t\t<div class=\"wpb_wrapper\">\r\n\t\t\t<p><span style=\"font-weight: 400;\">Se stai cercando disperatamente un doppiatore professionista da assumere per il jingle della tua stazione radio, allora <\/span><a href=\"https:\/\/radiojingles24.com\/it\/\"><span style=\"font-weight: 400;\">Jingle radio 24<\/span><\/a><span style=\"font-weight: 400;\"> avr\u00e0 esattamente quello che stai cercando. Abbiamo una vasta gamma di incredibili <\/span><a href=\"https:\/\/radiojingles24.com\/it\/#voices\"><span style=\"font-weight: 400;\">voice over artisti<\/span><\/a><span style=\"font-weight: 400;\"> che pu\u00f2 parlare o cantare il tuo jingle; possiamo realizzarlo anche per te. A Radio Jingles 24, creiamo jingles radiofonici veloci, facili e professionali che possono essere consegnati entro 24 ore; i nostri jingle sono ideali per le stazioni radio comunitarie, commerciali e Internet.\u00a0<\/span><\/p>\n<p>&nbsp;<\/p>\n<p><span style=\"font-weight: 400;\">Usiamo solo il miglior talento di voice over per i nostri jingle e con oltre 10 anni di esperienza puoi fidarti di noi per creare un jingle radiofonico per te che rappresenter\u00e0 perfettamente la tua stazione e il tuo marchio. Siamo in grado di soddisfare tutte le richieste, se c&#039;\u00e8 qualcosa che non riesci a vedere sul nostro sito Web, contattaci per un preventivo personalizzato. Tutti i nostri jingle vengono consegnati da esperti, con un servizio incredibilmente veloce e una qualit\u00e0 di prima classe.\u00a0<\/span><\/p>\n<p>&nbsp;<\/p>\n<p><span style=\"font-weight: 400;\">Se desideri che Radio Jingles 24 registri, produca e crei il jingle perfetto per la tua stazione radio, <\/span><a href=\"https:\/\/radiojingles24.com\/it\/contact-us\/\"><span style=\"font-weight: 400;\">Contattaci<\/span><\/a><span style=\"font-weight: 400;\"> per ulteriori informazioni oggi.\u00a0<\/span><\/p>\n<p>&nbsp;<\/p>\n<p><b>Come scegliere l&#039;artista della voce fuori campo radiofonica per la tua stazione<\/b><\/p>\n<p>&nbsp;<\/p>\n<p><span style=\"font-weight: 400;\">Pu\u00f2 essere difficile scegliere la voce giusta per il jingle della tua stazione radio, ed \u00e8 una decisione importante poich\u00e9 la tua stazione radio sar\u00e0 rappresentata dalla voce che scegli. Devi pensare attentamente se \u00e8 la voce giusta per il tuo jingle o il tuo marchio: vuoi qualcuno che si adatti alla tua identit\u00e0 e abbia lo stile e il tono di voce giusti che si adattano alla tua stazione.\u00a0<\/span><\/p>\n<p>&nbsp;<\/p>\n<p><span style=\"font-weight: 400;\">Quale genere pensi rappresenter\u00e0 meglio la tua stazione e suoner\u00e0 meglio quando leggi o canti la sceneggiatura o i testi che hai scritto? Puoi ascoltare esempi del loro lavoro precedente e vedere cosa ritieni sia pi\u00f9 adatto e quale tono e stile dell&#039;artista vocale preferisci. Alcuni artisti vocali hanno un tono colloquiale pi\u00f9 loquace e informativo, mentre alcuni suonano molto pi\u00f9 persuasivi e professionali.\u00a0<\/span><\/p>\n<p>&nbsp;<\/p>\n<p><span style=\"font-weight: 400;\">Sentiti libero di ascoltare le opzioni e pensare a ci\u00f2 che si adatta meglio alla tua stazione. Tieni anche a mente il tuo pubblico di destinazione e il tipo di voce che vorrebbe sentire ed \u00e8 riconoscibile quando ti sintonizza sulla tua stazione.<\/span><\/p>\n<p>&nbsp;<\/p>\n<p><b>I nostri artisti della voce fuori campo<\/b><\/p>\n<p>&nbsp;<\/p>\n<p><span style=\"font-weight: 400;\">Abbiamo una vasta gamma di artisti voice-over a Radio Jingles 24, per soddisfare tutte le tue esigenze di jingle radiofonico. Abbiamo sia parlato che cantato come doppiatori, a seconda che tu stia cercando qualcuno che legga un copione o canti. Abbiamo un vasto catalogo di musica e effetti sonori royalty-free disponibili per accompagnare i tuoi artisti di voice over, quindi puoi essere certo che il tuo audio finito suoner\u00e0 fantastico. I nostri artisti hanno registrato jingle per BBC Radio 1 &amp; 2, Sky Radio, Virgin e Beat 92.5 e hanno cantato per alcune delle pi\u00f9 grandi compagnie di jingle del mondo.\u00a0<\/span><\/p>\n<p>&nbsp;<\/p>\n<p><span style=\"font-weight: 400;\">Puoi scegliere una voce seria, matura e convincente per il tuo jingle radiofonico o una voce loquace e ottimista. Oppure, se stai cercando un cantante, abbiamo voci morbide, gentili e rilassanti, nonch\u00e9 voci poppy allegre e piene di sentimento. Puoi ascoltare le demo dei nostri artisti e cantanti voiceover<\/span> <span style=\"font-weight: 400;\">sul nostro sito web. Dopo aver scelto la voce per te, registreremo la tua voce fuori campo nel nostro Studio, quindi modificheremo, produrremo completamente e masterizzeremo il tuo jingle per te.\u00a0<\/span><\/p>\n<p>&nbsp;<\/p>\n<p><b>Pronto per registrare il tuo Jingle radiofonico?<\/b><\/p>\n<p>&nbsp;<\/p>\n<p><span style=\"font-weight: 400;\">Se ti piace saperne di pi\u00f9 sui nostri artisti di voice over radiofonici e vuoi iniziare a creare il tuo jingle radiofonico, allora <\/span><a href=\"https:\/\/radiojingles24.com\/it\/contact-us\/\"><span style=\"font-weight: 400;\">contattaci oggi<\/span><\/a><span style=\"font-weight: 400;\">. Ci metteremo in contatto con te poco dopo aver ricevuto la tua richiesta per iniziare a lavorare sul tuo jingle e lavoreremo a stretto contatto con te per assicurarci che soddisfi e superi le tue aspettative. Puoi compilare il ns <\/span><a href=\"https:\/\/radiojingles24.com\/it\/contact-us\/\"><span style=\"font-weight: 400;\">modulo di richiesta online<\/span><\/a><span style=\"font-weight: 400;\">, o se preferisci contattarci direttamente puoi chiamarci al +44 0113 534 6686 o scriverci a <\/span><a href=\"mailto:info@radiojingles24.com\"><span style=\"font-weight: 400;\">info@radiojingles24.com<\/span><\/a><span style=\"font-weight: 400;\">.\u00a0<\/span><\/p>\n\r\n\t\t<\/div>\r\n\t<\/div>\r\n\n\t\t\t<\/div> \n\t\t<\/div>\n\t<\/div> \n<\/div><\/div>","protected":false},"excerpt":{"rendered":"Se stai cercando disperatamente un doppiatore professionista da assumere per il jingle della tua stazione radio, allora Radio Jingles 24 avr\u00e0 esattamente quello che stai cercando. Noi...","protected":false},"author":1,"featured_media":0,"parent":0,"menu_order":0,"comment_status":"closed","ping_status":"closed","template":"","meta":{"_exactmetrics_skip_tracking":false,"_exactmetrics_sitenote_active":false,"_exactmetrics_sitenote_note":"","_exactmetrics_sitenote_category":0,"footnotes":""},"class_list":["post-93887","page","type-page","status-publish"],"yoast_head":"<!-- This site is optimized with the Yoast SEO plugin v26.8 - https:\/\/yoast.com\/product\/yoast-seo-wordpress\/ -->\n<title>Radio Jingles 24: Radio Jingles | DJ Drops | Podcast Intros | Sung Jingles<\/title>\n<meta name=\"description\" content=\"Radio Jingles, Sung Jingles, DJ Drops, and Podcast Intros for commercial, community and internet radio stations. UK Based. Prices from \u00a35. Order online.\" \/>\n<meta name=\"robots\" content=\"index, follow, max-snippet:-1, max-image-preview:large, max-video-preview:-1\" \/>\n<link rel=\"canonical\" href=\"https:\/\/radiojingles24.com\/it\/professional-voice-over-artist\/\" \/>\n<meta property=\"og:locale\" content=\"it_IT\" \/>\n<meta property=\"og:type\" content=\"article\" \/>\n<meta property=\"og:title\" content=\"Radio Jingles 24: Radio Jingles | DJ Drops | Podcast Intros | Sung Jingles\" \/>\n<meta property=\"og:description\" content=\"Radio Jingles, Sung Jingles, DJ Drops, and Podcast Intros for commercial, community and internet radio stations. UK Based. Prices from \u00a35. Order online.\" \/>\n<meta property=\"og:url\" content=\"https:\/\/radiojingles24.com\/it\/professional-voice-over-artist\/\" \/>\n<meta property=\"og:site_name\" content=\"Radio Jingles 24: Radio Jingles | DJ Drops | Podcast Intros | Sung Jingles\" \/>\n<meta property=\"article:publisher\" content=\"https:\/\/www.facebook.com\/radiojingles24\/\" \/>\n<meta property=\"article:modified_time\" content=\"2022-06-17T08:00:22+00:00\" \/>\n<meta name=\"twitter:card\" content=\"summary_large_image\" \/>\n<meta name=\"twitter:site\" content=\"@radiojingles24\" \/>\n<meta name=\"twitter:label1\" content=\"Tempo di lettura stimato\" \/>\n\t<meta name=\"twitter:data1\" content=\"4 minuti\" \/>\n<script type=\"application\/ld+json\" class=\"yoast-schema-graph\">{\"@context\":\"https:\/\/schema.org\",\"@graph\":[{\"@type\":\"WebPage\",\"@id\":\"https:\/\/radiojingles24.com\/it\/professional-voice-over-artist\/\",\"url\":\"https:\/\/radiojingles24.com\/it\/professional-voice-over-artist\/\",\"name\":\"Radio Jingles 24: Radio Jingles | DJ Drops | Podcast Intros | Sung Jingles\",\"isPartOf\":{\"@id\":\"https:\/\/radiojingles24.com\/#website\"},\"datePublished\":\"2022-06-10T07:59:09+00:00\",\"dateModified\":\"2022-06-17T08:00:22+00:00\",\"description\":\"Radio Jingles, Sung Jingles, DJ Drops, and Podcast Intros for commercial, community and internet radio stations. UK Based. Prices from \u00a35. Order online.\",\"breadcrumb\":{\"@id\":\"https:\/\/radiojingles24.com\/it\/professional-voice-over-artist\/#breadcrumb\"},\"inLanguage\":\"it-IT\",\"potentialAction\":[{\"@type\":\"ReadAction\",\"target\":[\"https:\/\/radiojingles24.com\/it\/professional-voice-over-artist\/\"]}]},{\"@type\":\"BreadcrumbList\",\"@id\":\"https:\/\/radiojingles24.com\/it\/professional-voice-over-artist\/#breadcrumb\",\"itemListElement\":[{\"@type\":\"ListItem\",\"position\":1,\"name\":\"Home\",\"item\":\"https:\/\/radiojingles24.com\/de\/\"},{\"@type\":\"ListItem\",\"position\":2,\"name\":\"Is your Radio Station Looking for a Professional Voice Over Artist?\"}]},{\"@type\":\"WebSite\",\"@id\":\"https:\/\/radiojingles24.com\/#website\",\"url\":\"https:\/\/radiojingles24.com\/\",\"name\":\"Radio Jingles 24: Radio Jingles | DJ Drops | Podcast Intros | Sung Jingles\",\"description\":\"Radio Jingles, Sung Jingles, DJ Drops, and Podcast Intros for commercial, community and internet radio stations. UK Based. Prices from \u00a35. Order online.\",\"publisher\":{\"@id\":\"https:\/\/radiojingles24.com\/#organization\"},\"potentialAction\":[{\"@type\":\"SearchAction\",\"target\":{\"@type\":\"EntryPoint\",\"urlTemplate\":\"https:\/\/radiojingles24.com\/?s={search_term_string}\"},\"query-input\":{\"@type\":\"PropertyValueSpecification\",\"valueRequired\":true,\"valueName\":\"search_term_string\"}}],\"inLanguage\":\"it-IT\"},{\"@type\":\"Organization\",\"@id\":\"https:\/\/radiojingles24.com\/#organization\",\"name\":\"Radio Jingles 24\",\"url\":\"https:\/\/radiojingles24.com\/\",\"logo\":{\"@type\":\"ImageObject\",\"inLanguage\":\"it-IT\",\"@id\":\"https:\/\/radiojingles24.com\/#\/schema\/logo\/image\/\",\"url\":\"https:\/\/radiojingles24.com\/wp-content\/uploads\/2019\/11\/RadioJingle1-1.jpg\",\"contentUrl\":\"https:\/\/radiojingles24.com\/wp-content\/uploads\/2019\/11\/RadioJingle1-1.jpg\",\"width\":512,\"height\":158,\"caption\":\"Radio Jingles 24\"},\"image\":{\"@id\":\"https:\/\/radiojingles24.com\/#\/schema\/logo\/image\/\"},\"sameAs\":[\"https:\/\/www.facebook.com\/radiojingles24\/\",\"https:\/\/x.com\/radiojingles24\"]}]}<\/script>\n<!-- \/ Yoast SEO plugin. -->","yoast_head_json":{"title":"Radio Jingles 24: Radio Jingles | DJ Drops | Introduzione ai podcast | Jingles cantati","description":"Jingles radiofonici, Jingles cantati, DJ Drops e Podcast Intro per stazioni radio commerciali, comunitarie e Internet. Con sede nel Regno Unito. Prezzi a partire da \u00a3 5. Ordinare on-line.","robots":{"index":"index","follow":"follow","max-snippet":"max-snippet:-1","max-image-preview":"max-image-preview:large","max-video-preview":"max-video-preview:-1"},"canonical":"https:\/\/radiojingles24.com\/it\/professional-voice-over-artist\/","og_locale":"it_IT","og_type":"article","og_title":"Radio Jingles 24: Radio Jingles | DJ Drops | Podcast Intros | Sung Jingles","og_description":"Radio Jingles, Sung Jingles, DJ Drops, and Podcast Intros for commercial, community and internet radio stations. UK Based. Prices from \u00a35. Order online.","og_url":"https:\/\/radiojingles24.com\/it\/professional-voice-over-artist\/","og_site_name":"Radio Jingles 24: Radio Jingles | DJ Drops | Podcast Intros | Sung Jingles","article_publisher":"https:\/\/www.facebook.com\/radiojingles24\/","article_modified_time":"2022-06-17T08:00:22+00:00","twitter_card":"summary_large_image","twitter_site":"@radiojingles24","twitter_misc":{"Tempo di lettura stimato":"4 minuti"},"schema":{"@context":"https:\/\/schema.org","@graph":[{"@type":"WebPage","@id":"https:\/\/radiojingles24.com\/it\/professional-voice-over-artist\/","url":"https:\/\/radiojingles24.com\/it\/professional-voice-over-artist\/","name":"Radio Jingles 24: Radio Jingles | DJ Drops | Introduzione ai podcast | Jingles cantati","isPartOf":{"@id":"https:\/\/radiojingles24.com\/#website"},"datePublished":"2022-06-10T07:59:09+00:00","dateModified":"2022-06-17T08:00:22+00:00","description":"Jingles radiofonici, Jingles cantati, DJ Drops e Podcast Intro per stazioni radio commerciali, comunitarie e Internet. Con sede nel Regno Unito. Prezzi a partire da \u00a3 5. Ordinare on-line.","breadcrumb":{"@id":"https:\/\/radiojingles24.com\/it\/professional-voice-over-artist\/#breadcrumb"},"inLanguage":"it-IT","potentialAction":[{"@type":"ReadAction","target":["https:\/\/radiojingles24.com\/it\/professional-voice-over-artist\/"]}]},{"@type":"BreadcrumbList","@id":"https:\/\/radiojingles24.com\/it\/professional-voice-over-artist\/#breadcrumb","itemListElement":[{"@type":"ListItem","position":1,"name":"Home","item":"https:\/\/radiojingles24.com\/de\/"},{"@type":"ListItem","position":2,"name":"Is your Radio Station Looking for a Professional Voice Over Artist?"}]},{"@type":"WebSite","@id":"https:\/\/radiojingles24.com\/#website","url":"https:\/\/radiojingles24.com\/","name":"Radio Jingles 24: Radio Jingles | DJ Drops | Introduzione ai podcast | Jingles cantati","description":"Jingles radiofonici, Jingles cantati, DJ Drops e Podcast Intro per stazioni radio commerciali, comunitarie e Internet. Con sede nel Regno Unito. Prezzi a partire da \u00a3 5. Ordinare on-line.","publisher":{"@id":"https:\/\/radiojingles24.com\/#organization"},"potentialAction":[{"@type":"SearchAction","target":{"@type":"EntryPoint","urlTemplate":"https:\/\/radiojingles24.com\/?s={search_term_string}"},"query-input":{"@type":"PropertyValueSpecification","valueRequired":true,"valueName":"search_term_string"}}],"inLanguage":"it-IT"},{"@type":"Organization","@id":"https:\/\/radiojingles24.com\/#organization","name":"Jingle radio 24","url":"https:\/\/radiojingles24.com\/","logo":{"@type":"ImageObject","inLanguage":"it-IT","@id":"https:\/\/radiojingles24.com\/#\/schema\/logo\/image\/","url":"https:\/\/radiojingles24.com\/wp-content\/uploads\/2019\/11\/RadioJingle1-1.jpg","contentUrl":"https:\/\/radiojingles24.com\/wp-content\/uploads\/2019\/11\/RadioJingle1-1.jpg","width":512,"height":158,"caption":"Radio Jingles 24"},"image":{"@id":"https:\/\/radiojingles24.com\/#\/schema\/logo\/image\/"},"sameAs":["https:\/\/www.facebook.com\/radiojingles24\/","https:\/\/x.com\/radiojingles24"]}]}},"jetpack_sharing_enabled":true,"_links":{"self":[{"href":"https:\/\/radiojingles24.com\/it\/wp-json\/wp\/v2\/pages\/93887","targetHints":{"allow":["GET"]}}],"collection":[{"href":"https:\/\/radiojingles24.com\/it\/wp-json\/wp\/v2\/pages"}],"about":[{"href":"https:\/\/radiojingles24.com\/it\/wp-json\/wp\/v2\/types\/page"}],"author":[{"embeddable":true,"href":"https:\/\/radiojingles24.com\/it\/wp-json\/wp\/v2\/users\/1"}],"replies":[{"embeddable":true,"href":"https:\/\/radiojingles24.com\/it\/wp-json\/wp\/v2\/comments?post=93887"}],"version-history":[{"count":1,"href":"https:\/\/radiojingles24.com\/it\/wp-json\/wp\/v2\/pages\/93887\/revisions"}],"predecessor-version":[{"id":93888,"href":"https:\/\/radiojingles24.com\/it\/wp-json\/wp\/v2\/pages\/93887\/revisions\/93888"}],"wp:attachment":[{"href":"https:\/\/radiojingles24.com\/it\/wp-json\/wp\/v2\/media?parent=93887"}],"curies":[{"name":"wp","href":"https:\/\/api.w.org\/{rel}","templated":true}]}}