{"id":93892,"date":"2022-06-10T08:03:57","date_gmt":"2022-06-10T08:03:57","guid":{"rendered":"https:\/\/radiojingles24.com\/?page_id=93892"},"modified":"2022-06-17T08:04:48","modified_gmt":"2022-06-17T08:04:48","slug":"perfect-jingle-for-your-podcast","status":"publish","type":"page","link":"https:\/\/radiojingles24.com\/it\/perfect-jingle-for-your-podcast\/","title":{"rendered":"Vuoi creare il jingle perfetto per il tuo podcast?"},"content":{"rendered":"<div id=\"fws_69d52718af5c2\"  data-midnight=\"dark\"  data-bg-mobile-hidden=\"\" class=\"wpb_row vc_row-fluid vc_row top-level standard_section\"  style=\"padding-top: 0px; padding-bottom: 0px; \"><div class=\"row-bg-wrap\" data-bg-animation=\"none\"><div class=\"inner-wrap\"><div class=\"row-bg\"  style=\"\"><\/div><\/div><div class=\"row-bg-overlay\" ><\/div><\/div><div class=\"col span_12 dark left\">\n\t<div  class=\"vc_col-sm-12 wpb_column column_container vc_column_container col no-extra-padding\"  data-t-w-inherits=\"default\" data-border-radius=\"none\" data-shadow=\"none\" data-border-animation=\"\" data-border-animation-delay=\"\" data-border-width=\"none\" data-border-style=\"solid\" data-border-color=\"\" data-bg-cover=\"\" data-padding-pos=\"all\" data-has-bg-color=\"false\" data-bg-color=\"\" data-bg-opacity=\"1\" data-hover-bg=\"\" data-hover-bg-opacity=\"1\" data-animation=\"\" data-delay=\"0\"><div class=\"column-bg-overlay\"><\/div>\n\t\t<div class=\"vc_column-inner\">\n\t\t\t<div class=\"wpb_wrapper\">\n\t\t\t\t\r\n\t<div class=\"wpb_text_column wpb_content_element\" >\r\n\t\t<div class=\"wpb_wrapper\">\r\n\t\t\t<p><span style=\"font-weight: 400;\">Stai cercando di creare il jingle perfetto per il tuo podcast che migliorer\u00e0 l&#039;esperienza audio per i tuoi ascoltatori e ti dar\u00e0 una voce davvero unica di cui ha bisogno? Benvenuto a <\/span><a href=\"https:\/\/radiojingles24.com\/it\/\"><span style=\"font-weight: 400;\">Jingle radio 24<\/span><\/a><span style=\"font-weight: 400;\">, una societ\u00e0 di produzione di immagini con sede nel Regno Unito con oltre 10 anni di esperienza nella creazione di audio e jingle eccezionali per una vasta gamma di usi audio.<\/span><\/p>\n<p>&nbsp;<\/p>\n<p><span style=\"font-weight: 400;\">Creiamo jingle podcast, jingle radiofonici cantati, jingle commerciali, DJ drop e immagini di stazioni radio, oltre a offrire ampi servizi di produzione commerciale. Puoi decidere la tua voce fuori campo, la sceneggiatura, la durata dell&#039;audio, la musica, gli effetti e molto altro per renderlo unico e su misura per te. Il nostro team creer\u00e0 il tuo jingle podcast personalizzato e te lo consegner\u00e0 entro 24 ore, 7 giorni alla settimana, rendendo il nostro servizio rapido ed efficiente.<\/span><\/p>\n<p>&nbsp;<\/p>\n<p><span style=\"font-weight: 400;\">Pronto per noi per creare il tuo podcast jingle? <\/span><a href=\"https:\/\/radiojingles24.com\/it\/contact-us\/\"><span style=\"font-weight: 400;\">Contattaci<\/span><\/a><span style=\"font-weight: 400;\"> oggi.<\/span><\/p>\n<p>&nbsp;<\/p>\n<p><b>Perch\u00e9 un Podcast Jingle \u00e8 importante?<\/b><\/p>\n<p>&nbsp;<\/p>\n<p><span style=\"font-weight: 400;\">Potresti pensare, ho davvero bisogno di un jingle per il mio podcast? La risposta \u00e8 si. Avere musica coerente nel tuo podcast aiuter\u00e0 a portare familiarit\u00e0 ai tuoi ascoltatori e li far\u00e0 sentire pi\u00f9 connessi a te e al tuo programma. Ricordiamo tutti i brani a tema e i jingle di spettacoli, canali YouTube e stazioni radio che ascoltiamo, ed \u00e8 per questo che \u00e8 altrettanto importante per un podcast.\u00a0<\/span><\/p>\n<p>&nbsp;<\/p>\n<p><span style=\"font-weight: 400;\">Un jingle \u00e8 particolarmente importante per un podcast in quanto non ci sono video o immagini, solo l&#039;audio, quindi devi assicurarti di distinguerti e rimanere nella memoria dei tuoi ascoltatori. Devi stabilire il tuo podcast come un marchio a s\u00e9 stante e dare ai tuoi ascoltatori qualcosa per ricordarti. I jingle sono anche conosciuti come il &quot;logo visivo&quot; del suono e offrono ai tuoi ascoltatori un&#039;esperienza audio completa.<\/span><\/p>\n<p>&nbsp;<\/p>\n<p><b>Come funziona<\/b><\/p>\n<p>&nbsp;<\/p>\n<ul>\n<li aria-level=\"1\"><b>Scegli le tue opzioni<\/b><\/li>\n<\/ul>\n<p>&nbsp;<\/p>\n<p><span style=\"font-weight: 400;\">Per prima cosa raccontaci un po&#039; cosa vuoi dal tuo jingle e forniscici le informazioni sul tuo podcast di cui abbiamo bisogno per creare il tuo capolavoro. Scrivi la tua sceneggiatura, scegli la tua voce fuori campo o inviaci la tua, seleziona la durata dell&#039;audio, scegli la tua musica e decidi se vuoi che il tuo jingle sia asciutto o completamente prodotto con musica o SFX.\u00a0<\/span><\/p>\n<p>&nbsp;<\/p>\n<ul>\n<li aria-level=\"1\"><b>Registriamo<\/b><\/li>\n<\/ul>\n<p>&nbsp;<\/p>\n<p><span style=\"font-weight: 400;\">Quindi il nostro team far\u00e0 la sua magia. Produrremo, modificheremo e padroneggeremo completamente il jingle del tuo podcast.<\/span><\/p>\n<p>&nbsp;<\/p>\n<ul>\n<li aria-level=\"1\"><b>Consegnamo<\/b><\/li>\n<\/ul>\n<p>&nbsp;<\/p>\n<p><span style=\"font-weight: 400;\">Consegniamo tutti i nostri jingle entro 24 ore. Il tuo jingle pu\u00f2 essere inviato come file HQ WAVE, MP3 o AIFF, 100% esente da royalty.<\/span><\/p>\n<p>&nbsp;<\/p>\n<p><b>Esplora le nostre opzioni di Jingle Podcast<\/b><\/p>\n<p>&nbsp;<\/p>\n<p><span style=\"font-weight: 400;\">Qui a Radio Jingles 24, offriamo ai nostri clienti jingles veloci, facili e professionali per una serie di esigenze, che si tratti del tuo podcast, pubblicit\u00e0, stazione radio o canale YouTube. Abbiamo un vasto catalogo di musica e effetti sonori esenti da royalty, quindi siamo sicuri di avere qualcosa che ti piacer\u00e0. Abbiamo oltre 10 anni di esperienza nella produzione audio, quindi puoi stare tranquillo sapendo che l&#039;audio finito suoner\u00e0 in modo fantastico.<\/span><\/p>\n<p><span style=\"font-weight: 400;\">Puoi contattare il nostro team oggi compilando il nostro <\/span><a href=\"https:\/\/radiojingles24.com\/it\/contact-us\/\"><span style=\"font-weight: 400;\">modulo online<\/span><\/a><span style=\"font-weight: 400;\"> e un membro del nostro team ti contatter\u00e0. Il nostro team sar\u00e0 lieto di aiutarti e rispondere a qualsiasi domanda tu possa avere sui nostri servizi di creazione di jingle. O in alternativa, puoi chiamarci al + 44 0113 534 6686 (Regno Unito) o + 1 (212) 710 \u2013 1350 (USA) o inviare un&#039;e-mail al nostro team direttamente all&#039;indirizzo <\/span><a href=\"mailto:info@radiojingles24.com\"><span style=\"font-weight: 400;\">info@radiojingles24.com<\/span><\/a><span style=\"font-weight: 400;\">.<\/span><\/p>\n\r\n\t\t<\/div>\r\n\t<\/div>\r\n\n\t\t\t<\/div> \n\t\t<\/div>\n\t<\/div> \n<\/div><\/div>","protected":false},"excerpt":{"rendered":"Stai cercando di creare il jingle perfetto per il tuo podcast che migliorer\u00e0 l&#039;esperienza audio per i tuoi ascoltatori e ti dar\u00e0 una voce davvero unica di cui ha bisogno? Ben arrivato...","protected":false},"author":1,"featured_media":0,"parent":0,"menu_order":0,"comment_status":"closed","ping_status":"closed","template":"","meta":{"_exactmetrics_skip_tracking":false,"_exactmetrics_sitenote_active":false,"_exactmetrics_sitenote_note":"","_exactmetrics_sitenote_category":0,"footnotes":""},"class_list":["post-93892","page","type-page","status-publish"],"yoast_head":"<!-- This site is optimized with the Yoast SEO plugin v26.8 - https:\/\/yoast.com\/product\/yoast-seo-wordpress\/ -->\n<title>Radio Jingles 24: Radio Jingles | DJ Drops | Podcast Intros | Sung Jingles<\/title>\n<meta name=\"description\" content=\"Radio Jingles, Sung Jingles, DJ Drops, and Podcast Intros for commercial, community and internet radio stations. UK Based. Prices from \u00a35. Order online.\" \/>\n<meta name=\"robots\" content=\"index, follow, max-snippet:-1, max-image-preview:large, max-video-preview:-1\" \/>\n<link rel=\"canonical\" href=\"https:\/\/radiojingles24.com\/it\/perfect-jingle-for-your-podcast\/\" \/>\n<meta property=\"og:locale\" content=\"it_IT\" \/>\n<meta property=\"og:type\" content=\"article\" \/>\n<meta property=\"og:title\" content=\"Radio Jingles 24: Radio Jingles | DJ Drops | Podcast Intros | Sung Jingles\" \/>\n<meta property=\"og:description\" content=\"Radio Jingles, Sung Jingles, DJ Drops, and Podcast Intros for commercial, community and internet radio stations. UK Based. Prices from \u00a35. Order online.\" \/>\n<meta property=\"og:url\" content=\"https:\/\/radiojingles24.com\/it\/perfect-jingle-for-your-podcast\/\" \/>\n<meta property=\"og:site_name\" content=\"Radio Jingles 24: Radio Jingles | DJ Drops | Podcast Intros | Sung Jingles\" \/>\n<meta property=\"article:publisher\" content=\"https:\/\/www.facebook.com\/radiojingles24\/\" \/>\n<meta property=\"article:modified_time\" content=\"2022-06-17T08:04:48+00:00\" \/>\n<meta name=\"twitter:card\" content=\"summary_large_image\" \/>\n<meta name=\"twitter:site\" content=\"@radiojingles24\" \/>\n<meta name=\"twitter:label1\" content=\"Tempo di lettura stimato\" \/>\n\t<meta name=\"twitter:data1\" content=\"3 minuti\" \/>\n<script type=\"application\/ld+json\" class=\"yoast-schema-graph\">{\"@context\":\"https:\/\/schema.org\",\"@graph\":[{\"@type\":\"WebPage\",\"@id\":\"https:\/\/radiojingles24.com\/perfect-jingle-for-your-podcast\/\",\"url\":\"https:\/\/radiojingles24.com\/perfect-jingle-for-your-podcast\/\",\"name\":\"Radio Jingles 24: Radio Jingles | DJ Drops | Podcast Intros | Sung Jingles\",\"isPartOf\":{\"@id\":\"https:\/\/radiojingles24.com\/#website\"},\"datePublished\":\"2022-06-10T08:03:57+00:00\",\"dateModified\":\"2022-06-17T08:04:48+00:00\",\"description\":\"Radio Jingles, Sung Jingles, DJ Drops, and Podcast Intros for commercial, community and internet radio stations. UK Based. Prices from \u00a35. Order online.\",\"breadcrumb\":{\"@id\":\"https:\/\/radiojingles24.com\/perfect-jingle-for-your-podcast\/#breadcrumb\"},\"inLanguage\":\"it-IT\",\"potentialAction\":[{\"@type\":\"ReadAction\",\"target\":[\"https:\/\/radiojingles24.com\/perfect-jingle-for-your-podcast\/\"]}]},{\"@type\":\"BreadcrumbList\",\"@id\":\"https:\/\/radiojingles24.com\/perfect-jingle-for-your-podcast\/#breadcrumb\",\"itemListElement\":[{\"@type\":\"ListItem\",\"position\":1,\"name\":\"Home\",\"item\":\"https:\/\/radiojingles24.com\/de\/\"},{\"@type\":\"ListItem\",\"position\":2,\"name\":\"Want to Create the Perfect Jingle for your Podcast?\"}]},{\"@type\":\"WebSite\",\"@id\":\"https:\/\/radiojingles24.com\/#website\",\"url\":\"https:\/\/radiojingles24.com\/\",\"name\":\"Radio Jingles 24: Radio Jingles | DJ Drops | Podcast Intros | Sung Jingles\",\"description\":\"Radio Jingles, Sung Jingles, DJ Drops, and Podcast Intros for commercial, community and internet radio stations. UK Based. Prices from \u00a35. Order online.\",\"publisher\":{\"@id\":\"https:\/\/radiojingles24.com\/#organization\"},\"potentialAction\":[{\"@type\":\"SearchAction\",\"target\":{\"@type\":\"EntryPoint\",\"urlTemplate\":\"https:\/\/radiojingles24.com\/?s={search_term_string}\"},\"query-input\":{\"@type\":\"PropertyValueSpecification\",\"valueRequired\":true,\"valueName\":\"search_term_string\"}}],\"inLanguage\":\"it-IT\"},{\"@type\":\"Organization\",\"@id\":\"https:\/\/radiojingles24.com\/#organization\",\"name\":\"Radio Jingles 24\",\"url\":\"https:\/\/radiojingles24.com\/\",\"logo\":{\"@type\":\"ImageObject\",\"inLanguage\":\"it-IT\",\"@id\":\"https:\/\/radiojingles24.com\/#\/schema\/logo\/image\/\",\"url\":\"https:\/\/radiojingles24.com\/wp-content\/uploads\/2019\/11\/RadioJingle1-1.jpg\",\"contentUrl\":\"https:\/\/radiojingles24.com\/wp-content\/uploads\/2019\/11\/RadioJingle1-1.jpg\",\"width\":512,\"height\":158,\"caption\":\"Radio Jingles 24\"},\"image\":{\"@id\":\"https:\/\/radiojingles24.com\/#\/schema\/logo\/image\/\"},\"sameAs\":[\"https:\/\/www.facebook.com\/radiojingles24\/\",\"https:\/\/x.com\/radiojingles24\"]}]}<\/script>\n<!-- \/ Yoast SEO plugin. -->","yoast_head_json":{"title":"Radio Jingles 24: Radio Jingles | DJ Drops | Introduzione ai podcast | Jingles cantati","description":"Jingles radiofonici, Jingles cantati, DJ Drops e Podcast Intro per stazioni radio commerciali, comunitarie e Internet. Con sede nel Regno Unito. Prezzi a partire da \u00a3 5. Ordinare on-line.","robots":{"index":"index","follow":"follow","max-snippet":"max-snippet:-1","max-image-preview":"max-image-preview:large","max-video-preview":"max-video-preview:-1"},"canonical":"https:\/\/radiojingles24.com\/it\/perfect-jingle-for-your-podcast\/","og_locale":"it_IT","og_type":"article","og_title":"Radio Jingles 24: Radio Jingles | DJ Drops | Podcast Intros | Sung Jingles","og_description":"Radio Jingles, Sung Jingles, DJ Drops, and Podcast Intros for commercial, community and internet radio stations. UK Based. Prices from \u00a35. Order online.","og_url":"https:\/\/radiojingles24.com\/it\/perfect-jingle-for-your-podcast\/","og_site_name":"Radio Jingles 24: Radio Jingles | DJ Drops | Podcast Intros | Sung Jingles","article_publisher":"https:\/\/www.facebook.com\/radiojingles24\/","article_modified_time":"2022-06-17T08:04:48+00:00","twitter_card":"summary_large_image","twitter_site":"@radiojingles24","twitter_misc":{"Tempo di lettura stimato":"3 minuti"},"schema":{"@context":"https:\/\/schema.org","@graph":[{"@type":"WebPage","@id":"https:\/\/radiojingles24.com\/perfect-jingle-for-your-podcast\/","url":"https:\/\/radiojingles24.com\/perfect-jingle-for-your-podcast\/","name":"Radio Jingles 24: Radio Jingles | DJ Drops | Introduzione ai podcast | Jingles cantati","isPartOf":{"@id":"https:\/\/radiojingles24.com\/#website"},"datePublished":"2022-06-10T08:03:57+00:00","dateModified":"2022-06-17T08:04:48+00:00","description":"Jingles radiofonici, Jingles cantati, DJ Drops e Podcast Intro per stazioni radio commerciali, comunitarie e Internet. Con sede nel Regno Unito. Prezzi a partire da \u00a3 5. Ordinare on-line.","breadcrumb":{"@id":"https:\/\/radiojingles24.com\/perfect-jingle-for-your-podcast\/#breadcrumb"},"inLanguage":"it-IT","potentialAction":[{"@type":"ReadAction","target":["https:\/\/radiojingles24.com\/perfect-jingle-for-your-podcast\/"]}]},{"@type":"BreadcrumbList","@id":"https:\/\/radiojingles24.com\/perfect-jingle-for-your-podcast\/#breadcrumb","itemListElement":[{"@type":"ListItem","position":1,"name":"Home","item":"https:\/\/radiojingles24.com\/de\/"},{"@type":"ListItem","position":2,"name":"Want to Create the Perfect Jingle for your Podcast?"}]},{"@type":"WebSite","@id":"https:\/\/radiojingles24.com\/#website","url":"https:\/\/radiojingles24.com\/","name":"Radio Jingles 24: Radio Jingles | DJ Drops | Introduzione ai podcast | Jingles cantati","description":"Jingles radiofonici, Jingles cantati, DJ Drops e Podcast Intro per stazioni radio commerciali, comunitarie e Internet. Con sede nel Regno Unito. Prezzi a partire da \u00a3 5. Ordinare on-line.","publisher":{"@id":"https:\/\/radiojingles24.com\/#organization"},"potentialAction":[{"@type":"SearchAction","target":{"@type":"EntryPoint","urlTemplate":"https:\/\/radiojingles24.com\/?s={search_term_string}"},"query-input":{"@type":"PropertyValueSpecification","valueRequired":true,"valueName":"search_term_string"}}],"inLanguage":"it-IT"},{"@type":"Organization","@id":"https:\/\/radiojingles24.com\/#organization","name":"Jingle radio 24","url":"https:\/\/radiojingles24.com\/","logo":{"@type":"ImageObject","inLanguage":"it-IT","@id":"https:\/\/radiojingles24.com\/#\/schema\/logo\/image\/","url":"https:\/\/radiojingles24.com\/wp-content\/uploads\/2019\/11\/RadioJingle1-1.jpg","contentUrl":"https:\/\/radiojingles24.com\/wp-content\/uploads\/2019\/11\/RadioJingle1-1.jpg","width":512,"height":158,"caption":"Radio Jingles 24"},"image":{"@id":"https:\/\/radiojingles24.com\/#\/schema\/logo\/image\/"},"sameAs":["https:\/\/www.facebook.com\/radiojingles24\/","https:\/\/x.com\/radiojingles24"]}]}},"jetpack_sharing_enabled":true,"_links":{"self":[{"href":"https:\/\/radiojingles24.com\/it\/wp-json\/wp\/v2\/pages\/93892","targetHints":{"allow":["GET"]}}],"collection":[{"href":"https:\/\/radiojingles24.com\/it\/wp-json\/wp\/v2\/pages"}],"about":[{"href":"https:\/\/radiojingles24.com\/it\/wp-json\/wp\/v2\/types\/page"}],"author":[{"embeddable":true,"href":"https:\/\/radiojingles24.com\/it\/wp-json\/wp\/v2\/users\/1"}],"replies":[{"embeddable":true,"href":"https:\/\/radiojingles24.com\/it\/wp-json\/wp\/v2\/comments?post=93892"}],"version-history":[{"count":1,"href":"https:\/\/radiojingles24.com\/it\/wp-json\/wp\/v2\/pages\/93892\/revisions"}],"predecessor-version":[{"id":93893,"href":"https:\/\/radiojingles24.com\/it\/wp-json\/wp\/v2\/pages\/93892\/revisions\/93893"}],"wp:attachment":[{"href":"https:\/\/radiojingles24.com\/it\/wp-json\/wp\/v2\/media?parent=93892"}],"curies":[{"name":"wp","href":"https:\/\/api.w.org\/{rel}","templated":true}]}}