{"id":93895,"date":"2022-06-16T08:07:26","date_gmt":"2022-06-16T08:07:26","guid":{"rendered":"https:\/\/radiojingles24.com\/?page_id=93895"},"modified":"2022-06-17T08:08:39","modified_gmt":"2022-06-17T08:08:39","slug":"radio-jingle-for-your-radio-station","status":"publish","type":"page","link":"https:\/\/radiojingles24.com\/it\/radio-jingle-for-your-radio-station\/","title":{"rendered":"I vantaggi di avere un jingle radiofonico accattivante per la tua stazione radio"},"content":{"rendered":"<div id=\"fws_69e48cab4db02\"  data-midnight=\"dark\"  data-bg-mobile-hidden=\"\" class=\"wpb_row vc_row-fluid vc_row top-level standard_section\"  style=\"padding-top: 0px; padding-bottom: 0px; \"><div class=\"row-bg-wrap\" data-bg-animation=\"none\"><div class=\"inner-wrap\"><div class=\"row-bg\"  style=\"\"><\/div><\/div><div class=\"row-bg-overlay\" ><\/div><\/div><div class=\"col span_12 dark left\">\n\t<div  class=\"vc_col-sm-12 wpb_column column_container vc_column_container col no-extra-padding\"  data-t-w-inherits=\"default\" data-border-radius=\"none\" data-shadow=\"none\" data-border-animation=\"\" data-border-animation-delay=\"\" data-border-width=\"none\" data-border-style=\"solid\" data-border-color=\"\" data-bg-cover=\"\" data-padding-pos=\"all\" data-has-bg-color=\"false\" data-bg-color=\"\" data-bg-opacity=\"1\" data-hover-bg=\"\" data-hover-bg-opacity=\"1\" data-animation=\"\" data-delay=\"0\"><div class=\"column-bg-overlay\"><\/div>\n\t\t<div class=\"vc_column-inner\">\n\t\t\t<div class=\"wpb_wrapper\">\n\t\t\t\t\r\n\t<div class=\"wpb_text_column wpb_content_element\" >\r\n\t\t<div class=\"wpb_wrapper\">\r\n\t\t\t<p><span style=\"font-weight: 400;\">Stai cercando modi per rendere la tua stazione radio pi\u00f9 memorabile? Hai bisogno di un creatore di jingle economico e facile da usare per aiutare la tua stazione radio a decollare? Se stai avviando la tua nuova stazione radio e hai bisogno di un modo per essere riconosciuto dagli ascoltatori o forse anche se sei interessato a cambiare il marchio della tua stazione esistente vuoi attirare un pubblico pi\u00f9 ampio con un jingle radiofonico accattivante, allora <\/span><a href=\"https:\/\/radiojingles24.com\/it\/\"><span style=\"font-weight: 400;\">Jingle radio 24<\/span><\/a><span style=\"font-weight: 400;\"> dispone dello strumento per la creazione di jingle di qualit\u00e0 professionale, veloce, facile da usare e che ha la capacit\u00e0 di catturare ogni singolo dettaglio di cui hai bisogno, il tutto in pochi semplici passaggi.<\/span><\/p>\n<p>&nbsp;<\/p>\n<p><span style=\"font-weight: 400;\">Con oltre 10 anni di esperienza nel settore, abbiamo avuto molta esperienza nel capire cosa cercano veramente i nostri clienti. Quindi, con questo in mente, abbiamo creato un software per la creazione di jingle che offre una variet\u00e0 di diversi <\/span><a href=\"https:\/\/radiojingles24.com\/it\/prodotto\/spoken-audio\/\"><span style=\"font-weight: 400;\">parlato<\/span><\/a><span style=\"font-weight: 400;\"> e <\/span><a href=\"https:\/\/radiojingles24.com\/it\/prodotto\/sung-audio\/\"><span style=\"font-weight: 400;\">cantato<\/span><\/a><span style=\"font-weight: 400;\"> modelli di jingle, oltre 10 voci fuori campo di artisti professionisti, <\/span><a href=\"https:\/\/radiojingles24.com\/it\/#voices\"><span style=\"font-weight: 400;\">un&#039;ampia selezione di effetti sonori e musicali<\/span><\/a><span style=\"font-weight: 400;\">, una scelta di metodo di download, il tutto permettendoti di controllare quanto spendi in ogni fase del processo.<\/span><\/p>\n<p>&nbsp;<\/p>\n<p><b>Creare un jingle radiofonico accattivante non \u00e8 mai stato cos\u00ec facile<\/b><\/p>\n<p>&nbsp;<\/p>\n<p><span style=\"font-weight: 400;\">Qui a Radio Jingle 24, abbiamo deciso di progettare un software per la creazione di jingle di alta qualit\u00e0 e facile da usare, tenendo presente i nostri clienti. A differenza di alcuni dei nostri concorrenti, comprendiamo che ognuno dei nostri clienti \u00e8 diverso e questo spesso significa che anche il loro livello di competenza quando si tratta di tecnologia \u00e8 vario, e va bene perch\u00e9 lo abbiamo preso in considerazione quando abbiamo stabilito il prodotto finito del nostro software per la creazione di jingle.<\/span><\/p>\n<p>&nbsp;<\/p>\n<p><span style=\"font-weight: 400;\">Ora, invece di parlarti dei passaggi su come creare il tuo accattivante jingle radiofonico; il nostro sito Web lo fa gi\u00e0 per te, vorremmo parlarti dei vantaggi di avere un jingle radiofonico accattivante per la tua stazione. Avere un jingle radiofonico accattivante aiuta a costruire il marchio per la tua stazione e renderlo ovviamente riconoscibile dagli altri perch\u00e9 nulla rafforza la presenza della tua stazione come un messaggio coerente e di qualit\u00e0.\u00a0<\/span><\/p>\n<p>&nbsp;<\/p>\n<p><span style=\"font-weight: 400;\">Non solo questo, ma ha dimostrato di essere un modo conveniente per pubblicizzare e coinvolgere i tuoi ascoltatori, in particolare se hai una parola fantastica che \u00e8 facile da ricordare e non invecchier\u00e0 mai. Abbiamo tutti quel jingle orecchiabile; che si tratti di una pubblicit\u00e0, una stazione radio o un podcast, pu\u00f2 essere fastidioso perch\u00e9 ci rimane in testa per ore dopo averlo sentito inizialmente, ma funziona bene? Lo ricordi e lo riconosci su qualsiasi altra trasmissione. Questo \u00e8 il potere di un jingle radiofonico orecchiabile.<\/span><\/p>\n<p>&nbsp;<\/p>\n<p><b>Siamo qui per aiutare<\/b><\/p>\n<p>&nbsp;<\/p>\n<p><span style=\"font-weight: 400;\">Se stai cercando una soluzione per la creazione di jingle facile da usare e veloce che pu\u00f2 essere costruita in pochi semplici passaggi senza sacrificare la qualit\u00e0 professionale, allora Radio Jingles 24 \u00e8 il posto che fa per te. Puoi scoprire di pi\u00f9 sul nostro software per la creazione di jingle di qualit\u00e0 e su come possiamo assisterti durante il processo di creazione tramite il nostro sito Web, ma se desideri parlare con noi direttamente puoi farlo chiamandoci al numero +44 (0) 113 5346686 dove un membro del nostro team sar\u00e0 felice di rispondere a qualsiasi domanda tu possa avere e guidarti attraverso i passaggi per completare il tuo accattivante jingle radiofonico.<\/span><\/p>\n<p><span style=\"font-weight: 400;\">Se preferisci <\/span><a href=\"https:\/\/radiojingles24.com\/it\/contact-us\/\"><span style=\"font-weight: 400;\">Contattaci<\/span><\/a><span style=\"font-weight: 400;\"> via e-mail, quindi invia le tue domande al nostro indirizzo <\/span><a href=\"mailto:info@radiojingles24.com\"><span style=\"font-weight: 400;\">info@radiojingles24.com<\/span><\/a><span style=\"font-weight: 400;\"> o completando il <\/span><a href=\"https:\/\/radiojingles24.com\/it\/contact-us\/\"><span style=\"font-weight: 400;\">modulo di contatto online<\/span><\/a><span style=\"font-weight: 400;\"> che pu\u00f2 essere trovato sul nostro sito Web e uno dei nostri esperti ti ricontatter\u00e0 il prima possibile per discutere ulteriormente la tua richiesta e fornirti le informazioni extra di cui hai bisogno per aiutarti a creare il tuo accattivante jingle radiofonico con Radio Jingles 24.<\/span><\/p>\n\r\n\t\t<\/div>\r\n\t<\/div>\r\n\n\t\t\t<\/div> \n\t\t<\/div>\n\t<\/div> \n<\/div><\/div>","protected":false},"excerpt":{"rendered":"Stai cercando modi per rendere la tua stazione radio pi\u00f9 memorabile? Hai bisogno di un creatore di jingle economico e facile da usare per aiutare la tua stazione radio a decollare?...","protected":false},"author":1,"featured_media":0,"parent":0,"menu_order":0,"comment_status":"closed","ping_status":"closed","template":"","meta":{"_exactmetrics_skip_tracking":false,"_exactmetrics_sitenote_active":false,"_exactmetrics_sitenote_note":"","_exactmetrics_sitenote_category":0,"footnotes":""},"class_list":["post-93895","page","type-page","status-publish"],"yoast_head":"<!-- This site is optimized with the Yoast SEO plugin v26.8 - https:\/\/yoast.com\/product\/yoast-seo-wordpress\/ -->\n<title>Radio Jingles 24: Radio Jingles | DJ Drops | Podcast Intros | Sung Jingles<\/title>\n<meta name=\"description\" content=\"Radio Jingles, Sung Jingles, DJ Drops, and Podcast Intros for commercial, community and internet radio stations. UK Based. Prices from \u00a35. Order online.\" \/>\n<meta name=\"robots\" content=\"index, follow, max-snippet:-1, max-image-preview:large, max-video-preview:-1\" \/>\n<link rel=\"canonical\" href=\"https:\/\/radiojingles24.com\/it\/radio-jingle-for-your-radio-station\/\" \/>\n<meta property=\"og:locale\" content=\"it_IT\" \/>\n<meta property=\"og:type\" content=\"article\" \/>\n<meta property=\"og:title\" content=\"Radio Jingles 24: Radio Jingles | DJ Drops | Podcast Intros | Sung Jingles\" \/>\n<meta property=\"og:description\" content=\"Radio Jingles, Sung Jingles, DJ Drops, and Podcast Intros for commercial, community and internet radio stations. UK Based. Prices from \u00a35. Order online.\" \/>\n<meta property=\"og:url\" content=\"https:\/\/radiojingles24.com\/it\/radio-jingle-for-your-radio-station\/\" \/>\n<meta property=\"og:site_name\" content=\"Radio Jingles 24: Radio Jingles | DJ Drops | Podcast Intros | Sung Jingles\" \/>\n<meta property=\"article:publisher\" content=\"https:\/\/www.facebook.com\/radiojingles24\/\" \/>\n<meta property=\"article:modified_time\" content=\"2022-06-17T08:08:39+00:00\" \/>\n<meta name=\"twitter:card\" content=\"summary_large_image\" \/>\n<meta name=\"twitter:site\" content=\"@radiojingles24\" \/>\n<meta name=\"twitter:label1\" content=\"Tempo di lettura stimato\" \/>\n\t<meta name=\"twitter:data1\" content=\"4 minuti\" \/>\n<script type=\"application\/ld+json\" class=\"yoast-schema-graph\">{\"@context\":\"https:\/\/schema.org\",\"@graph\":[{\"@type\":\"WebPage\",\"@id\":\"https:\/\/radiojingles24.com\/fr\/radio-jingle-for-your-radio-station\/\",\"url\":\"https:\/\/radiojingles24.com\/fr\/radio-jingle-for-your-radio-station\/\",\"name\":\"Radio Jingles 24: Radio Jingles | DJ Drops | Podcast Intros | Sung Jingles\",\"isPartOf\":{\"@id\":\"https:\/\/radiojingles24.com\/#website\"},\"datePublished\":\"2022-06-16T08:07:26+00:00\",\"dateModified\":\"2022-06-17T08:08:39+00:00\",\"description\":\"Radio Jingles, Sung Jingles, DJ Drops, and Podcast Intros for commercial, community and internet radio stations. UK Based. Prices from \u00a35. Order online.\",\"breadcrumb\":{\"@id\":\"https:\/\/radiojingles24.com\/fr\/radio-jingle-for-your-radio-station\/#breadcrumb\"},\"inLanguage\":\"it-IT\",\"potentialAction\":[{\"@type\":\"ReadAction\",\"target\":[\"https:\/\/radiojingles24.com\/fr\/radio-jingle-for-your-radio-station\/\"]}]},{\"@type\":\"BreadcrumbList\",\"@id\":\"https:\/\/radiojingles24.com\/fr\/radio-jingle-for-your-radio-station\/#breadcrumb\",\"itemListElement\":[{\"@type\":\"ListItem\",\"position\":1,\"name\":\"Home\",\"item\":\"https:\/\/radiojingles24.com\/de\/\"},{\"@type\":\"ListItem\",\"position\":2,\"name\":\"The Benefits of Having a Catchy Radio Jingle for your Radio Station\"}]},{\"@type\":\"WebSite\",\"@id\":\"https:\/\/radiojingles24.com\/#website\",\"url\":\"https:\/\/radiojingles24.com\/\",\"name\":\"Radio Jingles 24: Radio Jingles | DJ Drops | Podcast Intros | Sung Jingles\",\"description\":\"Radio Jingles, Sung Jingles, DJ Drops, and Podcast Intros for commercial, community and internet radio stations. UK Based. Prices from \u00a35. Order online.\",\"publisher\":{\"@id\":\"https:\/\/radiojingles24.com\/#organization\"},\"potentialAction\":[{\"@type\":\"SearchAction\",\"target\":{\"@type\":\"EntryPoint\",\"urlTemplate\":\"https:\/\/radiojingles24.com\/?s={search_term_string}\"},\"query-input\":{\"@type\":\"PropertyValueSpecification\",\"valueRequired\":true,\"valueName\":\"search_term_string\"}}],\"inLanguage\":\"it-IT\"},{\"@type\":\"Organization\",\"@id\":\"https:\/\/radiojingles24.com\/#organization\",\"name\":\"Radio Jingles 24\",\"url\":\"https:\/\/radiojingles24.com\/\",\"logo\":{\"@type\":\"ImageObject\",\"inLanguage\":\"it-IT\",\"@id\":\"https:\/\/radiojingles24.com\/#\/schema\/logo\/image\/\",\"url\":\"https:\/\/radiojingles24.com\/wp-content\/uploads\/2019\/11\/RadioJingle1-1.jpg\",\"contentUrl\":\"https:\/\/radiojingles24.com\/wp-content\/uploads\/2019\/11\/RadioJingle1-1.jpg\",\"width\":512,\"height\":158,\"caption\":\"Radio Jingles 24\"},\"image\":{\"@id\":\"https:\/\/radiojingles24.com\/#\/schema\/logo\/image\/\"},\"sameAs\":[\"https:\/\/www.facebook.com\/radiojingles24\/\",\"https:\/\/x.com\/radiojingles24\"]}]}<\/script>\n<!-- \/ Yoast SEO plugin. -->","yoast_head_json":{"title":"Radio Jingles 24: Radio Jingles | DJ Drops | Introduzione ai podcast | Jingles cantati","description":"Jingles radiofonici, Jingles cantati, DJ Drops e Podcast Intro per stazioni radio commerciali, comunitarie e Internet. Con sede nel Regno Unito. Prezzi a partire da \u00a3 5. Ordinare on-line.","robots":{"index":"index","follow":"follow","max-snippet":"max-snippet:-1","max-image-preview":"max-image-preview:large","max-video-preview":"max-video-preview:-1"},"canonical":"https:\/\/radiojingles24.com\/it\/radio-jingle-for-your-radio-station\/","og_locale":"it_IT","og_type":"article","og_title":"Radio Jingles 24: Radio Jingles | DJ Drops | Podcast Intros | Sung Jingles","og_description":"Radio Jingles, Sung Jingles, DJ Drops, and Podcast Intros for commercial, community and internet radio stations. UK Based. Prices from \u00a35. Order online.","og_url":"https:\/\/radiojingles24.com\/it\/radio-jingle-for-your-radio-station\/","og_site_name":"Radio Jingles 24: Radio Jingles | DJ Drops | Podcast Intros | Sung Jingles","article_publisher":"https:\/\/www.facebook.com\/radiojingles24\/","article_modified_time":"2022-06-17T08:08:39+00:00","twitter_card":"summary_large_image","twitter_site":"@radiojingles24","twitter_misc":{"Tempo di lettura stimato":"4 minuti"},"schema":{"@context":"https:\/\/schema.org","@graph":[{"@type":"WebPage","@id":"https:\/\/radiojingles24.com\/fr\/radio-jingle-for-your-radio-station\/","url":"https:\/\/radiojingles24.com\/fr\/radio-jingle-for-your-radio-station\/","name":"Radio Jingles 24: Radio Jingles | DJ Drops | Introduzione ai podcast | Jingles cantati","isPartOf":{"@id":"https:\/\/radiojingles24.com\/#website"},"datePublished":"2022-06-16T08:07:26+00:00","dateModified":"2022-06-17T08:08:39+00:00","description":"Jingles radiofonici, Jingles cantati, DJ Drops e Podcast Intro per stazioni radio commerciali, comunitarie e Internet. Con sede nel Regno Unito. Prezzi a partire da \u00a3 5. Ordinare on-line.","breadcrumb":{"@id":"https:\/\/radiojingles24.com\/fr\/radio-jingle-for-your-radio-station\/#breadcrumb"},"inLanguage":"it-IT","potentialAction":[{"@type":"ReadAction","target":["https:\/\/radiojingles24.com\/fr\/radio-jingle-for-your-radio-station\/"]}]},{"@type":"BreadcrumbList","@id":"https:\/\/radiojingles24.com\/fr\/radio-jingle-for-your-radio-station\/#breadcrumb","itemListElement":[{"@type":"ListItem","position":1,"name":"Home","item":"https:\/\/radiojingles24.com\/de\/"},{"@type":"ListItem","position":2,"name":"The Benefits of Having a Catchy Radio Jingle for your Radio Station"}]},{"@type":"WebSite","@id":"https:\/\/radiojingles24.com\/#website","url":"https:\/\/radiojingles24.com\/","name":"Radio Jingles 24: Radio Jingles | DJ Drops | Introduzione ai podcast | Jingles cantati","description":"Jingles radiofonici, Jingles cantati, DJ Drops e Podcast Intro per stazioni radio commerciali, comunitarie e Internet. Con sede nel Regno Unito. Prezzi a partire da \u00a3 5. Ordinare on-line.","publisher":{"@id":"https:\/\/radiojingles24.com\/#organization"},"potentialAction":[{"@type":"SearchAction","target":{"@type":"EntryPoint","urlTemplate":"https:\/\/radiojingles24.com\/?s={search_term_string}"},"query-input":{"@type":"PropertyValueSpecification","valueRequired":true,"valueName":"search_term_string"}}],"inLanguage":"it-IT"},{"@type":"Organization","@id":"https:\/\/radiojingles24.com\/#organization","name":"Jingle radio 24","url":"https:\/\/radiojingles24.com\/","logo":{"@type":"ImageObject","inLanguage":"it-IT","@id":"https:\/\/radiojingles24.com\/#\/schema\/logo\/image\/","url":"https:\/\/radiojingles24.com\/wp-content\/uploads\/2019\/11\/RadioJingle1-1.jpg","contentUrl":"https:\/\/radiojingles24.com\/wp-content\/uploads\/2019\/11\/RadioJingle1-1.jpg","width":512,"height":158,"caption":"Radio Jingles 24"},"image":{"@id":"https:\/\/radiojingles24.com\/#\/schema\/logo\/image\/"},"sameAs":["https:\/\/www.facebook.com\/radiojingles24\/","https:\/\/x.com\/radiojingles24"]}]}},"jetpack_sharing_enabled":true,"_links":{"self":[{"href":"https:\/\/radiojingles24.com\/it\/wp-json\/wp\/v2\/pages\/93895","targetHints":{"allow":["GET"]}}],"collection":[{"href":"https:\/\/radiojingles24.com\/it\/wp-json\/wp\/v2\/pages"}],"about":[{"href":"https:\/\/radiojingles24.com\/it\/wp-json\/wp\/v2\/types\/page"}],"author":[{"embeddable":true,"href":"https:\/\/radiojingles24.com\/it\/wp-json\/wp\/v2\/users\/1"}],"replies":[{"embeddable":true,"href":"https:\/\/radiojingles24.com\/it\/wp-json\/wp\/v2\/comments?post=93895"}],"version-history":[{"count":1,"href":"https:\/\/radiojingles24.com\/it\/wp-json\/wp\/v2\/pages\/93895\/revisions"}],"predecessor-version":[{"id":93896,"href":"https:\/\/radiojingles24.com\/it\/wp-json\/wp\/v2\/pages\/93895\/revisions\/93896"}],"wp:attachment":[{"href":"https:\/\/radiojingles24.com\/it\/wp-json\/wp\/v2\/media?parent=93895"}],"curies":[{"name":"wp","href":"https:\/\/api.w.org\/{rel}","templated":true}]}}