{"id":13816,"date":"2020-01-31T18:52:44","date_gmt":"2020-01-31T18:52:44","guid":{"rendered":"https:\/\/radiojingles24.com\/product\/short-sleeve-unisex-t-shirt\/"},"modified":"2024-07-20T14:16:37","modified_gmt":"2024-07-20T14:16:37","slug":"short-sleeve-unisex-t-shirt","status":"publish","type":"product","link":"https:\/\/radiojingles24.com\/it\/prodotto\/short-sleeve-unisex-t-shirt\/","title":{"rendered":"T-shirt unisex a manica corta"},"content":{"rendered":"<p>Ora hai trovato la t-shirt base del tuo guardaroba e stai supportando Radio Jingles 24 comprando del merchandising ufficiale!<\/p>\n<p>\u00c8 fatto di un cotone pi\u00f9 spesso e pesante, ma \u00e8 comunque morbido e comodo. E le doppie cuciture sulla scollatura e sulle maniche aggiungono pi\u00f9 resistenza a quello che sar\u00e0 sicuramente uno dei preferiti!  <\/p>\n<p>\u2022 100% cotone filato ad anello<br \/>\n\u2022 Il grigio Sport \u00e8 cotone ring-spun 90%, poliestere 10%<br \/>\n\u2022 L&#039;erica scura \u00e8 poliestere 65%, cotone 35%<br \/>\n\u2022 4.5 once\/a\u00b2 (153 g\/m\u00b2)<br \/>\n\u2022 Pre-ristretto<br \/>\n\u2022 Taping da spalla a spalla<br \/>\n\u2022 Un quarto di giro per evitare pieghe al centro<\/p>","protected":false},"excerpt":{"rendered":"<p>Ora hai trovato la t-shirt di base del tuo guardaroba e stai supportando l&#039;acquisto di Radio Jingles 24 acquistando del merchandising ufficiale! \u00c8 fatto di un pi\u00f9 spesso,...<\/p>","protected":false},"featured_media":13867,"comment_status":"open","ping_status":"closed","template":"","meta":{"_exactmetrics_skip_tracking":false,"_exactmetrics_sitenote_active":false,"_exactmetrics_sitenote_note":"","_exactmetrics_sitenote_category":0},"product_brand":[],"product_cat":[547],"product_tag":[],"class_list":{"0":"post-13816","1":"product","2":"type-product","3":"status-publish","4":"has-post-thumbnail","6":"product_cat-merch","7":"tm-no-options","9":"first","10":"instock","11":"taxable","12":"shipping-taxable","13":"purchasable","14":"product-type-variable","15":"has-default-attributes"},"yoast_head":"<!-- This site is optimized with the Yoast SEO plugin v26.8 - https:\/\/yoast.com\/product\/yoast-seo-wordpress\/ -->\n<title>Short-Sleeve Unisex T-Shirt - Radio Jingles 24: Radio Jingles | DJ Drops | Podcast Intros | Sung Jingles<\/title>\n<meta name=\"robots\" content=\"index, follow, max-snippet:-1, max-image-preview:large, max-video-preview:-1\" \/>\n<link rel=\"canonical\" href=\"https:\/\/radiojingles24.com\/it\/prodotto\/short-sleeve-unisex-t-shirt\/\" \/>\n<meta property=\"og:locale\" content=\"it_IT\" \/>\n<meta property=\"og:type\" content=\"article\" \/>\n<meta property=\"og:title\" content=\"Short-Sleeve Unisex T-Shirt - Radio Jingles 24: Radio Jingles | DJ Drops | Podcast Intros | Sung Jingles\" \/>\n<meta property=\"og:description\" content=\"You&#8217;ve now found the staple t-shirt of your wardrobe, and you&#8217;re supporting Radio Jingles 24 buy buying some official merchandise! It&#8217;s made of a thicker,...\" \/>\n<meta property=\"og:url\" content=\"https:\/\/radiojingles24.com\/it\/prodotto\/short-sleeve-unisex-t-shirt\/\" \/>\n<meta property=\"og:site_name\" content=\"Radio Jingles 24: Radio Jingles | DJ Drops | Podcast Intros | Sung Jingles\" \/>\n<meta property=\"article:publisher\" content=\"https:\/\/www.facebook.com\/radiojingles24\/\" \/>\n<meta property=\"article:modified_time\" content=\"2024-07-20T14:16:37+00:00\" \/>\n<meta property=\"og:image\" content=\"https:\/\/radiojingles24.com\/wp-content\/uploads\/2020\/01\/mockup-10cd9597.jpg\" \/>\n\t<meta property=\"og:image:width\" content=\"1000\" \/>\n\t<meta property=\"og:image:height\" content=\"1000\" \/>\n\t<meta property=\"og:image:type\" content=\"image\/jpeg\" \/>\n<meta name=\"twitter:card\" content=\"summary_large_image\" \/>\n<meta name=\"twitter:site\" content=\"@radiojingles24\" \/>\n<script type=\"application\/ld+json\" class=\"yoast-schema-graph\">{\"@context\":\"https:\/\/schema.org\",\"@graph\":[{\"@type\":\"WebPage\",\"@id\":\"https:\/\/radiojingles24.com\/product\/short-sleeve-unisex-t-shirt\/\",\"url\":\"https:\/\/radiojingles24.com\/product\/short-sleeve-unisex-t-shirt\/\",\"name\":\"Short-Sleeve Unisex T-Shirt - Radio Jingles 24: Radio Jingles | DJ Drops | Podcast Intros | Sung Jingles\",\"isPartOf\":{\"@id\":\"https:\/\/radiojingles24.com\/#website\"},\"primaryImageOfPage\":{\"@id\":\"https:\/\/radiojingles24.com\/product\/short-sleeve-unisex-t-shirt\/#primaryimage\"},\"image\":{\"@id\":\"https:\/\/radiojingles24.com\/product\/short-sleeve-unisex-t-shirt\/#primaryimage\"},\"thumbnailUrl\":\"https:\/\/radiojingles24.com\/wp-content\/uploads\/2020\/01\/mockup-10cd9597.jpg\",\"datePublished\":\"2020-01-31T18:52:44+00:00\",\"dateModified\":\"2024-07-20T14:16:37+00:00\",\"breadcrumb\":{\"@id\":\"https:\/\/radiojingles24.com\/product\/short-sleeve-unisex-t-shirt\/#breadcrumb\"},\"inLanguage\":\"it-IT\",\"potentialAction\":[{\"@type\":\"ReadAction\",\"target\":[\"https:\/\/radiojingles24.com\/product\/short-sleeve-unisex-t-shirt\/\"]}]},{\"@type\":\"ImageObject\",\"inLanguage\":\"it-IT\",\"@id\":\"https:\/\/radiojingles24.com\/product\/short-sleeve-unisex-t-shirt\/#primaryimage\",\"url\":\"https:\/\/radiojingles24.com\/wp-content\/uploads\/2020\/01\/mockup-10cd9597.jpg\",\"contentUrl\":\"https:\/\/radiojingles24.com\/wp-content\/uploads\/2020\/01\/mockup-10cd9597.jpg\",\"width\":1000,\"height\":1000},{\"@type\":\"BreadcrumbList\",\"@id\":\"https:\/\/radiojingles24.com\/product\/short-sleeve-unisex-t-shirt\/#breadcrumb\",\"itemListElement\":[{\"@type\":\"ListItem\",\"position\":1,\"name\":\"Home\",\"item\":\"https:\/\/radiojingles24.com\/de\/\"},{\"@type\":\"ListItem\",\"position\":2,\"name\":\"Produits\",\"item\":\"https:\/\/radiojingles24.com\/fr\/shop\/\"},{\"@type\":\"ListItem\",\"position\":3,\"name\":\"Short-Sleeve Unisex T-Shirt\"}]},{\"@type\":\"WebSite\",\"@id\":\"https:\/\/radiojingles24.com\/#website\",\"url\":\"https:\/\/radiojingles24.com\/\",\"name\":\"Radio Jingles 24: Radio Jingles | DJ Drops | Podcast Intros | Sung Jingles\",\"description\":\"Radio Jingles, Sung Jingles, DJ Drops, and Podcast Intros for commercial, community and internet radio stations. UK Based. Prices from \u00a35. Order online.\",\"publisher\":{\"@id\":\"https:\/\/radiojingles24.com\/#organization\"},\"potentialAction\":[{\"@type\":\"SearchAction\",\"target\":{\"@type\":\"EntryPoint\",\"urlTemplate\":\"https:\/\/radiojingles24.com\/?s={search_term_string}\"},\"query-input\":{\"@type\":\"PropertyValueSpecification\",\"valueRequired\":true,\"valueName\":\"search_term_string\"}}],\"inLanguage\":\"it-IT\"},{\"@type\":\"Organization\",\"@id\":\"https:\/\/radiojingles24.com\/#organization\",\"name\":\"Radio Jingles 24\",\"url\":\"https:\/\/radiojingles24.com\/\",\"logo\":{\"@type\":\"ImageObject\",\"inLanguage\":\"it-IT\",\"@id\":\"https:\/\/radiojingles24.com\/#\/schema\/logo\/image\/\",\"url\":\"https:\/\/radiojingles24.com\/wp-content\/uploads\/2019\/11\/RadioJingle1-1.jpg\",\"contentUrl\":\"https:\/\/radiojingles24.com\/wp-content\/uploads\/2019\/11\/RadioJingle1-1.jpg\",\"width\":512,\"height\":158,\"caption\":\"Radio Jingles 24\"},\"image\":{\"@id\":\"https:\/\/radiojingles24.com\/#\/schema\/logo\/image\/\"},\"sameAs\":[\"https:\/\/www.facebook.com\/radiojingles24\/\",\"https:\/\/x.com\/radiojingles24\"]}]}<\/script>\n<!-- \/ Yoast SEO plugin. -->","yoast_head_json":{"title":"Maglietta unisex a maniche corte - Radio Jingles 24: Radio Jingles | DJ Drops | Intro podcast | Jingles cantati","robots":{"index":"index","follow":"follow","max-snippet":"max-snippet:-1","max-image-preview":"max-image-preview:large","max-video-preview":"max-video-preview:-1"},"canonical":"https:\/\/radiojingles24.com\/it\/prodotto\/short-sleeve-unisex-t-shirt\/","og_locale":"it_IT","og_type":"article","og_title":"Short-Sleeve Unisex T-Shirt - Radio Jingles 24: Radio Jingles | DJ Drops | Podcast Intros | Sung Jingles","og_description":"You&#8217;ve now found the staple t-shirt of your wardrobe, and you&#8217;re supporting Radio Jingles 24 buy buying some official merchandise! It&#8217;s made of a thicker,...","og_url":"https:\/\/radiojingles24.com\/it\/prodotto\/short-sleeve-unisex-t-shirt\/","og_site_name":"Radio Jingles 24: Radio Jingles | DJ Drops | Podcast Intros | Sung Jingles","article_publisher":"https:\/\/www.facebook.com\/radiojingles24\/","article_modified_time":"2024-07-20T14:16:37+00:00","og_image":[{"width":1000,"height":1000,"url":"https:\/\/radiojingles24.com\/wp-content\/uploads\/2020\/01\/mockup-10cd9597.jpg","type":"image\/jpeg"}],"twitter_card":"summary_large_image","twitter_site":"@radiojingles24","schema":{"@context":"https:\/\/schema.org","@graph":[{"@type":"WebPage","@id":"https:\/\/radiojingles24.com\/product\/short-sleeve-unisex-t-shirt\/","url":"https:\/\/radiojingles24.com\/product\/short-sleeve-unisex-t-shirt\/","name":"Maglietta unisex a maniche corte - Radio Jingles 24: Radio Jingles | DJ Drops | Intro podcast | Jingles cantati","isPartOf":{"@id":"https:\/\/radiojingles24.com\/#website"},"primaryImageOfPage":{"@id":"https:\/\/radiojingles24.com\/product\/short-sleeve-unisex-t-shirt\/#primaryimage"},"image":{"@id":"https:\/\/radiojingles24.com\/product\/short-sleeve-unisex-t-shirt\/#primaryimage"},"thumbnailUrl":"https:\/\/radiojingles24.com\/wp-content\/uploads\/2020\/01\/mockup-10cd9597.jpg","datePublished":"2020-01-31T18:52:44+00:00","dateModified":"2024-07-20T14:16:37+00:00","breadcrumb":{"@id":"https:\/\/radiojingles24.com\/product\/short-sleeve-unisex-t-shirt\/#breadcrumb"},"inLanguage":"it-IT","potentialAction":[{"@type":"ReadAction","target":["https:\/\/radiojingles24.com\/product\/short-sleeve-unisex-t-shirt\/"]}]},{"@type":"ImageObject","inLanguage":"it-IT","@id":"https:\/\/radiojingles24.com\/product\/short-sleeve-unisex-t-shirt\/#primaryimage","url":"https:\/\/radiojingles24.com\/wp-content\/uploads\/2020\/01\/mockup-10cd9597.jpg","contentUrl":"https:\/\/radiojingles24.com\/wp-content\/uploads\/2020\/01\/mockup-10cd9597.jpg","width":1000,"height":1000},{"@type":"BreadcrumbList","@id":"https:\/\/radiojingles24.com\/product\/short-sleeve-unisex-t-shirt\/#breadcrumb","itemListElement":[{"@type":"ListItem","position":1,"name":"Home","item":"https:\/\/radiojingles24.com\/de\/"},{"@type":"ListItem","position":2,"name":"Produits","item":"https:\/\/radiojingles24.com\/fr\/shop\/"},{"@type":"ListItem","position":3,"name":"Short-Sleeve Unisex T-Shirt"}]},{"@type":"WebSite","@id":"https:\/\/radiojingles24.com\/#website","url":"https:\/\/radiojingles24.com\/","name":"Radio Jingles 24: Radio Jingles | DJ Drops | Introduzione ai podcast | Jingles cantati","description":"Jingles radiofonici, Jingles cantati, DJ Drops e Podcast Intro per stazioni radio commerciali, comunitarie e Internet. Con sede nel Regno Unito. Prezzi a partire da \u00a3 5. Ordinare on-line.","publisher":{"@id":"https:\/\/radiojingles24.com\/#organization"},"potentialAction":[{"@type":"SearchAction","target":{"@type":"EntryPoint","urlTemplate":"https:\/\/radiojingles24.com\/?s={search_term_string}"},"query-input":{"@type":"PropertyValueSpecification","valueRequired":true,"valueName":"search_term_string"}}],"inLanguage":"it-IT"},{"@type":"Organization","@id":"https:\/\/radiojingles24.com\/#organization","name":"Jingle radio 24","url":"https:\/\/radiojingles24.com\/","logo":{"@type":"ImageObject","inLanguage":"it-IT","@id":"https:\/\/radiojingles24.com\/#\/schema\/logo\/image\/","url":"https:\/\/radiojingles24.com\/wp-content\/uploads\/2019\/11\/RadioJingle1-1.jpg","contentUrl":"https:\/\/radiojingles24.com\/wp-content\/uploads\/2019\/11\/RadioJingle1-1.jpg","width":512,"height":158,"caption":"Radio Jingles 24"},"image":{"@id":"https:\/\/radiojingles24.com\/#\/schema\/logo\/image\/"},"sameAs":["https:\/\/www.facebook.com\/radiojingles24\/","https:\/\/x.com\/radiojingles24"]}]}},"jetpack_sharing_enabled":true,"_links":{"self":[{"href":"https:\/\/radiojingles24.com\/it\/wp-json\/wp\/v2\/product\/13816","targetHints":{"allow":["GET"]}}],"collection":[{"href":"https:\/\/radiojingles24.com\/it\/wp-json\/wp\/v2\/product"}],"about":[{"href":"https:\/\/radiojingles24.com\/it\/wp-json\/wp\/v2\/types\/product"}],"replies":[{"embeddable":true,"href":"https:\/\/radiojingles24.com\/it\/wp-json\/wp\/v2\/comments?post=13816"}],"wp:featuredmedia":[{"embeddable":true,"href":"https:\/\/radiojingles24.com\/it\/wp-json\/wp\/v2\/media\/13867"}],"wp:attachment":[{"href":"https:\/\/radiojingles24.com\/it\/wp-json\/wp\/v2\/media?parent=13816"}],"wp:term":[{"taxonomy":"product_brand","embeddable":true,"href":"https:\/\/radiojingles24.com\/it\/wp-json\/wp\/v2\/product_brand?post=13816"},{"taxonomy":"product_cat","embeddable":true,"href":"https:\/\/radiojingles24.com\/it\/wp-json\/wp\/v2\/product_cat?post=13816"},{"taxonomy":"product_tag","embeddable":true,"href":"https:\/\/radiojingles24.com\/it\/wp-json\/wp\/v2\/product_tag?post=13816"}],"curies":[{"name":"wp","href":"https:\/\/api.w.org\/{rel}","templated":true}]}}